{"id":711153,"date":"2025-08-27T16:42:43","date_gmt":"2025-08-27T13:42:43","guid":{"rendered":"https:\/\/roveyayinevi.com.tr\/index.php\/urun\/mavra-zamani\/"},"modified":"2026-04-16T02:19:48","modified_gmt":"2026-04-15T23:19:48","slug":"mavra-zamani","status":"publish","type":"product","link":"https:\/\/roveyayinevi.com.tr\/index.php\/urun\/mavra-zamani\/","title":{"rendered":"Mavra Zaman\u0131"},"content":{"rendered":"<p>t\u00fcrk\u00e7e nadiren ayn\u0131 anda bu kadar co\u015fkulu bu kadar \u00f6fkeli bu kadar kederli ve bu kadar da ne\u015feli olmu\u015ftur   metin \u00fcst\u00fcnda\u011f\u2019\u0131 okur g\u00f6z\u00fcnde met \u00fcst s\u0131cakl\u0131\u011f\u0131na eri\u015ftiren 10 y\u0131l\u0131n eme\u011fi 45 nefis yaz\u0131 <\/p>\n","protected":false},"excerpt":{"rendered":"<p>t\u00fcrk\u00e7e nadiren ayn\u0131 anda bu kadar co\u015fkulu bu kadar \u00f6fkeli bu kadar kederli ve bu kadar da ne\u015feli olmu\u015ftur metin \u00fcst\u00fcnda\u011f\u2019\u0131 okur g\u00f6z\u00fcnde met \u00fcst s\u0131cakl\u0131\u011f\u0131na<span class=\"excerpt-hellip\"> [\u2026]<\/span><\/p>\n","protected":false},"featured_media":0,"template":"","meta":{"_monsterinsights_skip_tracking":false,"_monsterinsights_sitenote_active":false,"_monsterinsights_sitenote_note":"","_monsterinsights_sitenote_category":0},"product_brand":[],"product_cat":[12291,14825],"product_tag":[],"class_list":{"0":"post-711153","1":"product","2":"type-product","3":"status-publish","5":"product_cat-edebiyat","6":"product_cat-mizah","7":"pa_cilt-ciltsiz","8":"pa_tur-kitap","9":"pa_yayinevi-cinar-yayinlari","10":"pa_yazar-metin-ustundag","12":"first","13":"instock","14":"sale","15":"shipping-taxable","16":"purchasable","17":"product-type-simple"},"_links":{"self":[{"href":"https:\/\/roveyayinevi.com.tr\/index.php\/wp-json\/wp\/v2\/product\/711153","targetHints":{"allow":["GET"]}}],"collection":[{"href":"https:\/\/roveyayinevi.com.tr\/index.php\/wp-json\/wp\/v2\/product"}],"about":[{"href":"https:\/\/roveyayinevi.com.tr\/index.php\/wp-json\/wp\/v2\/types\/product"}],"wp:attachment":[{"href":"https:\/\/roveyayinevi.com.tr\/index.php\/wp-json\/wp\/v2\/media?parent=711153"}],"wp:term":[{"taxonomy":"product_brand","embeddable":true,"href":"https:\/\/roveyayinevi.com.tr\/index.php\/wp-json\/wp\/v2\/product_brand?post=711153"},{"taxonomy":"product_cat","embeddable":true,"href":"https:\/\/roveyayinevi.com.tr\/index.php\/wp-json\/wp\/v2\/product_cat?post=711153"},{"taxonomy":"product_tag","embeddable":true,"href":"https:\/\/roveyayinevi.com.tr\/index.php\/wp-json\/wp\/v2\/product_tag?post=711153"}],"curies":[{"name":"wp","href":"https:\/\/api.w.org\/{rel}","templated":true}]}}