{"id":711149,"date":"2025-08-27T16:42:41","date_gmt":"2025-08-27T13:42:41","guid":{"rendered":"https:\/\/roveyayinevi.com.tr\/index.php\/urun\/kozmik-dokunus-in-vitro\/"},"modified":"2026-04-16T02:19:48","modified_gmt":"2026-04-15T23:19:48","slug":"kozmik-dokunus-in-vitro","status":"publish","type":"product","link":"https:\/\/roveyayinevi.com.tr\/index.php\/urun\/kozmik-dokunus-in-vitro\/","title":{"rendered":"Kozmik Dokunu\u015f \u0130n Vitro"},"content":{"rendered":"<p>D\u00fcnyad\u0131\u015f\u0131 uygarl\u0131klar\u0131n temsilcileri, T\u00fcrkiye de dahil olmak \u00fczere, gezegenimizin her k\u00f6\u015fesinden milyonlarca bireyle nas\u0131l bir temas s\u00fcreci y\u00fcr\u00fct\u00fcyorlar? D\u00fcnyan\u0131n fark\u0131 co\u011frafyalar\u0131ndan insanlar\u0131n ya\u015fad\u0131klar\u0131 al\u0131konma deneyimlerinin ortak karakteristikleri neler? Al\u0131konanlar, ara\u00e7lar\u0131n i\u00e7i, d\u00fcnyad\u0131\u015f\u0131 varl\u0131klar ve gemide yap\u0131lan i\u015flemler hakk\u0131nda hangi detaylar\u0131 veriyorlar? D\u00fcnyad\u0131\u015f\u0131 varl\u0131klar al\u0131konanlara D\u00fcnya gezegeninin gelece\u011fiyle ilgili ne t\u00fcr mesajlar aktar\u0131yorlar? T\u00fcrkiye\u2019de ya\u015fanan \u00e7ok say\u0131da vaka bizlere hangi ipu\u00e7lar\u0131n\u0131 sunuyor? Al\u0131konanlara d\u00fcnyad\u0131\u015f\u0131 \u0131rklar aras\u0131 yeni bir t\u00fcr\u00fcn olu\u015fumunda ebeveyn rol\u00fc y\u00fckleyen yarat\u0131m operasyonunun nihai hedefleri neler? Y\u00fcr\u00fct\u00fclmekte olan melez \u0131rk projesiyle ilgili hangi bilgilere sahibiz? Mevcut d\u00fcnya ve evren g\u00f6r\u00fc\u015f\u00fcm\u00fcz\u00fcn dayand\u0131\u011f\u0131 zemini alt\u0131m\u0131zdan \u00e7eken al\u0131konma ve temas olaylar\u0131 ger\u00e7eklik alg\u0131m\u0131z\u0131 nas\u0131l darmada\u011f\u0131n ediyor? D\u00fcnyad\u0131\u015f\u0131 temaslar sonucunda ya\u015fanan ani iyile\u015fme vakalar\u0131n\u0131n ger\u00e7ek dinamikleri neler? Al\u0131konan bireylerin d\u00fcnyad\u0131\u015f\u0131 varl\u0131klarla \u00e7ocukluk \u00e7a\u011flar\u0131ndan ba\u015flayan etkile\u015fimleri bize neyi anlat\u0131yor? \u0130mplantlar\u0131n (\u00e7ipler) ola\u011fan\u00fcst\u00fc teknolojisi hakk\u0131nda neler biliyoruz? Al\u0131konan bireyler temas s\u00fcreci i\u00e7inde nas\u0131l bir ruhsal d\u00f6n\u00fc\u015f\u00fcm ge\u00e7iriyorlar? \u0130nsan geneti\u011fi \u00fczerinde y\u00fcr\u00fct\u00fclmekte olan g\u00f6rkemli operasyon Homo sapiens t\u00fcr\u00fcn\u00fcn sonu ve yeni kozmik insan\u0131n do\u011fu\u015fu anlam\u0131na m\u0131 geliyor? <\/p>\n","protected":false},"excerpt":{"rendered":"<p>D\u00fcnyad\u0131\u015f\u0131 uygarl\u0131klar\u0131n temsilcileri, T\u00fcrkiye de dahil olmak \u00fczere, gezegenimizin her k\u00f6\u015fesinden milyonlarca bireyle nas\u0131l bir temas s\u00fcreci y\u00fcr\u00fct\u00fcyorlar? D\u00fcnyan\u0131n fark\u0131 co\u011frafyalar\u0131ndan insanlar\u0131n ya\u015fad\u0131klar\u0131 al\u0131konma deneyimlerinin ortak<span class=\"excerpt-hellip\"> [\u2026]<\/span><\/p>\n","protected":false},"featured_media":0,"template":"","meta":{"_monsterinsights_skip_tracking":false,"_monsterinsights_sitenote_active":false,"_monsterinsights_sitenote_note":"","_monsterinsights_sitenote_category":0},"product_brand":[],"product_cat":[12364,16154],"product_tag":[],"class_list":{"0":"post-711149","1":"product","2":"type-product","3":"status-publish","5":"product_cat-genel-konular","6":"product_cat-parapsikoloji","7":"pa_cilt-ciltsiz","8":"pa_tur-kitap","9":"pa_yayinevi-destek-yayinlari","10":"pa_yazar-erhan-kolbasi","12":"first","13":"instock","14":"sale","15":"shipping-taxable","16":"purchasable","17":"product-type-simple"},"_links":{"self":[{"href":"https:\/\/roveyayinevi.com.tr\/index.php\/wp-json\/wp\/v2\/product\/711149","targetHints":{"allow":["GET"]}}],"collection":[{"href":"https:\/\/roveyayinevi.com.tr\/index.php\/wp-json\/wp\/v2\/product"}],"about":[{"href":"https:\/\/roveyayinevi.com.tr\/index.php\/wp-json\/wp\/v2\/types\/product"}],"wp:attachment":[{"href":"https:\/\/roveyayinevi.com.tr\/index.php\/wp-json\/wp\/v2\/media?parent=711149"}],"wp:term":[{"taxonomy":"product_brand","embeddable":true,"href":"https:\/\/roveyayinevi.com.tr\/index.php\/wp-json\/wp\/v2\/product_brand?post=711149"},{"taxonomy":"product_cat","embeddable":true,"href":"https:\/\/roveyayinevi.com.tr\/index.php\/wp-json\/wp\/v2\/product_cat?post=711149"},{"taxonomy":"product_tag","embeddable":true,"href":"https:\/\/roveyayinevi.com.tr\/index.php\/wp-json\/wp\/v2\/product_tag?post=711149"}],"curies":[{"name":"wp","href":"https:\/\/api.w.org\/{rel}","templated":true}]}}