{"id":711148,"date":"2025-08-27T16:42:40","date_gmt":"2025-08-27T13:42:40","guid":{"rendered":"https:\/\/roveyayinevi.com.tr\/index.php\/urun\/ah-sevgilim\/"},"modified":"2026-04-16T02:19:48","modified_gmt":"2026-04-15T23:19:48","slug":"ah-sevgilim","status":"publish","type":"product","link":"https:\/\/roveyayinevi.com.tr\/index.php\/urun\/ah-sevgilim\/","title":{"rendered":"Ah Sevgilim!.."},"content":{"rendered":"<p>\u00ab Seine ak\u0131yor Mirabeau K\u00f6pr\u00fcs\u00fcn\u00fcn alt\u0131ndan Ve \u015fu bizim a\u015fk\u0131m\u0131z Olur mu duras\u0131n \u015fimdi an\u0131msamadan Sevincin geldi\u011fini ancak ac\u0131n\u0131n ard\u0131ndan \u00c7alsana saat insene ey gece G\u00fcnler ge\u00e7iyor bense hep ayn\u0131 yerde Y\u00fcz y\u00fcze dural\u0131m b\u00f6yle elin elimde kals\u0131n Ve aks\u0131n dursun Sonsuz bak\u0131\u015flar dalgalar yorgun arg\u0131n K\u00f6pr\u00fcs\u00fc alt\u0131ndan kollar\u0131m\u0131z\u0131n \u00c7alsana saat insene ey gece G\u00fcnler ge\u00e7iyor bense hep ayn\u0131 yerde A\u015fklar ak\u0131p gidiyor \u015fu akarsu gibi Ak\u0131p gidiyor a\u015fklar Hayat \u00f6yle durgun \u00f6yle yava\u015f ki Ve umut nas\u0131l zorlu nas\u0131l depdeli \u00c7alsana saat insene ey gece G\u00fcnler ge\u00e7iyor bense hep ayn\u0131 yerde G\u00fcnler ge\u00e7iyor g\u00fcnler haftalar yaman Ve d\u00f6nm\u00fcyor geri Ne \u00e7\u0131k\u0131p giden a\u015fklar ne ge\u00e7en zaman Seine ak\u0131yor Mirabeau K\u00f6pr\u00fcs\u00fc\u2019n\u00fcn alt\u0131ndan \u00c7alsana saat insene ey gece G\u00fcnler ge\u00e7iyor bense hep ayn\u0131 yerde. \u00bb <\/p>\n","protected":false},"excerpt":{"rendered":"<p>\u00ab Seine ak\u0131yor Mirabeau K\u00f6pr\u00fcs\u00fcn\u00fcn alt\u0131ndan Ve \u015fu bizim a\u015fk\u0131m\u0131z Olur mu duras\u0131n \u015fimdi an\u0131msamadan Sevincin geldi\u011fini ancak ac\u0131n\u0131n ard\u0131ndan \u00c7alsana saat insene ey gece G\u00fcnler<span class=\"excerpt-hellip\"> [\u2026]<\/span><\/p>\n","protected":false},"featured_media":0,"template":"","meta":{"_monsterinsights_skip_tracking":false,"_monsterinsights_sitenote_active":false,"_monsterinsights_sitenote_note":"","_monsterinsights_sitenote_category":0},"product_brand":[],"product_cat":[12291,12509],"product_tag":[],"class_list":{"0":"post-711148","1":"product","2":"type-product","3":"status-publish","5":"product_cat-edebiyat","6":"product_cat-siir","7":"pa_cilt-ciltsiz","8":"pa_tur-kitap","9":"pa_yayinevi-islik-yayinlari","10":"pa_yazar-guillaume-apollinaire","12":"first","13":"instock","14":"sale","15":"shipping-taxable","16":"purchasable","17":"product-type-simple"},"_links":{"self":[{"href":"https:\/\/roveyayinevi.com.tr\/index.php\/wp-json\/wp\/v2\/product\/711148","targetHints":{"allow":["GET"]}}],"collection":[{"href":"https:\/\/roveyayinevi.com.tr\/index.php\/wp-json\/wp\/v2\/product"}],"about":[{"href":"https:\/\/roveyayinevi.com.tr\/index.php\/wp-json\/wp\/v2\/types\/product"}],"wp:attachment":[{"href":"https:\/\/roveyayinevi.com.tr\/index.php\/wp-json\/wp\/v2\/media?parent=711148"}],"wp:term":[{"taxonomy":"product_brand","embeddable":true,"href":"https:\/\/roveyayinevi.com.tr\/index.php\/wp-json\/wp\/v2\/product_brand?post=711148"},{"taxonomy":"product_cat","embeddable":true,"href":"https:\/\/roveyayinevi.com.tr\/index.php\/wp-json\/wp\/v2\/product_cat?post=711148"},{"taxonomy":"product_tag","embeddable":true,"href":"https:\/\/roveyayinevi.com.tr\/index.php\/wp-json\/wp\/v2\/product_tag?post=711148"}],"curies":[{"name":"wp","href":"https:\/\/api.w.org\/{rel}","templated":true}]}}