{"id":711144,"date":"2025-08-27T16:42:38","date_gmt":"2025-08-27T13:42:38","guid":{"rendered":"https:\/\/roveyayinevi.com.tr\/index.php\/urun\/ripleys-ister-inan-ister-inanma-garipliklere-acilan-kapi\/"},"modified":"2026-04-16T02:19:48","modified_gmt":"2026-04-15T23:19:48","slug":"ripleys-ister-inan-ister-inanma-garipliklere-acilan-kapi","status":"publish","type":"product","link":"https:\/\/roveyayinevi.com.tr\/index.php\/urun\/ripleys-ister-inan-ister-inanma-garipliklere-acilan-kapi\/","title":{"rendered":"Ripley\u2019s \u0130ster \u0130nan \u0130ster \u0130nanma Garipliklere A\u00e7\u0131lan Kap\u0131"},"content":{"rendered":"<p>%100 YEN\u0130 bilgiler ve foto\u011fraflarla,d\u00fcnyan\u0131n d\u00f6rt bir yan\u0131nda kay\u0131tlara ge\u00e7en, birbirinden \u00e7\u0131lg\u0131n tuhafl\u0131klar bir kitapta topland\u0131. \u0130\u015fte kar\u015f\u0131n\u0131zda Ripley\u2019s \u0130ster \u0130nan \u0130ster \u0130nanma Garipliklere A\u00e7\u0131lan Kap\u0131.   Tuhaf becerilerden, garip yiyeceklere, acayip hayvanlardanak\u0131l almaz sanat \u00fcr\u00fcnlerine kadar, Ripley&#8217;in hik\u00e2yelerini ve foto\u011fraflar\u0131n\u0131ba\u015fka hi\u00e7bir yerde bulamazs\u0131n\u0131z. \u0130nan\u0131lmaz derecede garip tuhafl\u0131klar\u0131 ke\u015ffedecek, her sayfada tekrar tekrar \u015fa\u015fk\u0131na d\u00f6neceksiniz. Bu kitap, her ya\u015ftan okur i\u00e7in inan\u0131lmaz bir heyecan sunuyor:   Suyun \u00fczerinde y\u00fcr\u00fcyen bir rahip! Sadece kum yiyen bir kad\u0131n! Be\u015f a\u011f\u0131zl\u0131 do\u011fan bir buza\u011f\u0131!   Hepsi birbirinden ger\u00e7ek, \u00e7ok daha fazla tuhafl\u0131k! <\/p>\n","protected":false},"excerpt":{"rendered":"<p>%100 YEN\u0130 bilgiler ve foto\u011fraflarla,d\u00fcnyan\u0131n d\u00f6rt bir yan\u0131nda kay\u0131tlara ge\u00e7en, birbirinden \u00e7\u0131lg\u0131n tuhafl\u0131klar bir kitapta topland\u0131. \u0130\u015fte kar\u015f\u0131n\u0131zda Ripley\u2019s \u0130ster \u0130nan \u0130ster \u0130nanma Garipliklere A\u00e7\u0131lan Kap\u0131.<span class=\"excerpt-hellip\"> [\u2026]<\/span><\/p>\n","protected":false},"featured_media":0,"template":"","meta":{"_monsterinsights_skip_tracking":false,"_monsterinsights_sitenote_active":false,"_monsterinsights_sitenote_note":"","_monsterinsights_sitenote_category":0},"product_brand":[],"product_cat":[15350],"product_tag":[],"class_list":{"0":"post-711144","1":"product","2":"type-product","3":"status-publish","5":"product_cat-hukuk","6":"pa_cilt-ciltli","7":"pa_tur-kitap","8":"pa_yayinevi-beta-kids","9":"pa_yazar-kollektif","11":"first","12":"instock","13":"sale","14":"shipping-taxable","15":"purchasable","16":"product-type-simple"},"_links":{"self":[{"href":"https:\/\/roveyayinevi.com.tr\/index.php\/wp-json\/wp\/v2\/product\/711144","targetHints":{"allow":["GET"]}}],"collection":[{"href":"https:\/\/roveyayinevi.com.tr\/index.php\/wp-json\/wp\/v2\/product"}],"about":[{"href":"https:\/\/roveyayinevi.com.tr\/index.php\/wp-json\/wp\/v2\/types\/product"}],"wp:attachment":[{"href":"https:\/\/roveyayinevi.com.tr\/index.php\/wp-json\/wp\/v2\/media?parent=711144"}],"wp:term":[{"taxonomy":"product_brand","embeddable":true,"href":"https:\/\/roveyayinevi.com.tr\/index.php\/wp-json\/wp\/v2\/product_brand?post=711144"},{"taxonomy":"product_cat","embeddable":true,"href":"https:\/\/roveyayinevi.com.tr\/index.php\/wp-json\/wp\/v2\/product_cat?post=711144"},{"taxonomy":"product_tag","embeddable":true,"href":"https:\/\/roveyayinevi.com.tr\/index.php\/wp-json\/wp\/v2\/product_tag?post=711144"}],"curies":[{"name":"wp","href":"https:\/\/api.w.org\/{rel}","templated":true}]}}