{"id":711137,"date":"2025-08-27T16:42:35","date_gmt":"2025-08-27T13:42:35","guid":{"rendered":"https:\/\/roveyayinevi.com.tr\/index.php\/urun\/dunden-bugune-kulturel-miras-ve-koruma\/"},"modified":"2026-04-16T02:19:48","modified_gmt":"2026-04-15T23:19:48","slug":"dunden-bugune-kulturel-miras-ve-koruma","status":"publish","type":"product","link":"https:\/\/roveyayinevi.com.tr\/index.php\/urun\/dunden-bugune-kulturel-miras-ve-koruma\/","title":{"rendered":"D\u00fcnden Bug\u00fcne K\u00fclt\u00fcrel Miras Ve Koruma"},"content":{"rendered":"<p>B\u00f6l\u00fcm 1  K\u00fclt\u00fcrel Miras kavram\u0131 ve tarihsel \u00e7evre korumas\u0131n\u0131 \u00f6nemi   B\u00f6l\u00fcm 2  Eski Ankara ve Ulus Tarihi Kent Merkezi   B\u00f6l\u00fcm 3 Perge Arkeolojik sit Alan\u0131 Koruma Planlama \u00c7al\u0131\u015fmalar\u0131   B\u00f6l\u00fcm 4  Patara \u00d6zel \u00c7evre Koruma B\u00f6lgesi ve Gelemi\u015f Do\u011fal ve Arkeolojik Sit Alanlar\u0131   B\u00f6l\u00fcm 5  Gap B\u00f6lgesi ( \u015eanl\u0131urfa ve Mardin, Diyarbak\u0131r Korumaya Y\u00f6nelik Planlama  \u00c7al\u0131\u015fmalar\u0131 ) <\/p>\n","protected":false},"excerpt":{"rendered":"<p>B\u00f6l\u00fcm 1 K\u00fclt\u00fcrel Miras kavram\u0131 ve tarihsel \u00e7evre korumas\u0131n\u0131 \u00f6nemi B\u00f6l\u00fcm 2 Eski Ankara ve Ulus Tarihi Kent Merkezi B\u00f6l\u00fcm 3 Perge Arkeolojik sit Alan\u0131 Koruma<span class=\"excerpt-hellip\"> [\u2026]<\/span><\/p>\n","protected":false},"featured_media":0,"template":"","meta":{"_monsterinsights_skip_tracking":false,"_monsterinsights_sitenote_active":false,"_monsterinsights_sitenote_note":"","_monsterinsights_sitenote_category":0},"product_brand":[],"product_cat":[15351,15350],"product_tag":[],"class_list":{"0":"post-711137","1":"product","2":"type-product","3":"status-publish","5":"product_cat-ders-kitaplari","6":"product_cat-hukuk","7":"pa_cilt-ciltli","8":"pa_tur-kitap","9":"pa_yayinevi-gazi-kitabevi","10":"pa_yazar-mehmet-tuncer","12":"first","13":"instock","14":"sale","15":"shipping-taxable","16":"purchasable","17":"product-type-simple"},"_links":{"self":[{"href":"https:\/\/roveyayinevi.com.tr\/index.php\/wp-json\/wp\/v2\/product\/711137","targetHints":{"allow":["GET"]}}],"collection":[{"href":"https:\/\/roveyayinevi.com.tr\/index.php\/wp-json\/wp\/v2\/product"}],"about":[{"href":"https:\/\/roveyayinevi.com.tr\/index.php\/wp-json\/wp\/v2\/types\/product"}],"wp:attachment":[{"href":"https:\/\/roveyayinevi.com.tr\/index.php\/wp-json\/wp\/v2\/media?parent=711137"}],"wp:term":[{"taxonomy":"product_brand","embeddable":true,"href":"https:\/\/roveyayinevi.com.tr\/index.php\/wp-json\/wp\/v2\/product_brand?post=711137"},{"taxonomy":"product_cat","embeddable":true,"href":"https:\/\/roveyayinevi.com.tr\/index.php\/wp-json\/wp\/v2\/product_cat?post=711137"},{"taxonomy":"product_tag","embeddable":true,"href":"https:\/\/roveyayinevi.com.tr\/index.php\/wp-json\/wp\/v2\/product_tag?post=711137"}],"curies":[{"name":"wp","href":"https:\/\/api.w.org\/{rel}","templated":true}]}}