{"id":711136,"date":"2025-08-27T16:42:34","date_gmt":"2025-08-27T13:42:34","guid":{"rendered":"https:\/\/roveyayinevi.com.tr\/index.php\/urun\/kafadan-yumurta-5-karizma-yerle-bir\/"},"modified":"2026-04-16T02:19:48","modified_gmt":"2026-04-15T23:19:48","slug":"kafadan-yumurta-5-karizma-yerle-bir","status":"publish","type":"product","link":"https:\/\/roveyayinevi.com.tr\/index.php\/urun\/kafadan-yumurta-5-karizma-yerle-bir\/","title":{"rendered":"Kafadan Yumurta 5 &#8211; Karizma Yerle Bir"},"content":{"rendered":"<p>Durmu\u015f baz\u0131 zamanlar sa\u00e7malasa da \u00e7o\u011fu zaman beni destekler. \u2013 Sence ben ba\u015far\u0131l\u0131 biri miyim, diye sordum. \u2013 Elbette ba\u015far\u0131l\u0131s\u0131n, dedi. Sen koskoca KAFADAN YUMURTA gazetesinin yay\u0131n y\u00f6netmenisin. Senin \u00e7\u0131kard\u0131\u011f\u0131n gazete cumhurba\u015fkan\u0131na bile gidiyor. Durmu\u015f\u2019tan ald\u0131\u011f\u0131m gazla mahallede dola\u015fmaya karar verdim. Be\u015f-on dakika gezindikten sonra parka girdim. Birden iki \u00e7ocu\u011fun, bir \u00e7ocu\u011fu d\u00f6vmek \u00fczere olduklar\u0131n\u0131 g\u00f6rd\u00fcm. Yalan yok, \u00f6nce korktum. \u2013 Hey b\u0131rak\u0131n onu, diye ba\u011f\u0131rd\u0131m. Birden durup bana d\u00f6nd\u00fcler. \u2013 Tamam b\u0131rak\u0131r\u0131z. Fakat onun yerine seni d\u00f6veriz, dediler. K\u0131sa boylu, \u00e7elimsiz olan beni bir harekette yere yat\u0131rd\u0131. \u2013 \u00dc\u00e7 kere bana abi dersen affederim seni, dedi. \u2013 Abi abi abi! <\/p>\n","protected":false},"excerpt":{"rendered":"<p>Durmu\u015f baz\u0131 zamanlar sa\u00e7malasa da \u00e7o\u011fu zaman beni destekler. \u2013 Sence ben ba\u015far\u0131l\u0131 biri miyim, diye sordum. \u2013 Elbette ba\u015far\u0131l\u0131s\u0131n, dedi. Sen koskoca KAFADAN YUMURTA gazetesinin<span class=\"excerpt-hellip\"> [\u2026]<\/span><\/p>\n","protected":false},"featured_media":0,"template":"","meta":{"_monsterinsights_skip_tracking":false,"_monsterinsights_sitenote_active":false,"_monsterinsights_sitenote_note":"","_monsterinsights_sitenote_category":0},"product_brand":[],"product_cat":[12275,12274],"product_tag":[],"class_list":{"0":"post-711136","1":"product","2":"type-product","3":"status-publish","5":"product_cat-6-12-yas-kitaplari","6":"product_cat-cocuk-ve-genclik-kitaplari","7":"pa_cilt-ciltsiz","8":"pa_tur-kitap","9":"pa_yayinevi-ugurbocegi-yayinlari","10":"pa_yazar-yusuf-asal","12":"first","13":"instock","14":"sale","15":"shipping-taxable","16":"purchasable","17":"product-type-simple"},"_links":{"self":[{"href":"https:\/\/roveyayinevi.com.tr\/index.php\/wp-json\/wp\/v2\/product\/711136","targetHints":{"allow":["GET"]}}],"collection":[{"href":"https:\/\/roveyayinevi.com.tr\/index.php\/wp-json\/wp\/v2\/product"}],"about":[{"href":"https:\/\/roveyayinevi.com.tr\/index.php\/wp-json\/wp\/v2\/types\/product"}],"wp:attachment":[{"href":"https:\/\/roveyayinevi.com.tr\/index.php\/wp-json\/wp\/v2\/media?parent=711136"}],"wp:term":[{"taxonomy":"product_brand","embeddable":true,"href":"https:\/\/roveyayinevi.com.tr\/index.php\/wp-json\/wp\/v2\/product_brand?post=711136"},{"taxonomy":"product_cat","embeddable":true,"href":"https:\/\/roveyayinevi.com.tr\/index.php\/wp-json\/wp\/v2\/product_cat?post=711136"},{"taxonomy":"product_tag","embeddable":true,"href":"https:\/\/roveyayinevi.com.tr\/index.php\/wp-json\/wp\/v2\/product_tag?post=711136"}],"curies":[{"name":"wp","href":"https:\/\/api.w.org\/{rel}","templated":true}]}}