{"id":711135,"date":"2025-08-27T16:42:33","date_gmt":"2025-08-27T13:42:33","guid":{"rendered":"https:\/\/roveyayinevi.com.tr\/index.php\/urun\/kafadan-yumurta-4-cakma-dedektif\/"},"modified":"2026-04-06T02:31:25","modified_gmt":"2026-04-05T23:31:25","slug":"kafadan-yumurta-4-cakma-dedektif","status":"publish","type":"product","link":"https:\/\/roveyayinevi.com.tr\/index.php\/urun\/kafadan-yumurta-4-cakma-dedektif\/","title":{"rendered":"Kafadan Yumurta 4 &#8211; \u00c7akma Dedektif"},"content":{"rendered":"<p>Durmu\u015f\u2019la s\u00fcper ikili olmu\u015ftuk. Amac\u0131m\u0131z k\u00f6t\u00fc insanlar\u0131 yakalamakt\u0131. Durmu\u015f g\u00f6zlerini k\u0131st\u0131. Yava\u015f\u00e7a etrafa bakt\u0131. Ard\u0131ndan kula\u011f\u0131ma f\u0131s\u0131ldad\u0131: \u2013 Su\u00e7lu garson. Onu yere \u00e7\u00f6p atarken g\u00f6rd\u00fcm. \u2013 \u0130nsan \u00e7\u00f6p at\u0131yor diye su\u00e7lanmaz. Daha b\u00fcy\u00fck bir su\u00e7u olmal\u0131. Ka\u015flar\u0131n\u0131 \u00e7att\u0131 ve \u015f\u00f6yle dedi: \u2013 Bak \u015fimdi! Bir \u00e7ivi bir nal\u0131, bir nal bir at\u0131, bir at bir s\u00fcvariyi kurtar\u0131r. Bir s\u00fcvari bir haberi ula\u015ft\u0131r\u0131r. Bir haber de sava\u015f\u0131n sonucunu de\u011fi\u015ftirir. Mant\u0131kl\u0131yd\u0131. Hemen bir plan yapt\u0131m. Amac\u0131m garson hakk\u0131nda daha fazla bilgi toplamakt\u0131. Bir masaya ge\u00e7tim ve oturdum. Herkes kendi i\u015fiyle me\u015fguld\u00fc. Garson zay\u0131f, sessiz ve donuk bak\u0131\u015fl\u0131 biriydi. G\u00f6mle\u011finde de k\u00fc\u00e7\u00fck bir \u00e7ekirge resmi vard\u0131. San\ufffd \ufffdr\u0131m \u00f6rg\u00fctlerinin sembol\u00fcyd\u00fc. Belki de \u00f6rg\u00fct\u00fcn ad\u0131 Katil \u00c7ekirgeler Grubu\u2019ydu. <\/p>\n","protected":false},"excerpt":{"rendered":"<p>Durmu\u015f\u2019la s\u00fcper ikili olmu\u015ftuk. Amac\u0131m\u0131z k\u00f6t\u00fc insanlar\u0131 yakalamakt\u0131. Durmu\u015f g\u00f6zlerini k\u0131st\u0131. Yava\u015f\u00e7a etrafa bakt\u0131. Ard\u0131ndan kula\u011f\u0131ma f\u0131s\u0131ldad\u0131: \u2013 Su\u00e7lu garson. Onu yere \u00e7\u00f6p atarken g\u00f6rd\u00fcm. \u2013<span class=\"excerpt-hellip\"> [\u2026]<\/span><\/p>\n","protected":false},"featured_media":0,"template":"","meta":{"_monsterinsights_skip_tracking":false,"_monsterinsights_sitenote_active":false,"_monsterinsights_sitenote_note":"","_monsterinsights_sitenote_category":0},"product_brand":[],"product_cat":[12275,12274],"product_tag":[],"class_list":{"0":"post-711135","1":"product","2":"type-product","3":"status-publish","5":"product_cat-6-12-yas-kitaplari","6":"product_cat-cocuk-ve-genclik-kitaplari","7":"pa_cilt-ciltsiz","8":"pa_tur-kitap","9":"pa_yayinevi-ugurbocegi-yayinlari","10":"pa_yazar-yusuf-asal","12":"first","13":"instock","14":"sale","15":"shipping-taxable","16":"purchasable","17":"product-type-simple"},"_links":{"self":[{"href":"https:\/\/roveyayinevi.com.tr\/index.php\/wp-json\/wp\/v2\/product\/711135","targetHints":{"allow":["GET"]}}],"collection":[{"href":"https:\/\/roveyayinevi.com.tr\/index.php\/wp-json\/wp\/v2\/product"}],"about":[{"href":"https:\/\/roveyayinevi.com.tr\/index.php\/wp-json\/wp\/v2\/types\/product"}],"wp:attachment":[{"href":"https:\/\/roveyayinevi.com.tr\/index.php\/wp-json\/wp\/v2\/media?parent=711135"}],"wp:term":[{"taxonomy":"product_brand","embeddable":true,"href":"https:\/\/roveyayinevi.com.tr\/index.php\/wp-json\/wp\/v2\/product_brand?post=711135"},{"taxonomy":"product_cat","embeddable":true,"href":"https:\/\/roveyayinevi.com.tr\/index.php\/wp-json\/wp\/v2\/product_cat?post=711135"},{"taxonomy":"product_tag","embeddable":true,"href":"https:\/\/roveyayinevi.com.tr\/index.php\/wp-json\/wp\/v2\/product_tag?post=711135"}],"curies":[{"name":"wp","href":"https:\/\/api.w.org\/{rel}","templated":true}]}}