{"id":711134,"date":"2025-08-27T16:42:33","date_gmt":"2025-08-27T13:42:33","guid":{"rendered":"https:\/\/roveyayinevi.com.tr\/index.php\/urun\/kafadan-yumurta-3-dikkat-kopek-var\/"},"modified":"2026-04-06T02:31:25","modified_gmt":"2026-04-05T23:31:25","slug":"kafadan-yumurta-3-dikkat-kopek-var","status":"publish","type":"product","link":"https:\/\/roveyayinevi.com.tr\/index.php\/urun\/kafadan-yumurta-3-dikkat-kopek-var\/","title":{"rendered":"Kafadan Yumurta 3 &#8211; Dikkat K\u00f6pek Var!"},"content":{"rendered":"<p>Bayram har\u00e7l\u0131\u011f\u0131 i\u00e7in kom\u015fular\u0131 geziyorduk. Mahallemizde \u00e7ok zengin bir aile var. Fazilet Teyzeler&#8230; Minik\u2019le beraber Fazilet Teyzelerin evine do\u011fru y\u00fcr\u00fcd\u00fck. Kap\u0131ya vurduk, a\u00e7an olmad\u0131. Ben kap\u0131n\u0131n demirleri aras\u0131ndan elimi sokup kilidi arad\u0131m. Ama ne yaz\u0131k ki bulamad\u0131m. Siz deyin on dakika, ben diyeyim yirmi dakika kap\u0131y\u0131 a\u00e7maya u\u011fra\u015ft\u0131k. \u2013 Ben duvardan atlayaca\u011f\u0131m, dedi Minik. Duvardan \u00f6nce o atlad\u0131, sonra ben. Bah\u00e7enin i\u00e7inde bak\u0131n\u0131rken bir de ne g\u00f6relim? Kul\u00fcbesinde uyuyan bir k\u00f6pek! Kalbim yerinden f\u0131rlayacakt\u0131 adeta. A\u011flamak \u00fczereydim. Ger\u00e7ekten de ba\u015f\u0131m\u0131z ciddi dertteydi. Hemen kap\u0131ya y\u00f6neldik. Ama bir t\u00fcrl\u00fc a\u00e7\u0131lm\u0131yordu kap\u0131. U\u011fra\u015ft\u0131k da u\u011fra\u015ft\u0131k\u2026 Bu arada bir h\u0131rlama sesi geldi. Arkam\u0131za d\u00f6n\u00fcp bakt\u0131\u011f\u0131m\u0131zda k\u00f6pe\u011fin bize do\u011fru geldi\u011fini g\u00f6rd\u00fck. <\/p>\n","protected":false},"excerpt":{"rendered":"<p>Bayram har\u00e7l\u0131\u011f\u0131 i\u00e7in kom\u015fular\u0131 geziyorduk. Mahallemizde \u00e7ok zengin bir aile var. Fazilet Teyzeler&#8230; Minik\u2019le beraber Fazilet Teyzelerin evine do\u011fru y\u00fcr\u00fcd\u00fck. Kap\u0131ya vurduk, a\u00e7an olmad\u0131. Ben kap\u0131n\u0131n<span class=\"excerpt-hellip\"> [\u2026]<\/span><\/p>\n","protected":false},"featured_media":0,"template":"","meta":{"_monsterinsights_skip_tracking":false,"_monsterinsights_sitenote_active":false,"_monsterinsights_sitenote_note":"","_monsterinsights_sitenote_category":0},"product_brand":[],"product_cat":[12275,12274],"product_tag":[],"class_list":{"0":"post-711134","1":"product","2":"type-product","3":"status-publish","5":"product_cat-6-12-yas-kitaplari","6":"product_cat-cocuk-ve-genclik-kitaplari","7":"pa_cilt-ciltsiz","8":"pa_tur-kitap","9":"pa_yayinevi-ugurbocegi-yayinlari","10":"pa_yazar-yusuf-asal","12":"first","13":"instock","14":"sale","15":"shipping-taxable","16":"purchasable","17":"product-type-simple"},"_links":{"self":[{"href":"https:\/\/roveyayinevi.com.tr\/index.php\/wp-json\/wp\/v2\/product\/711134","targetHints":{"allow":["GET"]}}],"collection":[{"href":"https:\/\/roveyayinevi.com.tr\/index.php\/wp-json\/wp\/v2\/product"}],"about":[{"href":"https:\/\/roveyayinevi.com.tr\/index.php\/wp-json\/wp\/v2\/types\/product"}],"wp:attachment":[{"href":"https:\/\/roveyayinevi.com.tr\/index.php\/wp-json\/wp\/v2\/media?parent=711134"}],"wp:term":[{"taxonomy":"product_brand","embeddable":true,"href":"https:\/\/roveyayinevi.com.tr\/index.php\/wp-json\/wp\/v2\/product_brand?post=711134"},{"taxonomy":"product_cat","embeddable":true,"href":"https:\/\/roveyayinevi.com.tr\/index.php\/wp-json\/wp\/v2\/product_cat?post=711134"},{"taxonomy":"product_tag","embeddable":true,"href":"https:\/\/roveyayinevi.com.tr\/index.php\/wp-json\/wp\/v2\/product_tag?post=711134"}],"curies":[{"name":"wp","href":"https:\/\/api.w.org\/{rel}","templated":true}]}}