{"id":711133,"date":"2025-08-27T16:42:32","date_gmt":"2025-08-27T13:42:32","guid":{"rendered":"https:\/\/roveyayinevi.com.tr\/index.php\/urun\/kafadan-yumurta-2-karabiberli-balli-ayran\/"},"modified":"2026-04-16T02:19:48","modified_gmt":"2026-04-15T23:19:48","slug":"kafadan-yumurta-2-karabiberli-balli-ayran","status":"publish","type":"product","link":"https:\/\/roveyayinevi.com.tr\/index.php\/urun\/kafadan-yumurta-2-karabiberli-balli-ayran\/","title":{"rendered":"Kafadan Yumurta 2 &#8211; Karabiberli Ball\u0131 Ayran"},"content":{"rendered":"<p>\u015eiir yar\u0131\u015fmas\u0131 d\u00fczenleniyordu. Buna kat\u0131lmay\u0131 \u00e7ok istiyordum. Ama iyi \u015fiir nas\u0131l yaz\u0131l\u0131r bilmiyordum. Geveze Refik geldi yan\u0131ma. \u2013 Benim day\u0131m \u015fair. O her gece yatmadan \u00f6nce ball\u0131 ayran i\u00e7er. Bu y\u00fczden m\u00fcthi\u015f \u015fiirler yaz\u0131yor, dedi. Sonunda bulmu\u015ftum arad\u0131\u011f\u0131m\u0131. Ball\u0131 ayran i\u00e7mek berbat bir i\u015f, ama \u00fcnl\u00fc ve ba\u015far\u0131l\u0131 bir \u015fair olmak i\u00e7in i\u00e7meliydim. O gece yatmadan \u00f6nce ball\u0131 ayran i\u00e7tim. Tad\u0131n\u0131 ne siz sorun ne de ben s\u00f6yleyeyim. Berbatt\u0131. Hemen odama ge\u00e7tim ve kaleme sar\u0131ld\u0131m. Ortaya bir \u015fiir \u00e7\u0131kt\u0131. Ama be\u011fenmedim. Yazd\u0131\u011f\u0131m \u015fiiri \u00e7\u00f6pe att\u0131m. Acaba neden olmam\u0131\u015ft\u0131 ki? Bunu ertesi g\u00fcn Refik\u2019e sordum. \u2013 S\u00f6ylemeyi unuttum. Day\u0131m ayrana karabiber de katard\u0131, dedi Refik. \u00c7ok mide buland\u0131r\u0131c\u0131 bir durumdu. <\/p>\n","protected":false},"excerpt":{"rendered":"<p>\u015eiir yar\u0131\u015fmas\u0131 d\u00fczenleniyordu. Buna kat\u0131lmay\u0131 \u00e7ok istiyordum. Ama iyi \u015fiir nas\u0131l yaz\u0131l\u0131r bilmiyordum. Geveze Refik geldi yan\u0131ma. \u2013 Benim day\u0131m \u015fair. O her gece yatmadan \u00f6nce<span class=\"excerpt-hellip\"> [\u2026]<\/span><\/p>\n","protected":false},"featured_media":0,"template":"","meta":{"_monsterinsights_skip_tracking":false,"_monsterinsights_sitenote_active":false,"_monsterinsights_sitenote_note":"","_monsterinsights_sitenote_category":0},"product_brand":[],"product_cat":[12275,12274],"product_tag":[],"class_list":{"0":"post-711133","1":"product","2":"type-product","3":"status-publish","5":"product_cat-6-12-yas-kitaplari","6":"product_cat-cocuk-ve-genclik-kitaplari","7":"pa_cilt-ciltsiz","8":"pa_tur-kitap","9":"pa_yayinevi-ugurbocegi-yayinlari","10":"pa_yazar-yusuf-asal","12":"first","13":"instock","14":"sale","15":"shipping-taxable","16":"purchasable","17":"product-type-simple"},"_links":{"self":[{"href":"https:\/\/roveyayinevi.com.tr\/index.php\/wp-json\/wp\/v2\/product\/711133","targetHints":{"allow":["GET"]}}],"collection":[{"href":"https:\/\/roveyayinevi.com.tr\/index.php\/wp-json\/wp\/v2\/product"}],"about":[{"href":"https:\/\/roveyayinevi.com.tr\/index.php\/wp-json\/wp\/v2\/types\/product"}],"wp:attachment":[{"href":"https:\/\/roveyayinevi.com.tr\/index.php\/wp-json\/wp\/v2\/media?parent=711133"}],"wp:term":[{"taxonomy":"product_brand","embeddable":true,"href":"https:\/\/roveyayinevi.com.tr\/index.php\/wp-json\/wp\/v2\/product_brand?post=711133"},{"taxonomy":"product_cat","embeddable":true,"href":"https:\/\/roveyayinevi.com.tr\/index.php\/wp-json\/wp\/v2\/product_cat?post=711133"},{"taxonomy":"product_tag","embeddable":true,"href":"https:\/\/roveyayinevi.com.tr\/index.php\/wp-json\/wp\/v2\/product_tag?post=711133"}],"curies":[{"name":"wp","href":"https:\/\/api.w.org\/{rel}","templated":true}]}}