{"id":711130,"date":"2025-08-27T16:42:31","date_gmt":"2025-08-27T13:42:31","guid":{"rendered":"https:\/\/roveyayinevi.com.tr\/index.php\/urun\/muzikle-ilgili-ozdeyisler\/"},"modified":"2026-04-16T02:19:48","modified_gmt":"2026-04-15T23:19:48","slug":"muzikle-ilgili-ozdeyisler","status":"publish","type":"product","link":"https:\/\/roveyayinevi.com.tr\/index.php\/urun\/muzikle-ilgili-ozdeyisler\/","title":{"rendered":"M\u00fczikle \u0130lgili \u00d6zdeyi\u015fler"},"content":{"rendered":"<p>Keskin bir zekan\u0131n \u00fcr\u00fcn\u00fc olan \u00f6zdeyi\u015fler, ayn\u0131 zamanda geni\u015f bir k\u00fclt\u00fcre dayanan y\u0131llar\u0131n birikimini sergileyen bilgece s\u00f6zlerdir. \u0130\u00e7lerinde \u00f6yleleri vard\u0131 ki; g\u00fcl\u00fcmsetirken d\u00fc\u015f\u00fcnd\u00fcren, alayc\u0131, yergili, \u015fa\u015f\u0131rt\u0131c\u0131 ama t\u00fcm\u00fcn\u00fcn ortak noktas\u0131 var olan ger\u00e7ekleri yans\u0131tmas\u0131d\u0131r. Mizah tad\u0131nda olanlar\u0131 ise, sivri dilli d\u00fc\u015f\u00fcn\u00fcrlerin kaleminde, bir eliyle g\u0131d\u0131klar bir eliylede tokatlar. \ufffcTan\u0131t\u0131m Metni<\/p>\n","protected":false},"excerpt":{"rendered":"<p>Keskin bir zekan\u0131n \u00fcr\u00fcn\u00fc olan \u00f6zdeyi\u015fler, ayn\u0131 zamanda geni\u015f bir k\u00fclt\u00fcre dayanan y\u0131llar\u0131n birikimini sergileyen bilgece s\u00f6zlerdir. \u0130\u00e7lerinde \u00f6yleleri vard\u0131 ki; g\u00fcl\u00fcmsetirken d\u00fc\u015f\u00fcnd\u00fcren, alayc\u0131, yergili, \u015fa\u015f\u0131rt\u0131c\u0131<span class=\"excerpt-hellip\"> [\u2026]<\/span><\/p>\n","protected":false},"featured_media":0,"template":"","meta":{"_monsterinsights_skip_tracking":false,"_monsterinsights_sitenote_active":false,"_monsterinsights_sitenote_note":"","_monsterinsights_sitenote_category":0},"product_brand":[],"product_cat":[12274,12649],"product_tag":[],"class_list":{"0":"post-711130","1":"product","2":"type-product","3":"status-publish","5":"product_cat-cocuk-ve-genclik-kitaplari","6":"product_cat-hobi-muzik","7":"pa_cilt-ciltsiz","8":"pa_tur-kitap","9":"pa_yayinevi-sun-yayinevi","10":"pa_yazar-koral-calgan","12":"first","13":"instock","14":"sale","15":"shipping-taxable","16":"purchasable","17":"product-type-simple"},"_links":{"self":[{"href":"https:\/\/roveyayinevi.com.tr\/index.php\/wp-json\/wp\/v2\/product\/711130","targetHints":{"allow":["GET"]}}],"collection":[{"href":"https:\/\/roveyayinevi.com.tr\/index.php\/wp-json\/wp\/v2\/product"}],"about":[{"href":"https:\/\/roveyayinevi.com.tr\/index.php\/wp-json\/wp\/v2\/types\/product"}],"wp:attachment":[{"href":"https:\/\/roveyayinevi.com.tr\/index.php\/wp-json\/wp\/v2\/media?parent=711130"}],"wp:term":[{"taxonomy":"product_brand","embeddable":true,"href":"https:\/\/roveyayinevi.com.tr\/index.php\/wp-json\/wp\/v2\/product_brand?post=711130"},{"taxonomy":"product_cat","embeddable":true,"href":"https:\/\/roveyayinevi.com.tr\/index.php\/wp-json\/wp\/v2\/product_cat?post=711130"},{"taxonomy":"product_tag","embeddable":true,"href":"https:\/\/roveyayinevi.com.tr\/index.php\/wp-json\/wp\/v2\/product_tag?post=711130"}],"curies":[{"name":"wp","href":"https:\/\/api.w.org\/{rel}","templated":true}]}}