{"id":711128,"date":"2025-08-27T16:42:29","date_gmt":"2025-08-27T13:42:29","guid":{"rendered":"https:\/\/roveyayinevi.com.tr\/index.php\/urun\/yazmali-defter\/"},"modified":"2026-04-16T02:19:48","modified_gmt":"2026-04-15T23:19:48","slug":"yazmali-defter","status":"publish","type":"product","link":"https:\/\/roveyayinevi.com.tr\/index.php\/urun\/yazmali-defter\/","title":{"rendered":"Yazmal\u0131 Defter"},"content":{"rendered":"<p>Yazmak, d\u00fcnyan\u0131n s\u0131rlar\u0131n\u0131 ke\u015ffetme d\u00fcrt\u00fcs\u00fcnden kaynaklanabilir. Bildi\u011finiz gibi, insanl\u0131k bu i\u015fe b\u00fct\u00fcn \u00f6mr\u00fcn\u00fc adam\u0131\u015ft\u0131r; gezip dola\u015fmak, ke\u015ffedip ele ge\u00e7irmek, sonra da ba\u015fka bir yeri yine ele ge\u00e7irmek. D\u00fcnyan\u0131n ke\u015ffedilecek s\u0131rr\u0131 m\u0131 kald\u0131, demeyin. B\u00fct\u00fcn bu olup bitenlere ra\u011fmen, d\u00fcnyam\u0131z h\u00e2l\u00e2 s\u0131rlarla doludur. Ger\u00e7i bana kal\u0131rsa, <\/p>\n","protected":false},"excerpt":{"rendered":"<p>Yazmak, d\u00fcnyan\u0131n s\u0131rlar\u0131n\u0131 ke\u015ffetme d\u00fcrt\u00fcs\u00fcnden kaynaklanabilir. Bildi\u011finiz gibi, insanl\u0131k bu i\u015fe b\u00fct\u00fcn \u00f6mr\u00fcn\u00fc adam\u0131\u015ft\u0131r; gezip dola\u015fmak, ke\u015ffedip ele ge\u00e7irmek, sonra da ba\u015fka bir yeri yine ele<span class=\"excerpt-hellip\"> [\u2026]<\/span><\/p>\n","protected":false},"featured_media":0,"template":"","meta":{"_monsterinsights_skip_tracking":false,"_monsterinsights_sitenote_active":false,"_monsterinsights_sitenote_note":"","_monsterinsights_sitenote_category":0},"product_brand":[],"product_cat":[12777,12291],"product_tag":[],"class_list":{"0":"post-711128","1":"product","2":"type-product","3":"status-publish","5":"product_cat-deneme","6":"product_cat-edebiyat","7":"pa_cilt-ciltsiz","8":"pa_tur-kitap","9":"pa_yayinevi-alakarga-sanat-yayinlari","10":"pa_yazar-faruk-duman","12":"first","13":"instock","14":"sale","15":"shipping-taxable","16":"purchasable","17":"product-type-simple"},"_links":{"self":[{"href":"https:\/\/roveyayinevi.com.tr\/index.php\/wp-json\/wp\/v2\/product\/711128","targetHints":{"allow":["GET"]}}],"collection":[{"href":"https:\/\/roveyayinevi.com.tr\/index.php\/wp-json\/wp\/v2\/product"}],"about":[{"href":"https:\/\/roveyayinevi.com.tr\/index.php\/wp-json\/wp\/v2\/types\/product"}],"wp:attachment":[{"href":"https:\/\/roveyayinevi.com.tr\/index.php\/wp-json\/wp\/v2\/media?parent=711128"}],"wp:term":[{"taxonomy":"product_brand","embeddable":true,"href":"https:\/\/roveyayinevi.com.tr\/index.php\/wp-json\/wp\/v2\/product_brand?post=711128"},{"taxonomy":"product_cat","embeddable":true,"href":"https:\/\/roveyayinevi.com.tr\/index.php\/wp-json\/wp\/v2\/product_cat?post=711128"},{"taxonomy":"product_tag","embeddable":true,"href":"https:\/\/roveyayinevi.com.tr\/index.php\/wp-json\/wp\/v2\/product_tag?post=711128"}],"curies":[{"name":"wp","href":"https:\/\/api.w.org\/{rel}","templated":true}]}}