{"id":711126,"date":"2025-08-27T16:42:28","date_gmt":"2025-08-27T13:42:28","guid":{"rendered":"https:\/\/roveyayinevi.com.tr\/index.php\/urun\/gece-yildizi-genc-elitler-3-ciltli\/"},"modified":"2026-04-16T02:19:48","modified_gmt":"2026-04-15T23:19:48","slug":"gece-yildizi-genc-elitler-3-ciltli","status":"publish","type":"product","link":"https:\/\/roveyayinevi.com.tr\/index.php\/urun\/gece-yildizi-genc-elitler-3-ciltli\/","title":{"rendered":"Gece Y\u0131ld\u0131z\u0131 &#8211; Gen\u00e7 Elitler 3 (Ciltli)"},"content":{"rendered":"<p>T\u00dcM D\u00dcNYAN\u0130N KARANL\u0130\u011eA BO\u011eULDU\u011eU VE KARANL\u0130\u011e\u0130N KRALI\u00c7ESININ H\u00dcK\u00dcM S\u00dcRD\u00dc\u011e\u00dc  BIR D\u00d6NEM VARD\u0130.  Adelina Amouteru ac\u0131 \u00e7ekti\u011fi g\u00fcnleri geride b\u0131rakm\u0131\u015ft\u0131r. Ona ihanet edenlere s\u0131rt\u0131n\u0131 \u00e7evirmi\u015f ve en b\u00fcy\u00fck intikam\u0131n\u0131 zafer kazanarak alm\u0131\u015ft\u0131r. Beyaz Kurt olarak h\u00fck\u00fcm s\u00fcrerken zafer \u00fcst\u00fcne zafer kazanm\u0131\u015ft\u0131r ancak her fethiyle daha da zalimle\u015fmektedir. I\u00e7indeki karanl\u0131k kontrolden \u00e7\u0131kmaya ba\u015flam\u0131\u015ft\u0131r ve elde etti\u011fi her \u015feyi tehdit etmektedir.  Bamba\u015fka bir tehlike ba\u015f g\u00f6sterince Adelina eski defterleri a\u00e7mak zorunda kal\u0131r ve kendisiyle birlikte t\u00fcm Elitleri riske atar. Imparatorlu\u011funu korumak i\u00e7in Adelina ile yanda\u015flar\u0131n\u0131n tehlikeli bir yolculukta Han\u00e7erler\u2019e kat\u0131lmas\u0131 gerekmektedir\u2026 ancak as\u0131l tehlike bu huzursuz birlikte yat\u0131yor gibi g\u00f6r\u00fcnmektedir&#8230;   \u201cLu, Gen\u00e7 Elitler \u00fc\u00e7lemesini f\u0131rt\u0131nal\u0131 bir \u015fekilde sonland\u0131r\u0131yor. Seriye lay\u0131k ve buruk bir son. Karde\u015flerin aras\u0131ndaki ba\u011f  ve insan olman\u0131n zorlu\u011fu finalde ba\u015frol\u00fc kapm\u0131\u015f.\u201d  Booklist  \u201cGen\u00e7 Elitler \u00fc\u00e7lemesinin etkileyici finali duygu y\u00fckl\u00fc\u2026 Pek \u00e7ok antikahraman gibi Adelina\u2019n\u0131n izledi\u011fi yol da \u00e7arp\u0131c\u0131 ve tatmin edici.\u201d   Kirkus Reviews   \u201cLu\u2019nun ince ince i\u015fledi\u011fi karakterlerin aras\u0131ndaki daim\u00ee \u00e7eki\u015fme ve nefes kesici mek\u00e2nlar okurlar\u0131 kendine ba\u011flayacak. Hayranlar\u0131 hayal k\u0131r\u0131kl\u0131\u011f\u0131na u\u011framayacak.\u201d  Romantic Times Book Reviews  \u201cNew York Times \u00e7oksatan\u0131 serinin e\u015fsizli\u011fi, ba\u015fkahraman\u0131n k\u00f6t\u00fc karakter olmas\u0131ndan kaynaklan\u0131yor. Adelina g\u00fcn\u00fcm\u00fcz gen\u00e7lik romanlar\u0131 aras\u0131ndaki en \u00f6nemli antikahraman.\u201d Teen Vogue  \u201cBirbirinden \u00e7ok farkl\u0131, s\u00fcperg\u00fc\u00e7lere sahip gen\u00e7lerin yer ald\u0131\u011f\u0131 seride Adelina\u2019n\u0131n tuttu\u011fu karanl\u0131k yolu, g\u00fc\u00e7lerini kontrol alt\u0131na almaya ve onun gibi kad\u0131nlara zalim davranan bir d\u00fcnyada isim yapmaya \u00e7al\u0131\u015fmas\u0131n\u0131 izlemek heyecan verici.\u201d  The Washington Post <\/p>\n","protected":false},"excerpt":{"rendered":"<p>T\u00dcM D\u00dcNYAN\u0130N KARANL\u0130\u011eA BO\u011eULDU\u011eU VE KARANL\u0130\u011e\u0130N KRALI\u00c7ESININ H\u00dcK\u00dcM S\u00dcRD\u00dc\u011e\u00dc BIR D\u00d6NEM VARD\u0130. Adelina Amouteru ac\u0131 \u00e7ekti\u011fi g\u00fcnleri geride b\u0131rakm\u0131\u015ft\u0131r. Ona ihanet edenlere s\u0131rt\u0131n\u0131 \u00e7evirmi\u015f ve en<span class=\"excerpt-hellip\"> [\u2026]<\/span><\/p>\n","protected":false},"featured_media":0,"template":"","meta":{"_monsterinsights_skip_tracking":false,"_monsterinsights_sitenote_active":false,"_monsterinsights_sitenote_note":"","_monsterinsights_sitenote_category":0},"product_brand":[],"product_cat":[12540,12291],"product_tag":[],"class_list":{"0":"post-711126","1":"product","2":"type-product","3":"status-publish","5":"product_cat-bilim-kurgu","6":"product_cat-edebiyat","7":"pa_cilt-ciltsiz","8":"pa_tur-kitap","9":"pa_yayinevi-pegasus-yayinlari","10":"pa_yazar-marie-lu","12":"first","13":"instock","14":"sale","15":"shipping-taxable","16":"purchasable","17":"product-type-simple"},"_links":{"self":[{"href":"https:\/\/roveyayinevi.com.tr\/index.php\/wp-json\/wp\/v2\/product\/711126","targetHints":{"allow":["GET"]}}],"collection":[{"href":"https:\/\/roveyayinevi.com.tr\/index.php\/wp-json\/wp\/v2\/product"}],"about":[{"href":"https:\/\/roveyayinevi.com.tr\/index.php\/wp-json\/wp\/v2\/types\/product"}],"wp:attachment":[{"href":"https:\/\/roveyayinevi.com.tr\/index.php\/wp-json\/wp\/v2\/media?parent=711126"}],"wp:term":[{"taxonomy":"product_brand","embeddable":true,"href":"https:\/\/roveyayinevi.com.tr\/index.php\/wp-json\/wp\/v2\/product_brand?post=711126"},{"taxonomy":"product_cat","embeddable":true,"href":"https:\/\/roveyayinevi.com.tr\/index.php\/wp-json\/wp\/v2\/product_cat?post=711126"},{"taxonomy":"product_tag","embeddable":true,"href":"https:\/\/roveyayinevi.com.tr\/index.php\/wp-json\/wp\/v2\/product_tag?post=711126"}],"curies":[{"name":"wp","href":"https:\/\/api.w.org\/{rel}","templated":true}]}}