{"id":711125,"date":"2025-08-27T16:42:28","date_gmt":"2025-08-27T13:42:28","guid":{"rendered":"https:\/\/roveyayinevi.com.tr\/index.php\/urun\/floransa-ve-bagdat-doguda-ve-batida-bakisin-tarihi-ciltli\/"},"modified":"2026-04-16T02:19:48","modified_gmt":"2026-04-15T23:19:48","slug":"floransa-ve-bagdat-doguda-ve-batida-bakisin-tarihi-ciltli","status":"publish","type":"product","link":"https:\/\/roveyayinevi.com.tr\/index.php\/urun\/floransa-ve-bagdat-doguda-ve-batida-bakisin-tarihi-ciltli\/","title":{"rendered":"Floransa ve Ba\u011fdat &#8211; Do\u011fu\u2019da ve Bat\u0131\u2019da Bak\u0131\u015f\u0131n Tarihi (Ciltli)"},"content":{"rendered":"<p>Perspektifin kullan\u0131m\u0131, R\u00f6nesans resminde bir devrim yaratt\u0131 ve sanat\u00e7\u0131ya izleyicinin g\u00f6r\u00fc\u015f a\u00e7\u0131s\u0131n\u0131 resmetme f\u0131rsat\u0131 verdi. Oysa perspektifin teorisi ba\u015fka bir yerde, Ba\u011fdat&#8217;ta, matematik\u00e7i \u0130bn\u00fc&#8217;l-Heysem taraf\u0131ndan on birinci y\u00fczy\u0131lda olu\u015fturulmu\u015ftu. \u00dcnl\u00fc tarih\u00e7i ve sanat kuramc\u0131s\u0131 Hans Belting, Floransa ve Ba\u011fdat&#8217;ta bak\u0131\u015f metaforunu kullanarak Arabistan Ba\u011fdat&#8217;\u0131 ile R\u00f6nesans Floransa&#8217;s\u0131 aras\u0131ndaki tarihi kar\u015f\u0131la\u015fmay\u0131 anlat\u0131yor. Perspektifin, geometrik soyutlamaya dayanan g\u00f6rsel teori (Ortado\u011fu) ve resim teorisi (Avrupa) olarak kullan\u0131ld\u0131\u011f\u0131 ikili tarihini inceliyor. Orta\u00e7a\u011fda Arap matemati\u011finin perspektif teorisini do\u011furdu\u011funu, daha sonra bu teorinin Bat\u0131&#8217;da sanata d\u00f6n\u00fc\u015ft\u00fcr\u00fcld\u00fc\u011f\u00fcn\u00fc anlatan Belting, esteti\u011fin ve matemati\u011fin s\u0131n\u0131rlar\u0131n\u0131 a\u015fan bir soru soruyor: M\u00fcsl\u00fcmanlar ile H\u0131ristiyanlar birbirlerine bakt\u0131\u011f\u0131nda, kendi d\u00fcnya g\u00f6r\u00fc\u015flerinin d\u00f6n\u00fc\u015ft\u00fcr\u00fclm\u00fc\u015f bir versiyonunu g\u00f6r\u00fcrlerse ne olur? Hans Belting Almanya&#8217;daki Hochschule f\u00fcr Gestaltung, Karlsruhe&#8217;de \u00f6\u011fretim \u00fcyesidir. <\/p>\n","protected":false},"excerpt":{"rendered":"<p>Perspektifin kullan\u0131m\u0131, R\u00f6nesans resminde bir devrim yaratt\u0131 ve sanat\u00e7\u0131ya izleyicinin g\u00f6r\u00fc\u015f a\u00e7\u0131s\u0131n\u0131 resmetme f\u0131rsat\u0131 verdi. Oysa perspektifin teorisi ba\u015fka bir yerde, Ba\u011fdat&#8217;ta, matematik\u00e7i \u0130bn\u00fc&#8217;l-Heysem taraf\u0131ndan on<span class=\"excerpt-hellip\"> [\u2026]<\/span><\/p>\n","protected":false},"featured_media":0,"template":"","meta":{"_monsterinsights_skip_tracking":false,"_monsterinsights_sitenote_active":false,"_monsterinsights_sitenote_note":"","_monsterinsights_sitenote_category":0},"product_brand":[],"product_cat":[12408,14197],"product_tag":[],"class_list":{"0":"post-711125","1":"product","2":"type-product","3":"status-publish","5":"product_cat-sanat","6":"product_cat-sanat-tarihi","7":"pa_cilt-ciltli","8":"pa_tur-kitap","9":"pa_yayinevi-koc-universitesi-yayinlari","10":"pa_yazar-hans-belting","12":"first","13":"instock","14":"sale","15":"shipping-taxable","16":"purchasable","17":"product-type-simple"},"_links":{"self":[{"href":"https:\/\/roveyayinevi.com.tr\/index.php\/wp-json\/wp\/v2\/product\/711125","targetHints":{"allow":["GET"]}}],"collection":[{"href":"https:\/\/roveyayinevi.com.tr\/index.php\/wp-json\/wp\/v2\/product"}],"about":[{"href":"https:\/\/roveyayinevi.com.tr\/index.php\/wp-json\/wp\/v2\/types\/product"}],"wp:attachment":[{"href":"https:\/\/roveyayinevi.com.tr\/index.php\/wp-json\/wp\/v2\/media?parent=711125"}],"wp:term":[{"taxonomy":"product_brand","embeddable":true,"href":"https:\/\/roveyayinevi.com.tr\/index.php\/wp-json\/wp\/v2\/product_brand?post=711125"},{"taxonomy":"product_cat","embeddable":true,"href":"https:\/\/roveyayinevi.com.tr\/index.php\/wp-json\/wp\/v2\/product_cat?post=711125"},{"taxonomy":"product_tag","embeddable":true,"href":"https:\/\/roveyayinevi.com.tr\/index.php\/wp-json\/wp\/v2\/product_tag?post=711125"}],"curies":[{"name":"wp","href":"https:\/\/api.w.org\/{rel}","templated":true}]}}