{"id":711124,"date":"2025-08-27T16:42:27","date_gmt":"2025-08-27T13:42:27","guid":{"rendered":"https:\/\/roveyayinevi.com.tr\/index.php\/urun\/geometri-ogretimi-ve-ogrenimi\/"},"modified":"2026-04-16T02:19:48","modified_gmt":"2026-04-15T23:19:48","slug":"geometri-ogretimi-ve-ogrenimi","status":"publish","type":"product","link":"https:\/\/roveyayinevi.com.tr\/index.php\/urun\/geometri-ogretimi-ve-ogrenimi\/","title":{"rendered":"Geometri \u00d6\u011fretimi ve \u00d6\u011frenimi"},"content":{"rendered":"<p>Geometri benim i\u00e7in her zaman b\u00fcy\u00fck bir ilgi ve ilham kayna\u011f\u0131 olmu\u015ftur. 12 ya\u015f\u0131ndayken okulda \u00e7ok y\u00fczl\u00fc ile ilgili bir dizi \u00f6dev haz\u0131rlarken ald\u0131\u011f\u0131m keyfi h\u00e2l\u00e2 hat\u0131rl\u0131yorum. Ayr\u0131ca, daha \u00f6\u011fretmenlik kariyerimin ilk y\u0131llar\u0131ndayken okul k\u00fct\u00fcphanesinde Godfrey ve Siddons (1903) taraf\u0131ndan haz\u0131rlanan Elementary Ge-ometry&#8217;nin bir kopyas\u0131n\u0131 buldu\u011fumu da an\u0131ms\u0131yorum. Bir \u00f6\u011fretmen olarak bu kitap beni \u00e7ok etkilemi\u015ftir \u00e7\u00fcnk\u00fc y\u0131llar boyunca kariyerim i\u00e7in \u00e7e\u015fitli \u00f6\u011fretim fikirleri ve problemler sunan bir kaynak olmu\u015ftur. Bir \u00f6\u011fretmen olarak kendimi Okul Matematik Projesi (SMP 1965, 1966) ders kitaplar\u0131yla erken bir tarihte kar\u015f\u0131la\u015ft\u0131\u011f\u0131m i\u00e7in \u015fansl\u0131 g\u00f6r\u00fcyorum. \u00c7\u00fcnk\u00fc bu kaynaklar bana, \u00d6klid tarz\u0131ndaki geometri ve okulda kar\u015f\u0131la\u015ft\u0131\u011f\u0131m analitik geometrinin konik b\u00f6l\u00fcmleriyle (elips, hiperbol vb.) k\u0131yaslad\u0131\u011f\u0131mda simetri, d\u00f6n\u00fc\u015f\u00fcmler, vekt\u00f6rler ve matrislerin kullan\u0131m\u0131yla geometriye kar\u015f\u0131 farkl\u0131 bir bak\u0131\u015f a\u00e7\u0131s\u0131 kazand\u0131rm\u0131\u015ft\u0131r. Sonu\u00e7 olarak, bu iki kaynak bana zengin geometrik bir alt yap\u0131 sunmu\u015ftur. Matematik \u00f6\u011fretmenli\u011fi e\u011fitimi i\u00e7in ders verdi\u011fim \u00f6\u011frencilerin geometriye ili\u015fkin alan bilgilerini g\u00f6zlemledi\u011fimde, \u00f6\u011frencilerin geometriye ili\u015fkin alan bilgilerinin yetersiz olduklar\u0131n\u0131 fark ettim ve bu durum beni \u00e7ok \u00fczd\u00fc. Bu kitab\u0131 yazmam\u0131n \u00e7\u0131k\u0131\u015f noktas\u0131, okulda geometrinin etkisini ortaya \u00e7\u0131karma, ba\u011f\u0131ms\u0131z d\u00fc\u015f\u00fcnce ger-ektiren ve matematikte ispat fikrinin geli\u015ftirilmesi i\u00e7in iyi problemlerin oldu\u011fu bir kaynak olu\u015fturma fikrinden ortaya \u00e7\u0131km\u0131\u015ft\u0131r. <\/p>\n","protected":false},"excerpt":{"rendered":"<p>Geometri benim i\u00e7in her zaman b\u00fcy\u00fck bir ilgi ve ilham kayna\u011f\u0131 olmu\u015ftur. 12 ya\u015f\u0131ndayken okulda \u00e7ok y\u00fczl\u00fc ile ilgili bir dizi \u00f6dev haz\u0131rlarken ald\u0131\u011f\u0131m keyfi h\u00e2l\u00e2<span class=\"excerpt-hellip\"> [\u2026]<\/span><\/p>\n","protected":false},"featured_media":0,"template":"","meta":{"_monsterinsights_skip_tracking":false,"_monsterinsights_sitenote_active":false,"_monsterinsights_sitenote_note":"","_monsterinsights_sitenote_category":0},"product_brand":[],"product_cat":[15351,15350],"product_tag":[],"class_list":{"0":"post-711124","1":"product","2":"type-product","3":"status-publish","5":"product_cat-ders-kitaplari","6":"product_cat-hukuk","7":"pa_cilt-ciltsiz","8":"pa_tur-kitap","9":"pa_yayinevi-ani-yayincilik","10":"pa_yazar-doug-french","12":"first","13":"instock","14":"sale","15":"shipping-taxable","16":"purchasable","17":"product-type-simple"},"_links":{"self":[{"href":"https:\/\/roveyayinevi.com.tr\/index.php\/wp-json\/wp\/v2\/product\/711124","targetHints":{"allow":["GET"]}}],"collection":[{"href":"https:\/\/roveyayinevi.com.tr\/index.php\/wp-json\/wp\/v2\/product"}],"about":[{"href":"https:\/\/roveyayinevi.com.tr\/index.php\/wp-json\/wp\/v2\/types\/product"}],"wp:attachment":[{"href":"https:\/\/roveyayinevi.com.tr\/index.php\/wp-json\/wp\/v2\/media?parent=711124"}],"wp:term":[{"taxonomy":"product_brand","embeddable":true,"href":"https:\/\/roveyayinevi.com.tr\/index.php\/wp-json\/wp\/v2\/product_brand?post=711124"},{"taxonomy":"product_cat","embeddable":true,"href":"https:\/\/roveyayinevi.com.tr\/index.php\/wp-json\/wp\/v2\/product_cat?post=711124"},{"taxonomy":"product_tag","embeddable":true,"href":"https:\/\/roveyayinevi.com.tr\/index.php\/wp-json\/wp\/v2\/product_tag?post=711124"}],"curies":[{"name":"wp","href":"https:\/\/api.w.org\/{rel}","templated":true}]}}