{"id":711122,"date":"2025-08-27T16:42:26","date_gmt":"2025-08-27T13:42:26","guid":{"rendered":"https:\/\/roveyayinevi.com.tr\/index.php\/urun\/tapinak-sovalyeleri-ve-noro-mesih\/"},"modified":"2026-04-16T02:19:48","modified_gmt":"2026-04-15T23:19:48","slug":"tapinak-sovalyeleri-ve-noro-mesih","status":"publish","type":"product","link":"https:\/\/roveyayinevi.com.tr\/index.php\/urun\/tapinak-sovalyeleri-ve-noro-mesih\/","title":{"rendered":"Tap\u0131nak \u015e\u00f6valyeleri ve N\u00f6ro-Mesih"},"content":{"rendered":"<p>\u0130slam d\u00fcnyas\u0131 8. y\u00fczy\u0131ldan 13. y\u00fczy\u0131la kadar tam manas\u0131yla bir alt\u0131n \u00e7a\u011f ya\u015fam\u0131\u015ft\u0131r. \u0130lim ve bilimde \u015farts\u0131z d\u00fcnyaya h\u00e2kimdir. 13. y\u00fczy\u0131ldan bu tarafaysa hem ilim hem de bilim alan\u0131nda yetimdir. Bunun bir numaral\u0131 sebebi ezoterizm batakl\u0131\u011f\u0131na s\u00fcr\u00fcklenmi\u015f bir k\u0131s\u0131m tarikat ve cemaatlerdir. Akl\u0131 vestiyere asan biat\u00e7\u0131l\u0131kt\u0131r. Bunlar\u0131n pek \u00e7o\u011fu Yeni D\u00fcnya D\u00fczeni \u00fctopyas\u0131n\u0131n kurucu babalar\u0131n\u0131n arzu etti\u011fi Tek D\u00fcnya Dini yani Panteist-Kabalist, Varl\u0131kta Birlik\u00e7i, senkretik, Hz. Peygamber\u2019siz bir \u0130slam\u2019a hizmet etmektedirler. Baz\u0131lar\u0131 bunun fark\u0131nda bile olmayabilir. \u0130slam d\u00fcnyas\u0131 dahil, k\u00fcresel anlamda gerek semavi, gerek felsefi dinler parayla gnostikle\u015ftirilmi\u015ftir. Din ve para siyasetin temel enstr\u00fcmanlar\u0131d\u0131r. Din-para-siyaset \u00fc\u00e7geninde ilim, bi lim, teknoloji Tap\u0131nak \u015e\u00f6valyeleri Tarikat\u0131\u2019n\u0131n kutuplar\u0131n\u0131n kontrol\u00fcndedir. Her din ve inan\u00e7tan insanl\u0131k sesli ve sessiz silahlarla mankurtla\u015ft\u0131r\u0131lmaktad\u0131r. Art\u0131k her dinden her inan\u00e7tan insanlar bir kurtar\u0131c\u0131y\u0131, Mesih ve Mehdi\u2019yi bekliyor. Ortada \u00e7ok say\u0131da Mesih ve Mehdi dola\u015ft\u0131\u011f\u0131 i\u00e7in yak\u0131nda her inanca uygun, uzaydan teknoloji marifetiyle, holografik N\u00f6ro-Mesih insanl\u0131\u011fa g\u00f6r\u00fcnecek. Bu \u00e7al\u0131\u015fma ile Tap\u0131nak \u015e\u00f6valyeleri Tarikat\u0131\u2019ndan bug\u00fcne insanl\u0131\u011f\u0131n nas\u0131l d\u00f6n\u00fc\u015ft\u00fcr\u00fcld\u00fc\u011f\u00fcn\u00fc belgelerle g\u00f6stermeye \u00e7al\u0131\u015ft\u0131k. Elinizdeki kitab\u0131n sat\u0131rlar\u0131nda gezindik\u00e7e Kuran ve sahih hadisler d\u0131\u015f\u0131nda bir tarikat ve cemaat \u0130slam\u2019\u0131n\u0131n 13. y\u00fczy\u0131ldan beri \u0130slam\u2019\u0131n i\u00e7ini bo\u015faltt\u0131\u011f\u0131n\u0131 g\u00f6recek, ah \u00e7ekecek ve a\u011flayacaks\u0131n\u0131z&#8230; \ufffcTan\u0131t\u0131m Metni<\/p>\n","protected":false},"excerpt":{"rendered":"<p>\u0130slam d\u00fcnyas\u0131 8. y\u00fczy\u0131ldan 13. y\u00fczy\u0131la kadar tam manas\u0131yla bir alt\u0131n \u00e7a\u011f ya\u015fam\u0131\u015ft\u0131r. \u0130lim ve bilimde \u015farts\u0131z d\u00fcnyaya h\u00e2kimdir. 13. y\u00fczy\u0131ldan bu tarafaysa hem ilim hem<span class=\"excerpt-hellip\"> [\u2026]<\/span><\/p>\n","protected":false},"featured_media":0,"template":"","meta":{"_monsterinsights_skip_tracking":false,"_monsterinsights_sitenote_active":false,"_monsterinsights_sitenote_note":"","_monsterinsights_sitenote_category":0},"product_brand":[],"product_cat":[13590,12337],"product_tag":[],"class_list":{"0":"post-711122","1":"product","2":"type-product","3":"status-publish","5":"product_cat-arastirma-inceleme-politika-siyaset","6":"product_cat-politika-siyaset","7":"pa_cilt-ciltsiz","8":"pa_tur-kitap","9":"pa_yayinevi-destek-yayinlari","10":"pa_yazar-ramazan-kurtoglu","12":"first","13":"instock","14":"sale","15":"shipping-taxable","16":"purchasable","17":"product-type-simple"},"_links":{"self":[{"href":"https:\/\/roveyayinevi.com.tr\/index.php\/wp-json\/wp\/v2\/product\/711122","targetHints":{"allow":["GET"]}}],"collection":[{"href":"https:\/\/roveyayinevi.com.tr\/index.php\/wp-json\/wp\/v2\/product"}],"about":[{"href":"https:\/\/roveyayinevi.com.tr\/index.php\/wp-json\/wp\/v2\/types\/product"}],"wp:attachment":[{"href":"https:\/\/roveyayinevi.com.tr\/index.php\/wp-json\/wp\/v2\/media?parent=711122"}],"wp:term":[{"taxonomy":"product_brand","embeddable":true,"href":"https:\/\/roveyayinevi.com.tr\/index.php\/wp-json\/wp\/v2\/product_brand?post=711122"},{"taxonomy":"product_cat","embeddable":true,"href":"https:\/\/roveyayinevi.com.tr\/index.php\/wp-json\/wp\/v2\/product_cat?post=711122"},{"taxonomy":"product_tag","embeddable":true,"href":"https:\/\/roveyayinevi.com.tr\/index.php\/wp-json\/wp\/v2\/product_tag?post=711122"}],"curies":[{"name":"wp","href":"https:\/\/api.w.org\/{rel}","templated":true}]}}