{"id":711121,"date":"2025-08-27T16:42:26","date_gmt":"2025-08-27T13:42:26","guid":{"rendered":"https:\/\/roveyayinevi.com.tr\/index.php\/urun\/sen-gunes-kokuyorsun-daha\/"},"modified":"2026-04-16T02:19:48","modified_gmt":"2026-04-15T23:19:48","slug":"sen-gunes-kokuyorsun-daha","status":"publish","type":"product","link":"https:\/\/roveyayinevi.com.tr\/index.php\/urun\/sen-gunes-kokuyorsun-daha\/","title":{"rendered":"Sen G\u00fcne\u015f Kokuyorsun Daha!"},"content":{"rendered":"<p>\u0130nsan K\u0131sad\u0131r Babaannem derdi ki: \u0130nsan k\u0131sad\u0131r o\u011flum ve bilmezden gelir k\u0131sal\u0131\u011f\u0131n\u0131, bilseydi yar\u0131\u015fmazd\u0131 yollarla, g\u00f6\u011fe evler y\u00fckseltmezdi, Nazl\u0131 babaannem s\u00f6z\u00fc de uzatmazd\u0131 \u0131srar\u0131 da az s\u00f6yler, usul s\u00f6yler, pir s\u00f6ylerdi bir de adam\u0131n k\u00f6t\u00fcs\u00fcn\u00fc piyade, s\u00f6z\u00fcn fazlas\u0131n\u0131 \u015fiir yaparlar derdi, piyade oldu\u011fumu da g\u00f6rd\u00fc \u015fiir yazd\u0131\u011f\u0131m\u0131 da, k\u00fc\u00e7\u00fcc\u00fck bir b\u00fcy\u00fckanneydi, onu yitirince anlad\u0131m k\u0131sac\u0131km\u0131\u015f her \u015fey, insan k\u0131saym\u0131\u015f a\u011fa\u00e7tan, ikindiden, elmadan, g\u00fcne\u015ften, kardan, ya\u011fmurdan, g\u00f6lgemiz bile bizden uzunmu\u015f, ya \u00e7ocukluk, o da r\u00fcyas\u0131ndan k\u0131saym\u0131\u015f me\u011fer, sanki alt\u0131 karde\u015f n\u00f6betle\u015fe r\u00fcya g\u00f6rsek hepimizden bir \u00e7ocukluk belki \u00e7\u0131karm\u0131\u015f, \u201cbu d\u00fcnya bir pencere\u201d t\u00fcrk\u00fcs\u00fcn\u00fc s\u00f6ylerdi de anlamazd\u0131k, bu d\u00fcnyaya al\u0131\u015ft\u0131k, \u015fimdi zor geliyor d\u00fcnyadan gitmek, bazen r\u00fcyama geliyor, k\u0131sac\u0131k kal\u0131yor, bir g\u00fcl\u00fcmseme kadar, \u201c\u00e7ok uzatma\u201d diyor \u201c\u015fiiri, kimse anlamaz ve \u00f6mr\u00fcn de uzamaz bundan,\u201d insan yanl\u0131\u015flar\u0131yla b\u00fcy\u00fcr, a\u015fk\u0131 uzun boylu san\u0131rd\u0131m anlad\u0131m ama, ne zaman, harflerinden de k\u0131saym\u0131\u015f a\u015fk, bazen yaz\u0131ncaya kadar ge\u00e7iyor, bazen zaman al\u0131yor a\u015fk\u0131 i\u00e7imizdeki ormandan kurtarmak, a\u015fk k\u0131sa, \u015fiir uzun, s\u00f6zgelimi bir a\u011fa\u00e7 kaybolsa da orman yine orman, ya bir harfli kaybolsa, zaten ka\u00e7 harf ki insan? <\/p>\n","protected":false},"excerpt":{"rendered":"<p>\u0130nsan K\u0131sad\u0131r Babaannem derdi ki: \u0130nsan k\u0131sad\u0131r o\u011flum ve bilmezden gelir k\u0131sal\u0131\u011f\u0131n\u0131, bilseydi yar\u0131\u015fmazd\u0131 yollarla, g\u00f6\u011fe evler y\u00fckseltmezdi, Nazl\u0131 babaannem s\u00f6z\u00fc de uzatmazd\u0131 \u0131srar\u0131 da az<span class=\"excerpt-hellip\"> [\u2026]<\/span><\/p>\n","protected":false},"featured_media":0,"template":"","meta":{"_monsterinsights_skip_tracking":false,"_monsterinsights_sitenote_active":false,"_monsterinsights_sitenote_note":"","_monsterinsights_sitenote_category":0},"product_brand":[],"product_cat":[12291,12509],"product_tag":[],"class_list":{"0":"post-711121","1":"product","2":"type-product","3":"status-publish","5":"product_cat-edebiyat","6":"product_cat-siir","7":"pa_cilt-ciltsiz","8":"pa_tur-kitap","9":"pa_yayinevi-kirmizi-kedi-yayinevi","10":"pa_yazar-haydar-ergulen","12":"first","13":"instock","14":"sale","15":"shipping-taxable","16":"purchasable","17":"product-type-simple"},"_links":{"self":[{"href":"https:\/\/roveyayinevi.com.tr\/index.php\/wp-json\/wp\/v2\/product\/711121","targetHints":{"allow":["GET"]}}],"collection":[{"href":"https:\/\/roveyayinevi.com.tr\/index.php\/wp-json\/wp\/v2\/product"}],"about":[{"href":"https:\/\/roveyayinevi.com.tr\/index.php\/wp-json\/wp\/v2\/types\/product"}],"wp:attachment":[{"href":"https:\/\/roveyayinevi.com.tr\/index.php\/wp-json\/wp\/v2\/media?parent=711121"}],"wp:term":[{"taxonomy":"product_brand","embeddable":true,"href":"https:\/\/roveyayinevi.com.tr\/index.php\/wp-json\/wp\/v2\/product_brand?post=711121"},{"taxonomy":"product_cat","embeddable":true,"href":"https:\/\/roveyayinevi.com.tr\/index.php\/wp-json\/wp\/v2\/product_cat?post=711121"},{"taxonomy":"product_tag","embeddable":true,"href":"https:\/\/roveyayinevi.com.tr\/index.php\/wp-json\/wp\/v2\/product_tag?post=711121"}],"curies":[{"name":"wp","href":"https:\/\/api.w.org\/{rel}","templated":true}]}}