{"id":711118,"date":"2025-08-27T16:42:24","date_gmt":"2025-08-27T13:42:24","guid":{"rendered":"https:\/\/roveyayinevi.com.tr\/index.php\/urun\/mogol-istilasina-kadar-turkistan-ciltli\/"},"modified":"2026-04-16T02:19:48","modified_gmt":"2026-04-15T23:19:48","slug":"mogol-istilasina-kadar-turkistan-ciltli","status":"publish","type":"product","link":"https:\/\/roveyayinevi.com.tr\/index.php\/urun\/mogol-istilasina-kadar-turkistan-ciltli\/","title":{"rendered":"Mo\u011fol \u0130stilas\u0131na Kadar T\u00fcrkistan (Ciltli)"},"content":{"rendered":"<p>T\u00fcrk topluluklar\u0131n\u0131n farkl\u0131 tarihlerde \u0130sl\u00e2miyet&#8217;i kabul etmesi \u00f6ncesi ve sonras\u0131ndaki T\u00fcrkistan tarihi hakk\u0131nda T\u00fcrk\u00e7e literat\u00fcr halen yeterli d\u00fczeyde de\u011fildir. T\u00fcrkistan tarihinde \u00f6nemli bir d\u00f6nem olan Mo\u011fol istilas\u0131 hakk\u0131nda da durum benzerdir. Oysa kadim T\u00fcrk tarihi olarak adland\u0131r\u0131labilecek 14. y\u00fczy\u0131l \u00f6ncesi, T\u00fcrklerin di\u011fer k\u00fclt\u00fcr ve medeniyetlerle tan\u0131\u015fmas\u0131 ve Bat\u0131ya do\u011fru kal\u0131c\u0131 olarak yay\u0131lmalar\u0131 s\u00fcre\u00e7lerini sebep ve neticeleriyle analiz etmek i\u00e7in kritik bir \u00f6neme sahiptir. Orta Asya tarihi konusunda d\u00fcnya \u00e7ap\u0131nda bir \u015f\u00f6hrete sahip olan Rus tarih\u00e7i Vasiliy V. Barthold, \u00f6\u011frencilik y\u0131llar\u0131ndan \u00f6l\u00fcm\u00fcne kadar kendini T\u00fcrkistan tarihi \u00fczerine \u00e7al\u0131\u015fmalar yapmaya adam\u0131\u015ft\u0131r. Bu \u00e7al\u0131\u015fmalar neticesinde T\u00fcrk tarihinin bu az bilinen d\u00f6nemine yorucu bir mesai sonunda \u0131\u015f\u0131k tutmaya \u00e7al\u0131\u015fm\u0131\u015ft\u0131r. Yay\u0131mlanmalar\u0131n\u0131n \u00fczerinden uzun bir s\u00fcre ge\u00e7mesine ra\u011fmen, Vasiliy V. Barthold&#8217;un eserlerinden g\u00fcn\u00fcm\u00fczde de yo\u011fun bi\u00e7imde yararlan\u0131lmaktad\u0131r. Kronik Kitap olarak Maver\u00e2\u00fcnnehr&#8217;in co\u011frafi \u00f6zellikleri, 12. y\u00fczy\u0131la kadar Orta Asyan\u0131n tarihi, Kara-Hit\u00e2ylar, Harezm\u015fahlar, \u00c7ingiz (Cengiz) Han ve Mo\u011follar ile Mo\u011fol h\u00e2kimiyeti alt\u0131ndaki T\u00fcrkistan hakk\u0131nda ayr\u0131nt\u0131l\u0131 bilgiler veren Vasiliy V. Barthold&#8217;un bu k\u0131ymetli eserini T\u00fcrk okuyucusuyla bir kez daha nitelikli bir bask\u0131yla bulu\u015fturulmaktan b\u00fcy\u00fck bir onur duyuyoruz. <\/p>\n","protected":false},"excerpt":{"rendered":"<p>T\u00fcrk topluluklar\u0131n\u0131n farkl\u0131 tarihlerde \u0130sl\u00e2miyet&#8217;i kabul etmesi \u00f6ncesi ve sonras\u0131ndaki T\u00fcrkistan tarihi hakk\u0131nda T\u00fcrk\u00e7e literat\u00fcr halen yeterli d\u00fczeyde de\u011fildir. T\u00fcrkistan tarihinde \u00f6nemli bir d\u00f6nem olan Mo\u011fol<span class=\"excerpt-hellip\"> [\u2026]<\/span><\/p>\n","protected":false},"featured_media":0,"template":"","meta":{"_monsterinsights_skip_tracking":false,"_monsterinsights_sitenote_active":false,"_monsterinsights_sitenote_note":"","_monsterinsights_sitenote_category":0},"product_brand":[],"product_cat":[12305,12304],"product_tag":[],"class_list":{"0":"post-711118","1":"product","2":"type-product","3":"status-publish","5":"product_cat-dunya-tarihi","6":"product_cat-tarih","7":"pa_cilt-ciltli","8":"pa_tur-kitap","9":"pa_yayinevi-kronik-kitap","10":"pa_yazar-v-v-barthold","12":"first","13":"instock","14":"sale","15":"shipping-taxable","16":"purchasable","17":"product-type-simple"},"_links":{"self":[{"href":"https:\/\/roveyayinevi.com.tr\/index.php\/wp-json\/wp\/v2\/product\/711118","targetHints":{"allow":["GET"]}}],"collection":[{"href":"https:\/\/roveyayinevi.com.tr\/index.php\/wp-json\/wp\/v2\/product"}],"about":[{"href":"https:\/\/roveyayinevi.com.tr\/index.php\/wp-json\/wp\/v2\/types\/product"}],"wp:attachment":[{"href":"https:\/\/roveyayinevi.com.tr\/index.php\/wp-json\/wp\/v2\/media?parent=711118"}],"wp:term":[{"taxonomy":"product_brand","embeddable":true,"href":"https:\/\/roveyayinevi.com.tr\/index.php\/wp-json\/wp\/v2\/product_brand?post=711118"},{"taxonomy":"product_cat","embeddable":true,"href":"https:\/\/roveyayinevi.com.tr\/index.php\/wp-json\/wp\/v2\/product_cat?post=711118"},{"taxonomy":"product_tag","embeddable":true,"href":"https:\/\/roveyayinevi.com.tr\/index.php\/wp-json\/wp\/v2\/product_tag?post=711118"}],"curies":[{"name":"wp","href":"https:\/\/api.w.org\/{rel}","templated":true}]}}