{"id":711114,"date":"2025-08-27T16:42:22","date_gmt":"2025-08-27T13:42:22","guid":{"rendered":"https:\/\/roveyayinevi.com.tr\/index.php\/urun\/kripto-ucgeni\/"},"modified":"2026-04-16T02:19:47","modified_gmt":"2026-04-15T23:19:47","slug":"kripto-ucgeni","status":"publish","type":"product","link":"https:\/\/roveyayinevi.com.tr\/index.php\/urun\/kripto-ucgeni\/","title":{"rendered":"Kripto \u00dc\u00e7geni"},"content":{"rendered":"<p>\u25cf HSYK bildirisinde, Ba\u015fbakan\u2019\u0131n hedef al\u0131nmas\u0131 nas\u0131l \u00f6nlendi?\u25cf O soru\u015fturmay\u0131 y\u00fcr\u00fcten savc\u0131ya ni\u00e7in ula\u015f\u0131lamad\u0131?\u25cf Emniyet kiminle ilgili iki farkl\u0131 rapor haz\u0131rlad\u0131?\u25cf Emniyet M\u00fcd\u00fcr\u00fc, TBMM\u2019de ni\u00e7in ifade vermek istedi?\u25cf Savc\u0131n\u0131n okudu\u011fu 3847 numaral\u0131 kriptoda ne yaz\u0131yordu?\u25cf Polisin \u201cMavi Sessizli\u011fi\u201d ne anlama geliyor?\u25cf M\u0130T M\u00fcste\u015far\u0131 Hakan Fidan\u2019\u0131n ifadeye \u00e7a\u011fr\u0131lmas\u0131nda neler ya\u015fand\u0131?\u25cf Br\u00fcksel\u2019de yabanc\u0131 servis eleman\u0131ndan hangi belge al\u0131nd\u0131?\u25cf Bu belgeyle kimler ni\u00e7in su\u00e7land\u0131, Ba\u015fbakan ni\u00e7in devreye girdi?\u25cf \u201cDiyarbak\u0131r\u2019da bulundu\u201d denilen belgede ne vard\u0131?\u25cf M\u0130T TIR\u2019lar\u0131nda neler ya\u015fand\u0131, Enis Berbero\u011flu bu olaya nas\u0131l sokuldu?\u25cf Melih G\u00f6k\u00e7ek, kimin talimat\u0131yla g\u00f6zalt\u0131ndayken serbest b\u0131rak\u0131ld\u0131?Ara\u015ft\u0131rmac\u0131 Gazeteci Sayg\u0131 \u00d6zt\u00fcrk, T\u00fcrkiye\u2019nin yak\u0131n tarihinde olup bitenleri kendisine has \u00fcslubuyla g\u00f6zler \u00f6n\u00fcne seriyor. Yak\u0131n tarihimizin ses getiren pek \u00e7ok olay\u0131 b\u00fct\u00fcn \u00e7\u0131plakl\u0131\u011f\u0131yla Kripto \u00dc\u00e7geni\u2019nde\u2026 <\/p>\n","protected":false},"excerpt":{"rendered":"<p>\u25cf HSYK bildirisinde, Ba\u015fbakan\u2019\u0131n hedef al\u0131nmas\u0131 nas\u0131l \u00f6nlendi?\u25cf O soru\u015fturmay\u0131 y\u00fcr\u00fcten savc\u0131ya ni\u00e7in ula\u015f\u0131lamad\u0131?\u25cf Emniyet kiminle ilgili iki farkl\u0131 rapor haz\u0131rlad\u0131?\u25cf Emniyet M\u00fcd\u00fcr\u00fc, TBMM\u2019de ni\u00e7in ifade<span class=\"excerpt-hellip\"> [\u2026]<\/span><\/p>\n","protected":false},"featured_media":0,"template":"","meta":{"_monsterinsights_skip_tracking":false,"_monsterinsights_sitenote_active":false,"_monsterinsights_sitenote_note":"","_monsterinsights_sitenote_category":0},"product_brand":[],"product_cat":[12337],"product_tag":[],"class_list":{"0":"post-711114","1":"product","2":"type-product","3":"status-publish","5":"product_cat-politika-siyaset","6":"pa_cilt-ciltsiz","7":"pa_tur-kitap","8":"pa_yayinevi-dogan-kitap","9":"pa_yazar-saygi-ozturk","11":"first","12":"instock","13":"sale","14":"shipping-taxable","15":"purchasable","16":"product-type-simple"},"_links":{"self":[{"href":"https:\/\/roveyayinevi.com.tr\/index.php\/wp-json\/wp\/v2\/product\/711114","targetHints":{"allow":["GET"]}}],"collection":[{"href":"https:\/\/roveyayinevi.com.tr\/index.php\/wp-json\/wp\/v2\/product"}],"about":[{"href":"https:\/\/roveyayinevi.com.tr\/index.php\/wp-json\/wp\/v2\/types\/product"}],"wp:attachment":[{"href":"https:\/\/roveyayinevi.com.tr\/index.php\/wp-json\/wp\/v2\/media?parent=711114"}],"wp:term":[{"taxonomy":"product_brand","embeddable":true,"href":"https:\/\/roveyayinevi.com.tr\/index.php\/wp-json\/wp\/v2\/product_brand?post=711114"},{"taxonomy":"product_cat","embeddable":true,"href":"https:\/\/roveyayinevi.com.tr\/index.php\/wp-json\/wp\/v2\/product_cat?post=711114"},{"taxonomy":"product_tag","embeddable":true,"href":"https:\/\/roveyayinevi.com.tr\/index.php\/wp-json\/wp\/v2\/product_tag?post=711114"}],"curies":[{"name":"wp","href":"https:\/\/api.w.org\/{rel}","templated":true}]}}