{"id":711113,"date":"2025-08-27T16:42:22","date_gmt":"2025-08-27T13:42:22","guid":{"rendered":"https:\/\/roveyayinevi.com.tr\/index.php\/urun\/kuytu-ormanda-neler-oluyor\/"},"modified":"2026-04-16T02:19:47","modified_gmt":"2026-04-15T23:19:47","slug":"kuytu-ormanda-neler-oluyor","status":"publish","type":"product","link":"https:\/\/roveyayinevi.com.tr\/index.php\/urun\/kuytu-ormanda-neler-oluyor\/","title":{"rendered":"Kuytu Ormanda Neler Oluyor?"},"content":{"rendered":"<p>Yeterince Uzaktan Bakarsan, B\u00fct\u00fcn\u00fc G\u00f6r\u00fcrs\u00fcn! \u201cNil kendi evini ve bah\u00e7esini d\u00fc\u015f\u00fcnd\u00fc. Orada ya\u015farken, d\u00fcnyan\u0131n ba\u015fka yerlerinde olan\u0131 biteni anlayamad\u0131\u011f\u0131n\u0131 fark etti. Kurakl\u0131k, \u00e7\u00f6ller ve yok edilen ormanlar ondan \u00e7ok uzakt\u0131. \u015eimdi bu dengesi bozuk Ku\u015fbak\u0131\u015f\u0131kopter\u2019in i\u00e7inde, yukar\u0131dan a\u015fa\u011f\u0131 bakarken ormanlar\u0131 bir b\u00fct\u00fcn olarak g\u00f6r\u00fcyordu. T\u0131pk\u0131 tek bir insan v\u00fccuduna bakar gibi.\u201d   A\u011fa\u00e7lardan tohum toplay\u0131p hik\u00e2ye dinleyerek yollar\u0131na devam eden Nil ile Tohum Koruyucusu\u2019nun maceras\u0131 nerede ve nas\u0131l bitecek? Ama\u00e7lar\u0131na ula\u015fabilecekler mi? Sibel \u015eeng\u00fcl\u2019\u00fcn yazd\u0131\u011f\u0131 Kuytu Orman\u2019da Neler Oluyor? kitab\u0131n\u0131 Buket Topako\u011flu resimledi.   TADIMLIK \u201c\u00c7ok ge\u00e7meden elinde reng\u00e2renk meyvelerle geri d\u00f6nd\u00fc. Menengi\u00e7 tohumlar\u0131, f\u0131st\u0131klar, cevizler, yabani elmalar ve armutlar\u2026 Bu, tam bir ziyafetti. Elma ve armut \u00e7ekirdekleri tohum torbas\u0131na konuldu. F\u0131st\u0131k, ceviz ve menengi\u00e7 meyvelerinin kendileri birer tohumdu. Kar\u0131nlar\u0131 doyup yapraktan yataklar\u0131na \u00e7ekilince bir sessizlik \u00e7\u00f6kt\u00fc. Onlar, g\u00fcvenli yerlerinde derin bir uykuya dalarken gecenin en karanl\u0131k noktas\u0131nda, geceden daha karanl\u0131k bir bo\u015fluk oldu. Bir g\u00f6r\u00fcn\u00fcp bir kayboldu.\u201d <\/p>\n","protected":false},"excerpt":{"rendered":"<p>Yeterince Uzaktan Bakarsan, B\u00fct\u00fcn\u00fc G\u00f6r\u00fcrs\u00fcn! \u201cNil kendi evini ve bah\u00e7esini d\u00fc\u015f\u00fcnd\u00fc. Orada ya\u015farken, d\u00fcnyan\u0131n ba\u015fka yerlerinde olan\u0131 biteni anlayamad\u0131\u011f\u0131n\u0131 fark etti. Kurakl\u0131k, \u00e7\u00f6ller ve yok edilen<span class=\"excerpt-hellip\"> [\u2026]<\/span><\/p>\n","protected":false},"featured_media":0,"template":"","meta":{"_monsterinsights_skip_tracking":false,"_monsterinsights_sitenote_active":false,"_monsterinsights_sitenote_note":"","_monsterinsights_sitenote_category":0},"product_brand":[],"product_cat":[12275,12274],"product_tag":[],"class_list":{"0":"post-711113","1":"product","2":"type-product","3":"status-publish","5":"product_cat-6-12-yas-kitaplari","6":"product_cat-cocuk-ve-genclik-kitaplari","7":"pa_cilt-ciltsiz","8":"pa_tur-kitap","9":"pa_yayinevi-yapi-kredi-yayinlari","10":"pa_yazar-sibel-sengul","12":"first","13":"instock","14":"sale","15":"shipping-taxable","16":"purchasable","17":"product-type-simple"},"_links":{"self":[{"href":"https:\/\/roveyayinevi.com.tr\/index.php\/wp-json\/wp\/v2\/product\/711113","targetHints":{"allow":["GET"]}}],"collection":[{"href":"https:\/\/roveyayinevi.com.tr\/index.php\/wp-json\/wp\/v2\/product"}],"about":[{"href":"https:\/\/roveyayinevi.com.tr\/index.php\/wp-json\/wp\/v2\/types\/product"}],"wp:attachment":[{"href":"https:\/\/roveyayinevi.com.tr\/index.php\/wp-json\/wp\/v2\/media?parent=711113"}],"wp:term":[{"taxonomy":"product_brand","embeddable":true,"href":"https:\/\/roveyayinevi.com.tr\/index.php\/wp-json\/wp\/v2\/product_brand?post=711113"},{"taxonomy":"product_cat","embeddable":true,"href":"https:\/\/roveyayinevi.com.tr\/index.php\/wp-json\/wp\/v2\/product_cat?post=711113"},{"taxonomy":"product_tag","embeddable":true,"href":"https:\/\/roveyayinevi.com.tr\/index.php\/wp-json\/wp\/v2\/product_tag?post=711113"}],"curies":[{"name":"wp","href":"https:\/\/api.w.org\/{rel}","templated":true}]}}