{"id":711112,"date":"2025-08-27T16:42:21","date_gmt":"2025-08-27T13:42:21","guid":{"rendered":"https:\/\/roveyayinevi.com.tr\/index.php\/urun\/hakikatin-izinde-konusmalar-okur-mektuplari-soylesiler-edebiyat-yazilari\/"},"modified":"2026-04-16T02:19:47","modified_gmt":"2026-04-15T23:19:47","slug":"hakikatin-izinde-konusmalar-okur-mektuplari-soylesiler-edebiyat-yazilari","status":"publish","type":"product","link":"https:\/\/roveyayinevi.com.tr\/index.php\/urun\/hakikatin-izinde-konusmalar-okur-mektuplari-soylesiler-edebiyat-yazilari\/","title":{"rendered":"Hakikatin \u0130zinde Konu\u015fmalar, Okur Mektuplar\u0131, S\u00f6yle\u015filer, Edebiyat Yaz\u0131lar\u0131"},"content":{"rendered":"<p>D\u00fczyaz\u0131n\u0131n hiddetli sesi Thomas Bernhard\u2019\u0131n ba\u015fl\u0131ca gazete yaz\u0131lar\u0131n\u0131, okur mektuplar\u0131n\u0131, bildirilerini ve \u00f6nemli s\u00f6yle\u015filerini bir araya getiren HAK\u0130KAT\u0130N \u0130Z\u0130NDE, t\u0131pk\u0131 romanlar\u0131nda ve tiyatro oyunlar\u0131nda \u00e7izdi\u011fi ba\u015fkarakterlerinden biri gibi b\u00fct\u00fcn aksili\u011fi ve d\u00fcr\u00fcstl\u00fc\u011f\u00fcyle s\u00f6z alan yazar\u0131n canl\u0131 portresini sunuyor.   Yap\u0131t\u0131nda ba\u015frol oynayan \u00fclkesi Avusturya\u2019ya duydu\u011fu nefret i\u00e7eren sevgiye; darkafal\u0131l\u0131k, k\u00f6t\u00fcl\u00fck, bilgisizlik, eylemsizlik kavramlar\u0131ndan edebiyat, tiyatro, m\u00fczik, felsefe ile ili\u015fkisine, kendisini ya\u015fama ba\u011flayan u\u00e7lara, intihar meselesine dek pek \u00e7ok konuya de\u011finen g\u00f6r\u00fc\u015fleriyle yazar-okur-insan Thomas Bernhard okur kar\u015f\u0131s\u0131na \u00e7\u0131k\u0131yor.     Hakikatin \u0130zinde: Ac\u0131 alay ve ac\u0131 s\u00f6z ustas\u0131 Thomas Bernhard\u2019\u0131n entelekt\u00fcel ki\u015fili\u011finin somut ya\u015fam\u0131na yans\u0131yan siyaseti.      Bernhard \u00e7a\u011fda\u015f Avrupa yaz\u0131n\u0131n\u0131n ustalar\u0131ndan&#8230; Kafka\u2019n\u0131n ve Canetti\u2019nin duyarl\u0131\u011f\u0131 ard\u0131ndan onunkisi modern edebiyatta en keskin, \u00f6rnek niteli\u011finde imgeler ve jestlere en h\u00e2kim olanlardan biri. George Steiner     Sizin \u015fehir m\u0131z\u0131kac\u0131lar\u0131n\u0131z\u0131n masal\u0131na g\u00f6re davranamayaca\u011f\u0131m; bir \u015fey anlatmak istemiyorum; \u015fark\u0131 s\u00f6ylemek istemiyorum; vaaz etmek istemiyorum; ama \u015furas\u0131 do\u011fru: masallar\u0131n zaman\u0131 ge\u00e7ti, \u015fehir ve devlet masallar\u0131n\u0131n ve t\u00fcm o bilimsel masallar\u0131n; felsefi olanlar da dahil; art\u0131k hayaletler \u00e2lemi yok, evrenin masall\u0131k bir yan\u0131 kalmad\u0131; en g\u00fczel masal olan Avrupa \u00f6l\u00fc\u0308; i\u015fte hakikat ve ger\u00e7eklik. Ger\u00e7eklik de hakikat gibi masal de\u011fildir ve hakikat asla masal olmam\u0131\u015ft\u0131r. Thomas Bernhard <\/p>\n","protected":false},"excerpt":{"rendered":"<p>D\u00fczyaz\u0131n\u0131n hiddetli sesi Thomas Bernhard\u2019\u0131n ba\u015fl\u0131ca gazete yaz\u0131lar\u0131n\u0131, okur mektuplar\u0131n\u0131, bildirilerini ve \u00f6nemli s\u00f6yle\u015filerini bir araya getiren HAK\u0130KAT\u0130N \u0130Z\u0130NDE, t\u0131pk\u0131 romanlar\u0131nda ve tiyatro oyunlar\u0131nda \u00e7izdi\u011fi ba\u015fkarakterlerinden<span class=\"excerpt-hellip\"> [\u2026]<\/span><\/p>\n","protected":false},"featured_media":0,"template":"","meta":{"_monsterinsights_skip_tracking":false,"_monsterinsights_sitenote_active":false,"_monsterinsights_sitenote_note":"","_monsterinsights_sitenote_category":0},"product_brand":[],"product_cat":[12364,12826],"product_tag":[],"class_list":{"0":"post-711112","1":"product","2":"type-product","3":"status-publish","5":"product_cat-genel-konular","6":"product_cat-soylesi","7":"pa_cilt-ciltsiz","8":"pa_tur-kitap","9":"pa_yayinevi-yapi-kredi-yayinlari","10":"pa_yazar-thomas-bernhard","12":"first","13":"instock","14":"sale","15":"shipping-taxable","16":"purchasable","17":"product-type-simple"},"_links":{"self":[{"href":"https:\/\/roveyayinevi.com.tr\/index.php\/wp-json\/wp\/v2\/product\/711112","targetHints":{"allow":["GET"]}}],"collection":[{"href":"https:\/\/roveyayinevi.com.tr\/index.php\/wp-json\/wp\/v2\/product"}],"about":[{"href":"https:\/\/roveyayinevi.com.tr\/index.php\/wp-json\/wp\/v2\/types\/product"}],"wp:attachment":[{"href":"https:\/\/roveyayinevi.com.tr\/index.php\/wp-json\/wp\/v2\/media?parent=711112"}],"wp:term":[{"taxonomy":"product_brand","embeddable":true,"href":"https:\/\/roveyayinevi.com.tr\/index.php\/wp-json\/wp\/v2\/product_brand?post=711112"},{"taxonomy":"product_cat","embeddable":true,"href":"https:\/\/roveyayinevi.com.tr\/index.php\/wp-json\/wp\/v2\/product_cat?post=711112"},{"taxonomy":"product_tag","embeddable":true,"href":"https:\/\/roveyayinevi.com.tr\/index.php\/wp-json\/wp\/v2\/product_tag?post=711112"}],"curies":[{"name":"wp","href":"https:\/\/api.w.org\/{rel}","templated":true}]}}