{"id":711111,"date":"2025-08-27T16:42:20","date_gmt":"2025-08-27T13:42:20","guid":{"rendered":"https:\/\/roveyayinevi.com.tr\/index.php\/urun\/kirk-yil\/"},"modified":"2026-04-16T02:19:47","modified_gmt":"2026-04-15T23:19:47","slug":"kirk-yil","status":"publish","type":"product","link":"https:\/\/roveyayinevi.com.tr\/index.php\/urun\/kirk-yil\/","title":{"rendered":"K\u0131rk Y\u0131l"},"content":{"rendered":"<p>Halit Ziya U\u015fakl\u0131gil\u2019in an\u0131 kitab\u0131 K\u0131rk Y\u0131l 81 y\u0131l sonra asl\u0131na uygun bir bask\u0131yla okurlar\u0131na kavu\u015fuyor.K\u0131rk Y\u0131l, Halit Ziya U\u015fakl\u0131gil\u2019in altm\u0131\u015f ya\u015flar\u0131ndayken hayat\u0131n\u0131n ilk k\u0131rk y\u0131l\u0131n\u0131 anlatt\u0131\u011f\u0131 bir hat\u0131ra kitab\u0131d\u0131r. 1865\u2019te do\u011fan yazar, \u0130kinci Me\u015frutiyet\u2019in (1908) ilan\u0131na kadar ge\u00e7en s\u00fcrede, \u00e7ocukluk ve gen\u00e7lik \u00e7a\u011flar\u0131n\u0131, aile ve okul ili\u015fkilerini, edebiyat ve memuriyet hayat\u0131n\u0131 b\u00fct\u00fcn ayr\u0131nt\u0131lar\u0131yla g\u00f6zler \u00f6n\u00fcne serer.K\u0131rk Y\u0131l\u2019\u0131 okuyanlar, edebiyat tarih\u00e7ileri taraf\u0131ndan T\u00fcrk edebiyat\u0131n\u0131n ilk b\u00fcy\u00fck romanc\u0131s\u0131 kabul edilen Halit Ziya\u2019n\u0131n kaleminden hem modern edebiyat\u0131m\u0131z\u0131n kurulu\u015fu hakk\u0131nda bilgi sahibi olacak hem de Sultan Hamit d\u00f6neminin belliba\u015fl\u0131 olaylar\u0131na, pek \u00e7ok toplumsal ve siyasal d\u00f6n\u00fc\u015f\u00fcme tan\u0131kl\u0131k edecekler. Sadece bu bask\u0131da yer alan kapsaml\u0131 \u201cDizin\u201de g\u00f6z at\u0131ld\u0131\u011f\u0131nda bile eserin muhtevas\u0131 ana hatlar\u0131yla ve b\u00fct\u00fcn ayr\u0131nt\u0131lar\u0131yla g\u00f6r\u00fclebiliyor.Kitab\u0131 yay\u0131na haz\u0131rlayan Abdullah U\u00e7man \u00f6ns\u00f6z\u00fcnde \u015f\u00f6yle diyor: \u201cElinizdeki kitap, 1936 bask\u0131s\u0131 esas al\u0131narak, sonraki her iki bask\u0131 da g\u00f6zden ge\u00e7irilerek ama onlardan biraz farkl\u0131 \u015fekilde herhangi bir sadele\u015ftirmeye gidilmeden, onlarda yer alan bir k\u0131s\u0131m eksik ve hatal\u0131 a\u00e7\u0131klamalar d\u00fczeltilmek ve baz\u0131 il\u00e2veler yap\u0131lmak suretiyle haz\u0131rlanm\u0131\u015ft\u0131r. Burada ayn\u0131 zamanda eski iml\u00e2 g\u00fcn\u00fcm\u00fcz iml\u00e2s\u0131na uyarlanm\u0131\u015f, gerekli g\u00f6r\u00fclen yerlerde dipnotlar\u0131 konularak a\u00e7\u0131klamalar yap\u0131lm\u0131\u015f, dipnotlar\u0131nda konuyla ilgili daha fazla bilgi i\u00e7in kaynak da zikredilmi\u015ftir. Yay\u0131mlan\u0131\u015f\u0131ndan seksen y\u0131l sonra, yak\u0131n denebilecek ge\u00e7mi\u015fimizi o g\u00fcnleri bizzat ya\u015fayan Halit Ziya gibi son derece iyi bir g\u00f6zlemci ve b\u00fcy\u00fck bir tasvir ustas\u0131n\u0131n kaleminden daha yak\u0131ndan tan\u0131mak isteyenlerce K\u0131rk Y\u0131l\u2019\u0131n da bir roman gibi merak, heyecan ve zevkle okunaca\u011f\u0131n\u0131 umuyorum.\u201d <\/p>\n","protected":false},"excerpt":{"rendered":"<p>Halit Ziya U\u015fakl\u0131gil\u2019in an\u0131 kitab\u0131 K\u0131rk Y\u0131l 81 y\u0131l sonra asl\u0131na uygun bir bask\u0131yla okurlar\u0131na kavu\u015fuyor.K\u0131rk Y\u0131l, Halit Ziya U\u015fakl\u0131gil\u2019in altm\u0131\u015f ya\u015flar\u0131ndayken hayat\u0131n\u0131n ilk k\u0131rk y\u0131l\u0131n\u0131<span class=\"excerpt-hellip\"> [\u2026]<\/span><\/p>\n","protected":false},"featured_media":0,"template":"","meta":{"_monsterinsights_skip_tracking":false,"_monsterinsights_sitenote_active":false,"_monsterinsights_sitenote_note":"","_monsterinsights_sitenote_category":0},"product_brand":[],"product_cat":[14009,12291],"product_tag":[],"class_list":{"0":"post-711111","1":"product","2":"type-product","3":"status-publish","5":"product_cat-biyografi-otobiyografi-edebiyat","6":"product_cat-edebiyat","7":"pa_cilt-ciltsiz","8":"pa_tur-kitap","9":"pa_yayinevi-yapi-kredi-yayinlari","10":"pa_yazar-halid-ziya-usakligil","12":"first","13":"instock","14":"sale","15":"shipping-taxable","16":"purchasable","17":"product-type-simple"},"_links":{"self":[{"href":"https:\/\/roveyayinevi.com.tr\/index.php\/wp-json\/wp\/v2\/product\/711111","targetHints":{"allow":["GET"]}}],"collection":[{"href":"https:\/\/roveyayinevi.com.tr\/index.php\/wp-json\/wp\/v2\/product"}],"about":[{"href":"https:\/\/roveyayinevi.com.tr\/index.php\/wp-json\/wp\/v2\/types\/product"}],"wp:attachment":[{"href":"https:\/\/roveyayinevi.com.tr\/index.php\/wp-json\/wp\/v2\/media?parent=711111"}],"wp:term":[{"taxonomy":"product_brand","embeddable":true,"href":"https:\/\/roveyayinevi.com.tr\/index.php\/wp-json\/wp\/v2\/product_brand?post=711111"},{"taxonomy":"product_cat","embeddable":true,"href":"https:\/\/roveyayinevi.com.tr\/index.php\/wp-json\/wp\/v2\/product_cat?post=711111"},{"taxonomy":"product_tag","embeddable":true,"href":"https:\/\/roveyayinevi.com.tr\/index.php\/wp-json\/wp\/v2\/product_tag?post=711111"}],"curies":[{"name":"wp","href":"https:\/\/api.w.org\/{rel}","templated":true}]}}