{"id":711110,"date":"2025-08-27T16:42:20","date_gmt":"2025-08-27T13:42:20","guid":{"rendered":"https:\/\/roveyayinevi.com.tr\/index.php\/urun\/kotu-durum-senaryolari-igrenclikler-kitabi\/"},"modified":"2026-04-16T02:19:47","modified_gmt":"2026-04-15T23:19:47","slug":"kotu-durum-senaryolari-igrenclikler-kitabi","status":"publish","type":"product","link":"https:\/\/roveyayinevi.com.tr\/index.php\/urun\/kotu-durum-senaryolari-igrenclikler-kitabi\/","title":{"rendered":"K\u00f6t\u00fc Durum Senaryolar\u0131 \u0130\u011fren\u00e7likler Kitab\u0131"},"content":{"rendered":"<p>S\u00fcm\u00fck. Kusmuk. A\u011f\u0131z Kokusu. \u0130\u011eREN\u00c7!   \u0130ster buzdolab\u0131n\u0131n diplerinde unutulmu\u015f bozuk bir peynir, ister yan\u0131n\u0131zda oturan birinin koltuk alt\u0131 kokusu olsun, d\u0131\u015far\u0131daki d\u00fcnya, \u00e7e\u015fitli i\u011fren\u00e7liklerle doludur. Bu kitap size \u00f6\u011fle yeme\u011finizi \u00e7\u0131kartmadan t\u00fcm bu \u201c\u00f6\u011f\u011fk\u201d diye tepki verilen durumlarla ba\u015f etmeniz i\u00e7in \u00e7e\u015fitli ipu\u00e7lar\u0131 verecek. \u0130\u00e7eride size ad\u0131m ad\u0131m anlat\u0131lan pratik \u00e7\u00f6z\u00fcmler bulacaks\u0131n\u0131z:   \u00b7         Her b\u00fcy\u00fckl\u00fckte ve kokuda osurukla ba\u015f etme yollar\u0131 \u00b7         Okul tuvaletinde sa\u011f kalma teknikleri \u00b7         Hafif\u00e7e kanamaya ba\u015flayan yara \u00b7         Kokarcadan ka\u00e7mak \u00b7         Si\u011fillerle bo\u011fu\u015fmak \u00b7         Ku\u015f pislemesinden ka\u00e7mak \u00b7         Sinek istilas\u0131n\u0131 \u00f6nlemek &#8230;ve daha neler neler! <\/p>\n","protected":false},"excerpt":{"rendered":"<p>S\u00fcm\u00fck. Kusmuk. A\u011f\u0131z Kokusu. \u0130\u011eREN\u00c7! \u0130ster buzdolab\u0131n\u0131n diplerinde unutulmu\u015f bozuk bir peynir, ister yan\u0131n\u0131zda oturan birinin koltuk alt\u0131 kokusu olsun, d\u0131\u015far\u0131daki d\u00fcnya, \u00e7e\u015fitli i\u011fren\u00e7liklerle doludur. Bu<span class=\"excerpt-hellip\"> [\u2026]<\/span><\/p>\n","protected":false},"featured_media":0,"template":"","meta":{"_monsterinsights_skip_tracking":false,"_monsterinsights_sitenote_active":false,"_monsterinsights_sitenote_note":"","_monsterinsights_sitenote_category":0},"product_brand":[],"product_cat":[12275,12274],"product_tag":[],"class_list":{"0":"post-711110","1":"product","2":"type-product","3":"status-publish","5":"product_cat-6-12-yas-kitaplari","6":"product_cat-cocuk-ve-genclik-kitaplari","7":"pa_cilt-ciltsiz","8":"pa_tur-kitap","9":"pa_yayinevi-beta-kids","10":"pa_yazar-david-borgenicht-nathaniel-maruna-robin-epstein","12":"first","13":"instock","14":"sale","15":"shipping-taxable","16":"purchasable","17":"product-type-simple"},"_links":{"self":[{"href":"https:\/\/roveyayinevi.com.tr\/index.php\/wp-json\/wp\/v2\/product\/711110","targetHints":{"allow":["GET"]}}],"collection":[{"href":"https:\/\/roveyayinevi.com.tr\/index.php\/wp-json\/wp\/v2\/product"}],"about":[{"href":"https:\/\/roveyayinevi.com.tr\/index.php\/wp-json\/wp\/v2\/types\/product"}],"wp:attachment":[{"href":"https:\/\/roveyayinevi.com.tr\/index.php\/wp-json\/wp\/v2\/media?parent=711110"}],"wp:term":[{"taxonomy":"product_brand","embeddable":true,"href":"https:\/\/roveyayinevi.com.tr\/index.php\/wp-json\/wp\/v2\/product_brand?post=711110"},{"taxonomy":"product_cat","embeddable":true,"href":"https:\/\/roveyayinevi.com.tr\/index.php\/wp-json\/wp\/v2\/product_cat?post=711110"},{"taxonomy":"product_tag","embeddable":true,"href":"https:\/\/roveyayinevi.com.tr\/index.php\/wp-json\/wp\/v2\/product_tag?post=711110"}],"curies":[{"name":"wp","href":"https:\/\/api.w.org\/{rel}","templated":true}]}}