{"id":711104,"date":"2025-08-27T16:42:17","date_gmt":"2025-08-27T13:42:17","guid":{"rendered":"https:\/\/roveyayinevi.com.tr\/index.php\/urun\/sessizlik-2\/"},"modified":"2026-04-16T02:19:47","modified_gmt":"2026-04-15T23:19:47","slug":"sessizlik-2","status":"publish","type":"product","link":"https:\/\/roveyayinevi.com.tr\/index.php\/urun\/sessizlik-2\/","title":{"rendered":"Sessizlik"},"content":{"rendered":"<p>Yaln\u0131zca sessizli\u011fi bilenler nihai hakikate yakla\u015fabilir. Kimse kimseye hakikati getirmemi\u015ftir ve sessizli\u011fin ne oldu\u011funu bilmedi\u011fi m\u00fcddet\u00e7e de kimse kendini nihai hakikate erdiremez. Kendimizi yirmi d\u00f6rt saat boyunca konu\u015fmaya kapt\u0131rm\u0131\u015f durumday\u0131z. Bir s\u00fcre sessiz kalma f\u0131rsat\u0131m\u0131z olsa bile, sessizli\u011fin kendisi sanki bir\u00e7ok soruna yol a\u00e7\u0131yormu\u015f gibi geliyor bize; huzursuzla\u015f\u0131yoruz ve zaman\u0131 nas\u0131l ge\u00e7irebiliriz diye endi\u015fe ediyoruz.   \u201cOsho, 20. y\u00fczy\u0131l\u0131n 1000 ilah\u0131ndan biri&#8230;\u201d The Sunday Times <\/p>\n","protected":false},"excerpt":{"rendered":"<p>Yaln\u0131zca sessizli\u011fi bilenler nihai hakikate yakla\u015fabilir. Kimse kimseye hakikati getirmemi\u015ftir ve sessizli\u011fin ne oldu\u011funu bilmedi\u011fi m\u00fcddet\u00e7e de kimse kendini nihai hakikate erdiremez. Kendimizi yirmi d\u00f6rt saat<span class=\"excerpt-hellip\"> [\u2026]<\/span><\/p>\n","protected":false},"featured_media":0,"template":"","meta":{"_monsterinsights_skip_tracking":false,"_monsterinsights_sitenote_active":false,"_monsterinsights_sitenote_note":"","_monsterinsights_sitenote_category":0},"product_brand":[],"product_cat":[12364,12376],"product_tag":[],"class_list":{"0":"post-711104","1":"product","2":"type-product","3":"status-publish","5":"product_cat-genel-konular","6":"product_cat-kisisel-gelisim","7":"pa_cilt-ciltsiz","8":"pa_tur-kitap","9":"pa_yayinevi-omega","10":"pa_yazar-osho","12":"first","13":"instock","14":"sale","15":"shipping-taxable","16":"purchasable","17":"product-type-simple"},"_links":{"self":[{"href":"https:\/\/roveyayinevi.com.tr\/index.php\/wp-json\/wp\/v2\/product\/711104","targetHints":{"allow":["GET"]}}],"collection":[{"href":"https:\/\/roveyayinevi.com.tr\/index.php\/wp-json\/wp\/v2\/product"}],"about":[{"href":"https:\/\/roveyayinevi.com.tr\/index.php\/wp-json\/wp\/v2\/types\/product"}],"wp:attachment":[{"href":"https:\/\/roveyayinevi.com.tr\/index.php\/wp-json\/wp\/v2\/media?parent=711104"}],"wp:term":[{"taxonomy":"product_brand","embeddable":true,"href":"https:\/\/roveyayinevi.com.tr\/index.php\/wp-json\/wp\/v2\/product_brand?post=711104"},{"taxonomy":"product_cat","embeddable":true,"href":"https:\/\/roveyayinevi.com.tr\/index.php\/wp-json\/wp\/v2\/product_cat?post=711104"},{"taxonomy":"product_tag","embeddable":true,"href":"https:\/\/roveyayinevi.com.tr\/index.php\/wp-json\/wp\/v2\/product_tag?post=711104"}],"curies":[{"name":"wp","href":"https:\/\/api.w.org\/{rel}","templated":true}]}}