{"id":711103,"date":"2025-08-27T16:42:16","date_gmt":"2025-08-27T13:42:16","guid":{"rendered":"https:\/\/roveyayinevi.com.tr\/index.php\/urun\/karda-birdoksan\/"},"modified":"2026-04-16T02:19:47","modified_gmt":"2026-04-15T23:19:47","slug":"karda-birdoksan","status":"publish","type":"product","link":"https:\/\/roveyayinevi.com.tr\/index.php\/urun\/karda-birdoksan\/","title":{"rendered":"Karda Birdoksan"},"content":{"rendered":"<p>A\u015fk, dondurucu bir so\u011fuktur bazen&#8230; Adrian yutkundu. \u201cHerkes benim bir \u015fey s\u00f6ylememi istiyor, ama ben bir \u015fey s\u00f6ylersem, Stella\u2019n\u0131n gidece\u011fini ve onu bir daha, asla g\u00f6remeyece\u011fimi d\u00fc\u015f\u00fcnd\u00fcm.\u201d Biraz sustuktan sonra m\u0131r\u0131ldanarak devam etti. \u201cSonu\u00e7 olarak, hi\u00e7bir \u015fey s\u00f6ylemedim ama yine de her \u015fey bitti. Onu g\u00f6r\u00fcyorum, ama yine de ona bir daha asla bakamayaca\u011f\u0131m. En k\u00f6t\u00fcs\u00fc de \u015fu: B\u00f6yle bir \u015fey, ancak biri \u00f6ld\u00fc\u011f\u00fcnde biter ya da senden ayr\u0131ld\u0131\u011f\u0131nda. O zaman ge\u00e7erlidir \u00fcz\u00fclmek, o zaman hakk\u0131n olur buna. Ama biz birlikte bile de\u011fildik ki&#8230;\u201d \u0130lk arkada\u015f, ilk a\u015fk, tatl\u0131 bir ak\u0131nt\u0131 gibi. \u0130lk kalp s\u0131z\u0131s\u0131, so\u011fuk, \u00e7ok so\u011fuk! Giderek uzayan, uzad\u0131k\u00e7a yaln\u0131zla\u015ft\u0131ran bir s\u0131z\u0131. D\u00fcnyadaki yerini anlamaya \u00e7al\u0131\u015fan bir gencin, umuda, ya\u015fama ve sevgiye tutunmas\u0131n\u0131n hik\u00e2yesi. Alman yazar Susan Kreller, Alman Gen\u00e7lik Edebiyat\u0131 2015 En \u0130yi Roman \u00d6d\u00fcl\u00fc\u2019ne de\u011fer g\u00f6r\u00fclen roman\u0131yla ilk kez T\u00fcrk\u00e7e\u2019de! Bir arkada\u015fl\u0131\u011f\u0131n ilk a\u015fka d\u00f6n\u00fc\u015fmesini ve ilk kalp k\u0131r\u0131kl\u0131\u011f\u0131n\u0131 yal\u0131n \u00fcslubuyla anlatan yazar, ya\u015f\u0131tlar\u0131ndan \u201cfarkl\u0131\u201d bir gencin hissettikleri e\u015fli\u011finde, \u201cnormal\u201d kavram\u0131n\u0131 tart\u0131\u015fmaya a\u00e7\u0131yor. Araya giren mesafelerin de\u011fi\u015fik hallerini incelikle i\u015fleyen kitap, a\u015fk\u0131n so\u011fuk yan\u0131yla tan\u0131\u015ft\u0131r\u0131yor. \ufffcTan\u0131t\u0131m Metni<\/p>\n","protected":false},"excerpt":{"rendered":"<p>A\u015fk, dondurucu bir so\u011fuktur bazen&#8230; Adrian yutkundu. \u201cHerkes benim bir \u015fey s\u00f6ylememi istiyor, ama ben bir \u015fey s\u00f6ylersem, Stella\u2019n\u0131n gidece\u011fini ve onu bir daha, asla g\u00f6remeyece\u011fimi<span class=\"excerpt-hellip\"> [\u2026]<\/span><\/p>\n","protected":false},"featured_media":0,"template":"","meta":{"_monsterinsights_skip_tracking":false,"_monsterinsights_sitenote_active":false,"_monsterinsights_sitenote_note":"","_monsterinsights_sitenote_category":0},"product_brand":[],"product_cat":[12291,12711],"product_tag":[],"class_list":{"0":"post-711103","1":"product","2":"type-product","3":"status-publish","5":"product_cat-edebiyat","6":"product_cat-roman-oyku","7":"pa_cilt-ciltsiz","8":"pa_tur-kitap","9":"pa_yayinevi-on8-kitap","10":"pa_yazar-susan-kreller","12":"first","13":"instock","14":"sale","15":"shipping-taxable","16":"purchasable","17":"product-type-simple"},"_links":{"self":[{"href":"https:\/\/roveyayinevi.com.tr\/index.php\/wp-json\/wp\/v2\/product\/711103","targetHints":{"allow":["GET"]}}],"collection":[{"href":"https:\/\/roveyayinevi.com.tr\/index.php\/wp-json\/wp\/v2\/product"}],"about":[{"href":"https:\/\/roveyayinevi.com.tr\/index.php\/wp-json\/wp\/v2\/types\/product"}],"wp:attachment":[{"href":"https:\/\/roveyayinevi.com.tr\/index.php\/wp-json\/wp\/v2\/media?parent=711103"}],"wp:term":[{"taxonomy":"product_brand","embeddable":true,"href":"https:\/\/roveyayinevi.com.tr\/index.php\/wp-json\/wp\/v2\/product_brand?post=711103"},{"taxonomy":"product_cat","embeddable":true,"href":"https:\/\/roveyayinevi.com.tr\/index.php\/wp-json\/wp\/v2\/product_cat?post=711103"},{"taxonomy":"product_tag","embeddable":true,"href":"https:\/\/roveyayinevi.com.tr\/index.php\/wp-json\/wp\/v2\/product_tag?post=711103"}],"curies":[{"name":"wp","href":"https:\/\/api.w.org\/{rel}","templated":true}]}}