{"id":711099,"date":"2025-08-27T16:42:14","date_gmt":"2025-08-27T13:42:14","guid":{"rendered":"https:\/\/roveyayinevi.com.tr\/index.php\/urun\/icinize-donun\/"},"modified":"2026-04-16T02:19:47","modified_gmt":"2026-04-15T23:19:47","slug":"icinize-donun","status":"publish","type":"product","link":"https:\/\/roveyayinevi.com.tr\/index.php\/urun\/icinize-donun\/","title":{"rendered":"\u0130\u00e7inize D\u00f6n\u00fcn"},"content":{"rendered":"<p>Ba\u015fa d\u00f6nelim! En ba\u015fa! \u201c\u0130\u00e7imize!\u201d \u0130\u00e7imiz,Ki \u00c2dem\u2019den sonra ba\u015flayan ihtilal. Y\u0131k\u0131lm\u0131\u015f bir imparatorluk. Ma\u011flup olunmu\u015f bir sava\u015f. Yenilgi beldesi. Y\u00fcz\u00fcm\u00fcze perdah yans\u0131tan, fersah fersah karanl\u0131\u011fa yay\u0131lan melce! \u0130\u00e7imiz,\u201cKendine iyi bak\u201dmalarla s\u00fcslenmi\u015f, y\u0131llard\u0131r u\u011framad\u0131\u011f\u0131m\u0131z talan olmu\u015f g\u00f6n\u00fcl bah\u00e7esi. \u0130\u00e7imiz,Herkesten s\u0131y\u0131r\u0131p, herkesten gizleyip kabu\u011funa \u00e7ekildi\u011fimiz sessizlik \u00fclkesi. \u0130\u00e7imiz,D\u0131\u015fa yans\u0131mayan kurtlu bir meyve. K\u00f6k\u00fc \u00e7\u00fcr\u00fcm\u00fc\u015f bir g\u00f6vde. Ve i\u00e7imiz\u2026 Hepimizin i\u00e7inde bir tufan vard\u0131r. <\/p>\n","protected":false},"excerpt":{"rendered":"<p>Ba\u015fa d\u00f6nelim! En ba\u015fa! \u201c\u0130\u00e7imize!\u201d \u0130\u00e7imiz,Ki \u00c2dem\u2019den sonra ba\u015flayan ihtilal. Y\u0131k\u0131lm\u0131\u015f bir imparatorluk. Ma\u011flup olunmu\u015f bir sava\u015f. Yenilgi beldesi. Y\u00fcz\u00fcm\u00fcze perdah yans\u0131tan, fersah fersah karanl\u0131\u011fa yay\u0131lan<span class=\"excerpt-hellip\"> [\u2026]<\/span><\/p>\n","protected":false},"featured_media":0,"template":"","meta":{"_monsterinsights_skip_tracking":false,"_monsterinsights_sitenote_active":false,"_monsterinsights_sitenote_note":"","_monsterinsights_sitenote_category":0},"product_brand":[],"product_cat":[12718,12719,15238],"product_tag":[],"class_list":{"0":"post-711099","1":"product","2":"type-product","3":"status-publish","5":"product_cat-din","6":"product_cat-islam","7":"product_cat-tasavvuf","8":"pa_cilt-ciltsiz","9":"pa_tur-kitap","10":"pa_yayinevi-hayykitap","11":"pa_yazar-faruk-yigit-araz","13":"first","14":"instock","15":"sale","16":"shipping-taxable","17":"purchasable","18":"product-type-simple"},"_links":{"self":[{"href":"https:\/\/roveyayinevi.com.tr\/index.php\/wp-json\/wp\/v2\/product\/711099","targetHints":{"allow":["GET"]}}],"collection":[{"href":"https:\/\/roveyayinevi.com.tr\/index.php\/wp-json\/wp\/v2\/product"}],"about":[{"href":"https:\/\/roveyayinevi.com.tr\/index.php\/wp-json\/wp\/v2\/types\/product"}],"wp:attachment":[{"href":"https:\/\/roveyayinevi.com.tr\/index.php\/wp-json\/wp\/v2\/media?parent=711099"}],"wp:term":[{"taxonomy":"product_brand","embeddable":true,"href":"https:\/\/roveyayinevi.com.tr\/index.php\/wp-json\/wp\/v2\/product_brand?post=711099"},{"taxonomy":"product_cat","embeddable":true,"href":"https:\/\/roveyayinevi.com.tr\/index.php\/wp-json\/wp\/v2\/product_cat?post=711099"},{"taxonomy":"product_tag","embeddable":true,"href":"https:\/\/roveyayinevi.com.tr\/index.php\/wp-json\/wp\/v2\/product_tag?post=711099"}],"curies":[{"name":"wp","href":"https:\/\/api.w.org\/{rel}","templated":true}]}}