{"id":711098,"date":"2025-08-27T16:42:14","date_gmt":"2025-08-27T13:42:14","guid":{"rendered":"https:\/\/roveyayinevi.com.tr\/index.php\/urun\/yogurt\/"},"modified":"2026-04-16T02:19:47","modified_gmt":"2026-04-15T23:19:47","slug":"yogurt","status":"publish","type":"product","link":"https:\/\/roveyayinevi.com.tr\/index.php\/urun\/yogurt\/","title":{"rendered":"Yo\u011furt"},"content":{"rendered":"<p>\u00c7orbalar, Salatalar, Soslar, Yemekler, Makarnalar, Hamur \u0130\u015fleri, Tatl\u0131lar, \u0130\u00e7ecekler, Kahvalt\u0131l\u0131klar&#8230; Yo\u011furdun anavatan\u0131 say\u0131lan topraklarda ya\u015f\u0131yoruz. Bebeklerimize, hastalar\u0131m\u0131za yediriyoruz; yayla \u00e7orbas\u0131na, dolman\u0131n yan\u0131na koyuyoruz. Ola\u011fan, s\u0131radan, basit bir malzeme bizim i\u00e7in\u2026 Asl\u0131nda belki de yo\u011furt hayat\u0131m\u0131zdaki en \u00f6nemli g\u0131da! Ba\u011f\u0131rsak dostu, iyile\u015ftirici, mucize bir besin\u2026 B\u00fct\u00fcn d\u00fcnyada sa\u011fl\u0131kl\u0131 beslenmek isteyenlerin g\u00f6zdesi durumunda. Arzu Aygen Uyumaz, bu kitapta, yo\u011furdu tam da hak etti\u011fi gibi ba\u015fk\u00f6\u015feye oturtarak birbirinden lezzetli, albenili, sa\u011fl\u0131kl\u0131 yemekler yapabilece\u011fimizi g\u00f6steriyor. Tarifler Anadolu\u2019dan, Hindistan\u2019dan, Bulgaristan\u2019dan, b\u00fct\u00fcn d\u00fcnyadan. Ayran a\u015f\u0131, borani, \u00e7\u0131lb\u0131r gibi y\u00f6resel ve geleneksel lezzetlerimiz; \u00e7iya tohumlu puding, granola, avokado p\u00fcresi, lava\u015f cipsi, dondurma, smoothie, lassi gibi \u201cson moda\u201d tariflerle birlikte yo\u011furdun b\u00fct\u00fcn potansiyelini ortaya koyuyor. En ba\u015fta da evde yo\u011furt mayalaman\u0131n incelikleri anlat\u0131l\u0131yor\u2026 G\u00fcnl\u00fck hayat\u0131n\u0131zda kolayca uygulayabilece\u011finiz denenmi\u015f tarifleriyle bu kitap, ba\u015fucu kayna\u011f\u0131n\u0131z olacak. <\/p>\n","protected":false},"excerpt":{"rendered":"<p>\u00c7orbalar, Salatalar, Soslar, Yemekler, Makarnalar, Hamur \u0130\u015fleri, Tatl\u0131lar, \u0130\u00e7ecekler, Kahvalt\u0131l\u0131klar&#8230; Yo\u011furdun anavatan\u0131 say\u0131lan topraklarda ya\u015f\u0131yoruz. Bebeklerimize, hastalar\u0131m\u0131za yediriyoruz; yayla \u00e7orbas\u0131na, dolman\u0131n yan\u0131na koyuyoruz. Ola\u011fan, s\u0131radan, basit<span class=\"excerpt-hellip\"> [\u2026]<\/span><\/p>\n","protected":false},"featured_media":0,"template":"","meta":{"_monsterinsights_skip_tracking":false,"_monsterinsights_sitenote_active":false,"_monsterinsights_sitenote_note":"","_monsterinsights_sitenote_category":0},"product_brand":[],"product_cat":[12457],"product_tag":[],"class_list":{"0":"post-711098","1":"product","2":"type-product","3":"status-publish","5":"product_cat-yemek-kitaplari","6":"pa_cilt-ciltsiz","7":"pa_tur-kitap","8":"pa_yayinevi-hayykitap","9":"pa_yazar-arzu-aygen-uyumaz","11":"first","12":"instock","13":"sale","14":"shipping-taxable","15":"purchasable","16":"product-type-simple"},"_links":{"self":[{"href":"https:\/\/roveyayinevi.com.tr\/index.php\/wp-json\/wp\/v2\/product\/711098","targetHints":{"allow":["GET"]}}],"collection":[{"href":"https:\/\/roveyayinevi.com.tr\/index.php\/wp-json\/wp\/v2\/product"}],"about":[{"href":"https:\/\/roveyayinevi.com.tr\/index.php\/wp-json\/wp\/v2\/types\/product"}],"wp:attachment":[{"href":"https:\/\/roveyayinevi.com.tr\/index.php\/wp-json\/wp\/v2\/media?parent=711098"}],"wp:term":[{"taxonomy":"product_brand","embeddable":true,"href":"https:\/\/roveyayinevi.com.tr\/index.php\/wp-json\/wp\/v2\/product_brand?post=711098"},{"taxonomy":"product_cat","embeddable":true,"href":"https:\/\/roveyayinevi.com.tr\/index.php\/wp-json\/wp\/v2\/product_cat?post=711098"},{"taxonomy":"product_tag","embeddable":true,"href":"https:\/\/roveyayinevi.com.tr\/index.php\/wp-json\/wp\/v2\/product_tag?post=711098"}],"curies":[{"name":"wp","href":"https:\/\/api.w.org\/{rel}","templated":true}]}}