{"id":711097,"date":"2025-08-27T16:42:13","date_gmt":"2025-08-27T13:42:13","guid":{"rendered":"https:\/\/roveyayinevi.com.tr\/index.php\/urun\/karanlik-ask-4-tum-hiziyla\/"},"modified":"2026-04-16T02:19:47","modified_gmt":"2026-04-15T23:19:47","slug":"karanlik-ask-4-tum-hiziyla","status":"publish","type":"product","link":"https:\/\/roveyayinevi.com.tr\/index.php\/urun\/karanlik-ask-4-tum-hiziyla\/","title":{"rendered":"Karanl\u0131k A\u015fk 4 &#8211; T\u00fcm H\u0131z\u0131yla"},"content":{"rendered":"<p>Elif ve Demir uzun bir yoldan ge\u00e7ip \u00e7etin bir sava\u015f verdiler. T\u00fcm yenilgilerden s\u0131yr\u0131l\u0131p sonunda kazand\u0131lar. Zor s\u0131navlardan sonra kazand\u0131klar\u0131 mutlulu\u011fu e\u015fsiz g\u00fczelliklerle ta\u00e7land\u0131rd\u0131lar. En \u00f6nemlisi t\u00fcm renklerinden s\u0131yr\u0131l\u0131p kendilerini birbirlerinde aklad\u0131lar.   Serinin d\u00f6rd\u00fcnc\u00fc ve son kitab\u0131nda Elif ve Demir\u2019in a\u015fklar\u0131n\u0131n g\u00fczel meyveleriyle ya\u015fad\u0131klar\u0131 keyifli ve zorlu ser\u00fcvene \u015fahit olacaks\u0131n\u0131z. Zaman zaman onlarla g\u00fcl\u00fcp her sayfay\u0131 heyecanla \u00e7evireceksiniz. Macera kald\u0131\u011f\u0131 yerden devam ediyor. Hem de t\u00fcm h\u0131z\u0131yla\u2026   \u201cO gece, herkesin arzulad\u0131\u011f\u0131n\u0131n aksine, beni daha da g\u00fc\u00e7l\u00fc k\u0131ld\u0131. Zordu, \u00e7ok zor. Ya\u015fananlar\u0131 kald\u0131rmak g\u00fc\u00e7t\u00fc. Ya\u015fanacaklar\u0131 tahmin etmek imk\u00e2ns\u0131zd\u0131. Hik\u00e2yem kurumu\u015f bir defne yapra\u011f\u0131na yaz\u0131l\u0131yd\u0131 sanki. Okuyabildi\u011fim kadar\u0131n\u0131 ya\u015fam\u0131\u015ft\u0131m. Ben o gece benli\u011fimde ya\u015fam bulan t\u00fcm beyazlar\u0131 siyaha satt\u0131m. Benim de\u011fi\u015fti\u011fimi d\u00fc\u015f\u00fcnd\u00fcler. Oysaki ben yenilendim. Ger\u00e7ek benli\u011fimi buldum. Ne kadar g\u00fc\u00e7l\u00fc oldu\u011fumu anlad\u0131m. Kendim karar\u0131rken, siyah\u0131 aklad\u0131m. Ve bir hik\u00e2yeye ba\u015flad\u0131m. Kendi yazd\u0131\u011f\u0131m, ba\u015frol\u00fcn\u00fc \u00fcstlendi\u011fim bir hik\u00e2yeye&#8230; Ben kim miyim? Ben Elif Sancak Kara. Beyazlar\u0131nda peyda olan siyaha kar\u0131\u015fm\u0131\u015f bir kad\u0131n&#8230;\u201d<\/p>\n","protected":false},"excerpt":{"rendered":"<p>Elif ve Demir uzun bir yoldan ge\u00e7ip \u00e7etin bir sava\u015f verdiler. T\u00fcm yenilgilerden s\u0131yr\u0131l\u0131p sonunda kazand\u0131lar. Zor s\u0131navlardan sonra kazand\u0131klar\u0131 mutlulu\u011fu e\u015fsiz g\u00fczelliklerle ta\u00e7land\u0131rd\u0131lar. En \u00f6nemlisi<span class=\"excerpt-hellip\"> [\u2026]<\/span><\/p>\n","protected":false},"featured_media":0,"template":"","meta":{"_monsterinsights_skip_tracking":false,"_monsterinsights_sitenote_active":false,"_monsterinsights_sitenote_note":"","_monsterinsights_sitenote_category":0},"product_brand":[],"product_cat":[12291,12711],"product_tag":[],"class_list":{"0":"post-711097","1":"product","2":"type-product","3":"status-publish","5":"product_cat-edebiyat","6":"product_cat-roman-oyku","7":"pa_cilt-ciltsiz","8":"pa_tur-kitap","9":"pa_yayinevi-muptela-yayinevi","10":"pa_yazar-tugce-aksal","12":"first","13":"instock","14":"sale","15":"shipping-taxable","16":"purchasable","17":"product-type-simple"},"_links":{"self":[{"href":"https:\/\/roveyayinevi.com.tr\/index.php\/wp-json\/wp\/v2\/product\/711097","targetHints":{"allow":["GET"]}}],"collection":[{"href":"https:\/\/roveyayinevi.com.tr\/index.php\/wp-json\/wp\/v2\/product"}],"about":[{"href":"https:\/\/roveyayinevi.com.tr\/index.php\/wp-json\/wp\/v2\/types\/product"}],"wp:attachment":[{"href":"https:\/\/roveyayinevi.com.tr\/index.php\/wp-json\/wp\/v2\/media?parent=711097"}],"wp:term":[{"taxonomy":"product_brand","embeddable":true,"href":"https:\/\/roveyayinevi.com.tr\/index.php\/wp-json\/wp\/v2\/product_brand?post=711097"},{"taxonomy":"product_cat","embeddable":true,"href":"https:\/\/roveyayinevi.com.tr\/index.php\/wp-json\/wp\/v2\/product_cat?post=711097"},{"taxonomy":"product_tag","embeddable":true,"href":"https:\/\/roveyayinevi.com.tr\/index.php\/wp-json\/wp\/v2\/product_tag?post=711097"}],"curies":[{"name":"wp","href":"https:\/\/api.w.org\/{rel}","templated":true}]}}