{"id":711095,"date":"2025-08-27T16:42:12","date_gmt":"2025-08-27T13:42:12","guid":{"rendered":"https:\/\/roveyayinevi.com.tr\/index.php\/urun\/tanrilarin-gazabi-kaybolan-hegemonya\/"},"modified":"2026-04-16T02:19:47","modified_gmt":"2026-04-15T23:19:47","slug":"tanrilarin-gazabi-kaybolan-hegemonya","status":"publish","type":"product","link":"https:\/\/roveyayinevi.com.tr\/index.php\/urun\/tanrilarin-gazabi-kaybolan-hegemonya\/","title":{"rendered":"Tanr\u0131lar\u0131n Gazab\u0131 Kaybolan Hegemonya"},"content":{"rendered":"<p>&#8220;Avrasya&#8217;ya t\u00fcm\u00fcyle egemen olacak ve dolay\u0131s\u0131yla Amerika&#8217;ya kafa tutabilecek g\u00fc\u00e7te bir Avrasyal\u0131 \u00fclkenin ortaya \u00e7\u0131kmamas\u0131 \u015fartt\u0131r\u2026 Amerika i\u00e7in esas jeopolitik \u00f6d\u00fcl Avrasya&#8217;d\u0131r\u2026 Amerika&#8217;n\u0131n k\u00fcresel \u00fcst\u00fcnl\u00fc\u011f\u00fc, Avrasya k\u0131tas\u0131ndaki h\u00e2kimiyetini ne kadar uzun zaman ve ne kadar etkili \u015fekilde s\u00fcrd\u00fcrece\u011fine ba\u011fl\u0131d\u0131r.\u201d  Zbigniew Brzezinski   \u201cCIA, F  ethullah G \u00fclen\u2019e, Afganistan\u2019daki Hikmetyar ya da Bosna\u2019daki Naser Ori\u0107 gibi m\u00fccahitlerden tamamen farkl\u0131 bir imaj vermeyi se\u00e7ti. Kan donduran, kafa kesen, insan kalbi yiyen Cihat\u00e7\u0131 izlenimi hi\u00e7 yoktu. F  ethullah G \u00fclen, d\u00fcnyaya bir \u201cbar\u0131\u015f, sevgi ve karde\u015flik\u201d fig\u00fcr\u00fc olarak sunuldu\u201d W. Engdahl   \u201cAfganistan&#8217;dan Bat\u0131&#8217;ya kadar b\u00fcy\u00fck ero*in g\u00fczerg\u00e2hlar\u0131n\u0131n haritas\u0131 \u2026 \u00fczerine b\u00fcy\u00fck NATO ya da ABD askeri havameydanlar\u0131 haritas\u0131 konuldu\u011funda \u2026[ve bunlar] ister Suudi destekli El-Kaide, ister CIA&#8217;n\u0131n G \u00fclen Hareketi olsun \u2026 CIA ya da ABD destekli Cihat operasyonlar\u0131 \u2026 haritas\u0131yla birle\u015ftirildi\u011finde \u2026 NATO\u2019nun Avrasya&#8217;daki uyu\u015fturucu-cihat- ayaklanmas\u0131n\u0131n kalbi\u2026 ortaya \u00e7\u0131kmaktad\u0131r.\u201d W. Engdahl <\/p>\n","protected":false},"excerpt":{"rendered":"<p>&#8220;Avrasya&#8217;ya t\u00fcm\u00fcyle egemen olacak ve dolay\u0131s\u0131yla Amerika&#8217;ya kafa tutabilecek g\u00fc\u00e7te bir Avrasyal\u0131 \u00fclkenin ortaya \u00e7\u0131kmamas\u0131 \u015fartt\u0131r\u2026 Amerika i\u00e7in esas jeopolitik \u00f6d\u00fcl Avrasya&#8217;d\u0131r\u2026 Amerika&#8217;n\u0131n k\u00fcresel \u00fcst\u00fcnl\u00fc\u011f\u00fc, Avrasya<span class=\"excerpt-hellip\"> [\u2026]<\/span><\/p>\n","protected":false},"featured_media":0,"template":"","meta":{"_monsterinsights_skip_tracking":false,"_monsterinsights_sitenote_active":false,"_monsterinsights_sitenote_note":"","_monsterinsights_sitenote_category":0},"product_brand":[],"product_cat":[12337],"product_tag":[],"class_list":{"0":"post-711095","1":"product","2":"type-product","3":"status-publish","5":"product_cat-politika-siyaset","6":"pa_cilt-ciltsiz","7":"pa_tur-kitap","8":"pa_yayinevi-kaynak-yayinlari","9":"pa_yazar-f-william-engdahl","11":"first","12":"instock","13":"sale","14":"shipping-taxable","15":"purchasable","16":"product-type-simple"},"_links":{"self":[{"href":"https:\/\/roveyayinevi.com.tr\/index.php\/wp-json\/wp\/v2\/product\/711095","targetHints":{"allow":["GET"]}}],"collection":[{"href":"https:\/\/roveyayinevi.com.tr\/index.php\/wp-json\/wp\/v2\/product"}],"about":[{"href":"https:\/\/roveyayinevi.com.tr\/index.php\/wp-json\/wp\/v2\/types\/product"}],"wp:attachment":[{"href":"https:\/\/roveyayinevi.com.tr\/index.php\/wp-json\/wp\/v2\/media?parent=711095"}],"wp:term":[{"taxonomy":"product_brand","embeddable":true,"href":"https:\/\/roveyayinevi.com.tr\/index.php\/wp-json\/wp\/v2\/product_brand?post=711095"},{"taxonomy":"product_cat","embeddable":true,"href":"https:\/\/roveyayinevi.com.tr\/index.php\/wp-json\/wp\/v2\/product_cat?post=711095"},{"taxonomy":"product_tag","embeddable":true,"href":"https:\/\/roveyayinevi.com.tr\/index.php\/wp-json\/wp\/v2\/product_tag?post=711095"}],"curies":[{"name":"wp","href":"https:\/\/api.w.org\/{rel}","templated":true}]}}