{"id":711094,"date":"2025-08-27T16:42:12","date_gmt":"2025-08-27T13:42:12","guid":{"rendered":"https:\/\/roveyayinevi.com.tr\/index.php\/urun\/nihat-gencle-veryansin\/"},"modified":"2026-04-16T02:19:47","modified_gmt":"2026-04-15T23:19:47","slug":"nihat-gencle-veryansin","status":"publish","type":"product","link":"https:\/\/roveyayinevi.com.tr\/index.php\/urun\/nihat-gencle-veryansin\/","title":{"rendered":"Nihat Gen\u00e7\u2019le Veryans\u0131n"},"content":{"rendered":"<p>\u201cBu topra\u011f\u0131n n\u00f6betindeyiz\u2026  Biz do\u011fdu\u011fumuz g\u00fcnden beri n\u00f6betteyiz. Bug\u00fcnler i\u00e7in var\u0131z. Bir an d\u00fc\u015f\u00fcn, Anadolu topraklar\u0131n\u0131n tamam\u0131 sabah\u0131n 5\u2019inde bombalan\u0131yor. Karadeniz yaylalar\u0131 yok, Toroslar yok, Konya yok\u2026  B\u00f6yle bir k\u00e2bus olur mu? O sabah\u0131n 8\u2019inde, 9\u2019unda, Ak\u0131nc\u0131 \u00dcss\u00fc ele ge\u00e7irildi\u011finde o da\u011flar\u0131n, ovalar\u0131n hepsini \u00f6pmek istedim. O, soka\u011fa \u00e7\u0131km\u0131\u015f insanlar\u0131n hepsini \u00f6pmek istiyorum. Hepsine sar\u0131lmak&#8230; Demek ki bir Anadolu varm\u0131\u015f! Bize diyorlard\u0131, \u2018Nihat konu\u015fuyorsun, konu\u015fuyorsun da kime konu\u015fuyorsun?\u2019 \u0130\u015fte bunlara konu\u015fuyorum! Varm\u0131\u015f! \u2018\u00c7\u0131k\u0131p gelir bu tarihin i\u00e7inden halk\u2019 demedim mi, bin kere dedim. O halk \u00e7\u0131kt\u0131 ve geldi. \u00c7anakkale\u2019den geldi, Dumlup\u0131nar\u2019dan geldi, Mustafa Kemal\u2019in yan\u0131ndan geldi \u2026\u201d Elinizdeki kitap, Ulusal Kanal Ankara Haber M\u00fcd\u00fcr\u00fc Erdem Atay\u2019\u0131n sundu\u011fu ve Nihat Gen\u00e7\u2019in konu\u015fmac\u0131 olarak yer ald\u0131\u011f\u0131,  Ulusal Kanal&#8217;da yay\u0131mlanan \u201cVeryans\u0131n\u201d program\u0131n\u0131n bant \u00e7\u00f6z\u00fcmlemelerinden olu\u015fmaktad\u0131r. Nihat Gen\u00e7&#8217;in kendine has \u00fcslubuyla, tarihi bir d\u00f6neme \u0131\u015f\u0131k tutan bu konu\u015fmalar\u0131, \u201ctarihten \u00e7\u0131k\u0131p gelenler\u201de sunuyoruz. Yer yer g\u00fcl\u00fcmseyece\u011finiz, yer yer isyan edece\u011finiz, yer yer umut tazeleyece\u011finiz bu kitab\u0131 bir solukta okuyacaks\u0131n\u0131z. <\/p>\n","protected":false},"excerpt":{"rendered":"<p>\u201cBu topra\u011f\u0131n n\u00f6betindeyiz\u2026 Biz do\u011fdu\u011fumuz g\u00fcnden beri n\u00f6betteyiz. Bug\u00fcnler i\u00e7in var\u0131z. Bir an d\u00fc\u015f\u00fcn, Anadolu topraklar\u0131n\u0131n tamam\u0131 sabah\u0131n 5\u2019inde bombalan\u0131yor. Karadeniz yaylalar\u0131 yok, Toroslar yok, Konya<span class=\"excerpt-hellip\"> [\u2026]<\/span><\/p>\n","protected":false},"featured_media":0,"template":"","meta":{"_monsterinsights_skip_tracking":false,"_monsterinsights_sitenote_active":false,"_monsterinsights_sitenote_note":"","_monsterinsights_sitenote_category":0},"product_brand":[],"product_cat":[31194,12337],"product_tag":[],"class_list":{"0":"post-711094","1":"product","2":"type-product","3":"status-publish","5":"product_cat-guncel-siyaset","6":"product_cat-politika-siyaset","7":"pa_cilt-ciltsiz","8":"pa_tur-kitap","9":"pa_yayinevi-kaynak-yayinlari","10":"pa_yazar-nihat-genc","12":"first","13":"instock","14":"sale","15":"shipping-taxable","16":"purchasable","17":"product-type-simple"},"_links":{"self":[{"href":"https:\/\/roveyayinevi.com.tr\/index.php\/wp-json\/wp\/v2\/product\/711094","targetHints":{"allow":["GET"]}}],"collection":[{"href":"https:\/\/roveyayinevi.com.tr\/index.php\/wp-json\/wp\/v2\/product"}],"about":[{"href":"https:\/\/roveyayinevi.com.tr\/index.php\/wp-json\/wp\/v2\/types\/product"}],"wp:attachment":[{"href":"https:\/\/roveyayinevi.com.tr\/index.php\/wp-json\/wp\/v2\/media?parent=711094"}],"wp:term":[{"taxonomy":"product_brand","embeddable":true,"href":"https:\/\/roveyayinevi.com.tr\/index.php\/wp-json\/wp\/v2\/product_brand?post=711094"},{"taxonomy":"product_cat","embeddable":true,"href":"https:\/\/roveyayinevi.com.tr\/index.php\/wp-json\/wp\/v2\/product_cat?post=711094"},{"taxonomy":"product_tag","embeddable":true,"href":"https:\/\/roveyayinevi.com.tr\/index.php\/wp-json\/wp\/v2\/product_tag?post=711094"}],"curies":[{"name":"wp","href":"https:\/\/api.w.org\/{rel}","templated":true}]}}