{"id":711092,"date":"2025-08-27T16:42:11","date_gmt":"2025-08-27T13:42:11","guid":{"rendered":"https:\/\/roveyayinevi.com.tr\/index.php\/urun\/kadin-savascilar\/"},"modified":"2026-04-16T02:19:47","modified_gmt":"2026-04-15T23:19:47","slug":"kadin-savascilar","status":"publish","type":"product","link":"https:\/\/roveyayinevi.com.tr\/index.php\/urun\/kadin-savascilar\/","title":{"rendered":"Kad\u0131n Sava\u015f\u00e7\u0131lar"},"content":{"rendered":"<p>Ka\u00e7 tane \u00fcnl\u00fc mucit tan\u0131yorsunuz? Peki ya gizli ajan? Bu kitap, kad\u0131n olduklar\u0131 i\u00e7in ya\u015fad\u0131klar\u0131 d\u00f6nemde hak ettikleri ilgiyi g\u00f6rmeyen ama inan\u0131lmaz i\u015fler ba\u015farm\u0131\u015f kad\u0131n sava\u015f\u00e7\u0131lar hakk\u0131nda. Onlar d\u00fcnyay\u0131 de\u011fi\u015ftirdiler, bu y\u00fczden adlar\u0131 kocaman harflerle yaz\u0131lmal\u0131!   Kad\u0131n savas\u0327\u00e7\u0131lar her taraftalar, sadece biraz dikkatli bakmak gerek. Bir d\u00fcs\u0327\u00fcn\u00fcn&#8230; Anneniz, b\u00fcy\u00fckanneniz, k\u0131z kardes\u0327iniz, eski \u00f6g\u0306retmeniniz, belki o \u00e7ok beg\u0306endig\u0306iniz yazar&#8230; \u00dcnl\u00fc olmasalar da hayata kars\u0327\u0131 ger\u00e7ek birer rock y\u0131ld\u0131z\u0131 gibi dik duran t\u00fcm bu b\u00fcy\u00fcleyici kad\u0131nlar onlar. I\u0307s\u0327te bu sebepten t\u00fcm d\u00fcnya ayaklar\u0131na kapanmal\u0131. Hemen s\u0327imdi. Bu kitapta ba\u015f d\u00f6nd\u00fcr\u00fcc\u00fc 26 kad\u0131n\u0131n hik\u00e2yesini derledik. Baz\u0131 isimler tan\u0131d\u0131k gelebilir, baz\u0131lar\u0131n\u0131 ise ilk defa duyuyor olabilirsiniz ama hepsi yapt\u0131klar\u0131yla tarihte b\u00fcy\u00fck bir \u00f6nem ta\u015f\u0131yor.    Kad\u0131n sava\u015f\u00e7\u0131lar geldi ve gitmek gibi bir niyetleri yok! <\/p>\n","protected":false},"excerpt":{"rendered":"<p>Ka\u00e7 tane \u00fcnl\u00fc mucit tan\u0131yorsunuz? Peki ya gizli ajan? Bu kitap, kad\u0131n olduklar\u0131 i\u00e7in ya\u015fad\u0131klar\u0131 d\u00f6nemde hak ettikleri ilgiyi g\u00f6rmeyen ama inan\u0131lmaz i\u015fler ba\u015farm\u0131\u015f kad\u0131n sava\u015f\u00e7\u0131lar<span class=\"excerpt-hellip\"> [\u2026]<\/span><\/p>\n","protected":false},"featured_media":0,"template":"","meta":{"_monsterinsights_skip_tracking":false,"_monsterinsights_sitenote_active":false,"_monsterinsights_sitenote_note":"","_monsterinsights_sitenote_category":0},"product_brand":[],"product_cat":[12291,12711],"product_tag":[],"class_list":{"0":"post-711092","1":"product","2":"type-product","3":"status-publish","5":"product_cat-edebiyat","6":"product_cat-roman-oyku","7":"pa_cilt-ciltli","8":"pa_tur-kitap","9":"pa_yayinevi-yabanci-yayinevi","10":"pa_yazar-irene-civico-sergio-parra","12":"first","13":"instock","14":"sale","15":"shipping-taxable","16":"purchasable","17":"product-type-simple"},"_links":{"self":[{"href":"https:\/\/roveyayinevi.com.tr\/index.php\/wp-json\/wp\/v2\/product\/711092","targetHints":{"allow":["GET"]}}],"collection":[{"href":"https:\/\/roveyayinevi.com.tr\/index.php\/wp-json\/wp\/v2\/product"}],"about":[{"href":"https:\/\/roveyayinevi.com.tr\/index.php\/wp-json\/wp\/v2\/types\/product"}],"wp:attachment":[{"href":"https:\/\/roveyayinevi.com.tr\/index.php\/wp-json\/wp\/v2\/media?parent=711092"}],"wp:term":[{"taxonomy":"product_brand","embeddable":true,"href":"https:\/\/roveyayinevi.com.tr\/index.php\/wp-json\/wp\/v2\/product_brand?post=711092"},{"taxonomy":"product_cat","embeddable":true,"href":"https:\/\/roveyayinevi.com.tr\/index.php\/wp-json\/wp\/v2\/product_cat?post=711092"},{"taxonomy":"product_tag","embeddable":true,"href":"https:\/\/roveyayinevi.com.tr\/index.php\/wp-json\/wp\/v2\/product_tag?post=711092"}],"curies":[{"name":"wp","href":"https:\/\/api.w.org\/{rel}","templated":true}]}}