{"id":711090,"date":"2025-08-27T16:42:09","date_gmt":"2025-08-27T13:42:09","guid":{"rendered":"https:\/\/roveyayinevi.com.tr\/index.php\/urun\/beni-neden-sevmedin\/"},"modified":"2026-04-13T02:24:56","modified_gmt":"2026-04-12T23:24:56","slug":"beni-neden-sevmedin","status":"publish","type":"product","link":"https:\/\/roveyayinevi.com.tr\/index.php\/urun\/beni-neden-sevmedin\/","title":{"rendered":"Beni Neden Sevmedin?"},"content":{"rendered":"<p>Vasiyetim \u015fu\u2026 Varsa param, hepsini ba\u011f\u0131\u015flay\u0131n. V\u00fccudumda kullan\u0131labilir ne kadar organ varsa ve kime ne yar\u0131yorsa, da\u011f\u0131t\u0131n. Ama kalbimi vermeyin. Kalbim sadece ona ait ve hep \u00f6yle kalacak. Ben ondan ba\u015fka kimseyi sevmeyece\u011fim, sevemem. \u00c7\u00fcnk\u00fc onun bakt\u0131\u011f\u0131 gibi bakamaz kimse bana. \u0130\u00e7imden hep \u201cbeni neden sevmedin\u201d diye sordum. Durmadan sordum. Cevap bulamad\u0131m. Olsun. En az\u0131ndan ben sevdim, bu ikimize de yeterdi. Bu bedende bu kalp sadece ona ait diyorum i\u015fte, sevmese de ona ait. Kimseye vermeyin. Bencil oldu\u011fumu mu d\u00fc\u015f\u00fcn\u00fcyorsun? Bana sorarsan o bunu hak ediyor yine de. Kimse bunu bana \u00e7ok g\u00f6rmesin. Hayat\u0131 boyunca kimseye sevgi besleyememi\u015f bir adam\u0131n son iste\u011fi bu. Kalbimi ona verin. Kabul etsin. Hak ediyor muyum bunu? Bilemem. Belki de etmiyorumdur\u2026 <\/p>\n","protected":false},"excerpt":{"rendered":"<p>Vasiyetim \u015fu\u2026 Varsa param, hepsini ba\u011f\u0131\u015flay\u0131n. V\u00fccudumda kullan\u0131labilir ne kadar organ varsa ve kime ne yar\u0131yorsa, da\u011f\u0131t\u0131n. Ama kalbimi vermeyin. Kalbim sadece ona ait ve hep<span class=\"excerpt-hellip\"> [\u2026]<\/span><\/p>\n","protected":false},"featured_media":0,"template":"","meta":{"_monsterinsights_skip_tracking":false,"_monsterinsights_sitenote_active":false,"_monsterinsights_sitenote_note":"","_monsterinsights_sitenote_category":0},"product_brand":[],"product_cat":[12777,12291],"product_tag":[],"class_list":{"0":"post-711090","1":"product","2":"type-product","3":"status-publish","5":"product_cat-deneme","6":"product_cat-edebiyat","7":"pa_cilt-ciltsiz","8":"pa_tur-kitap","9":"pa_yayinevi-hayykitap","10":"pa_yazar-zeus-kabadayi","12":"first","13":"instock","14":"sale","15":"shipping-taxable","16":"purchasable","17":"product-type-simple"},"_links":{"self":[{"href":"https:\/\/roveyayinevi.com.tr\/index.php\/wp-json\/wp\/v2\/product\/711090","targetHints":{"allow":["GET"]}}],"collection":[{"href":"https:\/\/roveyayinevi.com.tr\/index.php\/wp-json\/wp\/v2\/product"}],"about":[{"href":"https:\/\/roveyayinevi.com.tr\/index.php\/wp-json\/wp\/v2\/types\/product"}],"wp:attachment":[{"href":"https:\/\/roveyayinevi.com.tr\/index.php\/wp-json\/wp\/v2\/media?parent=711090"}],"wp:term":[{"taxonomy":"product_brand","embeddable":true,"href":"https:\/\/roveyayinevi.com.tr\/index.php\/wp-json\/wp\/v2\/product_brand?post=711090"},{"taxonomy":"product_cat","embeddable":true,"href":"https:\/\/roveyayinevi.com.tr\/index.php\/wp-json\/wp\/v2\/product_cat?post=711090"},{"taxonomy":"product_tag","embeddable":true,"href":"https:\/\/roveyayinevi.com.tr\/index.php\/wp-json\/wp\/v2\/product_tag?post=711090"}],"curies":[{"name":"wp","href":"https:\/\/api.w.org\/{rel}","templated":true}]}}