{"id":711088,"date":"2025-08-27T16:42:08","date_gmt":"2025-08-27T13:42:08","guid":{"rendered":"https:\/\/roveyayinevi.com.tr\/index.php\/urun\/o-guzel-atlara-binip-gidenler\/"},"modified":"2026-04-16T02:19:47","modified_gmt":"2026-04-15T23:19:47","slug":"o-guzel-atlara-binip-gidenler","status":"publish","type":"product","link":"https:\/\/roveyayinevi.com.tr\/index.php\/urun\/o-guzel-atlara-binip-gidenler\/","title":{"rendered":"O G\u00fczel Atlara Binip Gidenler"},"content":{"rendered":"<p>T\u00fcrk sinemas\u0131n\u0131n unutulmayanlar\u0131ndan \u00e7arp\u0131c\u0131 an\u0131lar\u2026 Atill\u00e2 Dorsay bu kitab\u0131 i\u00e7in \u015f\u00f6yle diyor: \u201cBu kitapta yer alan t\u00fcm \u00fcnl\u00fcleri bizzat tan\u0131d\u0131m; hemen hepsiyle dost olduk; birlikte \u00e7ok \u015feyler ya\u015fad\u0131k; \u00e7ok \u00f6zel olaylara, \u00e7ok hassas d\u00f6nemlere tan\u0131k olduk. Bu, bence kitapta yer alan ki\u015filerin temel bir \u00f6zelli\u011fi. Onlar \u00f6yle ki\u015filerdir ki, bulunduklar\u0131 alemden topluma hep yeni \u015feyler sunabilir, s\u00fcrpriz yapabilirler. Kendi ad\u0131ma diyelim ki Y\u0131lmaz G\u00fcney, Ay\u015fe \u015easa, \u00c7olpan \u0130lhan, \u0130lhan Sel\u00e7uk, Vedat T\u00fcrkali, Onat Kutlar, \u015eakir Eczac\u0131ba\u015f\u0131, Tuncel Kurtiz, Vitali Hakko ya da Zeki M\u00fcren \u00fczerine s\u00f6yleyecek \u015feylerim hep olacakt\u0131r. Gerekirse bundan sonra da&#8230;Tarihin ayn\u0131 d\u00f6neminde T\u00fcrkiye denen dev \u00e7eli\u015fkiler \u00fclkesinin k\u00fclt\u00fcr meydan\u0131nda cirit atm\u0131\u015f t\u00fcm bu ki\u015filikler, bu \u00fclkeyi, bu halk\u0131, bu co\u011frafyay\u0131 kavramam\u0131za yard\u0131mc\u0131 olacaklard\u0131r.\u201d <\/p>\n","protected":false},"excerpt":{"rendered":"<p>T\u00fcrk sinemas\u0131n\u0131n unutulmayanlar\u0131ndan \u00e7arp\u0131c\u0131 an\u0131lar\u2026 Atill\u00e2 Dorsay bu kitab\u0131 i\u00e7in \u015f\u00f6yle diyor: \u201cBu kitapta yer alan t\u00fcm \u00fcnl\u00fcleri bizzat tan\u0131d\u0131m; hemen hepsiyle dost olduk; birlikte \u00e7ok<span class=\"excerpt-hellip\"> [\u2026]<\/span><\/p>\n","protected":false},"featured_media":0,"template":"","meta":{"_monsterinsights_skip_tracking":false,"_monsterinsights_sitenote_active":false,"_monsterinsights_sitenote_note":"","_monsterinsights_sitenote_category":0},"product_brand":[],"product_cat":[12409,12408],"product_tag":[],"class_list":{"0":"post-711088","1":"product","2":"type-product","3":"status-publish","5":"product_cat-fotograf-sinema-tiyatro","6":"product_cat-sanat","7":"pa_cilt-ciltsiz","8":"pa_tur-kitap","9":"pa_yayinevi-remzi-kitabevi","10":"pa_yazar-atilla-dorsay","12":"first","13":"instock","14":"sale","15":"shipping-taxable","16":"purchasable","17":"product-type-simple"},"_links":{"self":[{"href":"https:\/\/roveyayinevi.com.tr\/index.php\/wp-json\/wp\/v2\/product\/711088","targetHints":{"allow":["GET"]}}],"collection":[{"href":"https:\/\/roveyayinevi.com.tr\/index.php\/wp-json\/wp\/v2\/product"}],"about":[{"href":"https:\/\/roveyayinevi.com.tr\/index.php\/wp-json\/wp\/v2\/types\/product"}],"wp:attachment":[{"href":"https:\/\/roveyayinevi.com.tr\/index.php\/wp-json\/wp\/v2\/media?parent=711088"}],"wp:term":[{"taxonomy":"product_brand","embeddable":true,"href":"https:\/\/roveyayinevi.com.tr\/index.php\/wp-json\/wp\/v2\/product_brand?post=711088"},{"taxonomy":"product_cat","embeddable":true,"href":"https:\/\/roveyayinevi.com.tr\/index.php\/wp-json\/wp\/v2\/product_cat?post=711088"},{"taxonomy":"product_tag","embeddable":true,"href":"https:\/\/roveyayinevi.com.tr\/index.php\/wp-json\/wp\/v2\/product_tag?post=711088"}],"curies":[{"name":"wp","href":"https:\/\/api.w.org\/{rel}","templated":true}]}}