{"id":711084,"date":"2025-08-27T16:42:06","date_gmt":"2025-08-27T13:42:06","guid":{"rendered":"https:\/\/roveyayinevi.com.tr\/index.php\/urun\/dilbilim-ceviribilim-yazilari\/"},"modified":"2026-04-16T02:19:47","modified_gmt":"2026-04-15T23:19:47","slug":"dilbilim-ceviribilim-yazilari","status":"publish","type":"product","link":"https:\/\/roveyayinevi.com.tr\/index.php\/urun\/dilbilim-ceviribilim-yazilari\/","title":{"rendered":"Dilbilim \u00c7eviribilim Yaz\u0131lar\u0131"},"content":{"rendered":"<p>Ellerinizin aras\u0131nda duran bu arma\u011fan kitap bir sayg\u0131, sevgi ve g\u00f6n\u00fcl borcunun ifadesidir. E\u011fitim-\u00f6\u011fretim, ara\u015ft\u0131rma, insan yeti\u015ftirme ve akademik yol g\u00f6stericilikle yo\u011frulmu\u015f bir ya\u015fam i\u00e7inde hepimizin hayatlar\u0131na de\u011fen, sayg\u0131n, sevgi dolu, samimi, dobra, \u00fcretken bir bilim insan\u0131 olarak Say\u0131n Prof. Dr. L\u00fctfiye Oktar Hocam\u0131z i\u00e7in haz\u0131rlanan bu ortak \u00e7al\u0131\u015fma, \u00f6\u011frencileri, meslekta\u015flar\u0131 ve yak\u0131nlar\u0131 olarak kendisine kar\u015f\u0131 duygular\u0131m\u0131z\u0131n somutla\u015fm\u0131\u015f bir g\u00f6stergesi, kalpten bir te\u015fekk\u00fcrd\u00fcr. Prof. Dr. L\u00fctfiye Oktar, akademik ya\u015fam\u0131na Ege \u00dcniversitesi \u0130ngiliz Dili ve Edebiyat\u0131 b\u00f6l\u00fcm\u00fcnde ba\u015flam\u0131\u015f; ard\u0131ndan kurucular\u0131ndan biri oldu\u011fu Dokuz Eyl\u00fcl \u00dcniversitesi Dilbilim B\u00f6l\u00fcm\u00fcnde emekli olana dek \u00e7al\u0131\u015fm\u0131\u015ft\u0131r. <\/p>\n","protected":false},"excerpt":{"rendered":"<p>Ellerinizin aras\u0131nda duran bu arma\u011fan kitap bir sayg\u0131, sevgi ve g\u00f6n\u00fcl borcunun ifadesidir. E\u011fitim-\u00f6\u011fretim, ara\u015ft\u0131rma, insan yeti\u015ftirme ve akademik yol g\u00f6stericilikle yo\u011frulmu\u015f bir ya\u015fam i\u00e7inde hepimizin<span class=\"excerpt-hellip\"> [\u2026]<\/span><\/p>\n","protected":false},"featured_media":0,"template":"","meta":{"_monsterinsights_skip_tracking":false,"_monsterinsights_sitenote_active":false,"_monsterinsights_sitenote_note":"","_monsterinsights_sitenote_category":0},"product_brand":[],"product_cat":[13072,12291],"product_tag":[],"class_list":{"0":"post-711084","1":"product","2":"type-product","3":"status-publish","5":"product_cat-arastirma-inceleme-referans","6":"product_cat-edebiyat","7":"pa_cilt-ciltsiz","8":"pa_tur-kitap","9":"pa_yayinevi-ani-yayincilik","10":"pa_yazar-neslihan-kansu-yetkiner-mehmet-sahin","12":"first","13":"instock","14":"sale","15":"shipping-taxable","16":"purchasable","17":"product-type-simple"},"_links":{"self":[{"href":"https:\/\/roveyayinevi.com.tr\/index.php\/wp-json\/wp\/v2\/product\/711084","targetHints":{"allow":["GET"]}}],"collection":[{"href":"https:\/\/roveyayinevi.com.tr\/index.php\/wp-json\/wp\/v2\/product"}],"about":[{"href":"https:\/\/roveyayinevi.com.tr\/index.php\/wp-json\/wp\/v2\/types\/product"}],"wp:attachment":[{"href":"https:\/\/roveyayinevi.com.tr\/index.php\/wp-json\/wp\/v2\/media?parent=711084"}],"wp:term":[{"taxonomy":"product_brand","embeddable":true,"href":"https:\/\/roveyayinevi.com.tr\/index.php\/wp-json\/wp\/v2\/product_brand?post=711084"},{"taxonomy":"product_cat","embeddable":true,"href":"https:\/\/roveyayinevi.com.tr\/index.php\/wp-json\/wp\/v2\/product_cat?post=711084"},{"taxonomy":"product_tag","embeddable":true,"href":"https:\/\/roveyayinevi.com.tr\/index.php\/wp-json\/wp\/v2\/product_tag?post=711084"}],"curies":[{"name":"wp","href":"https:\/\/api.w.org\/{rel}","templated":true}]}}