{"id":711083,"date":"2025-08-27T16:42:05","date_gmt":"2025-08-27T13:42:05","guid":{"rendered":"https:\/\/roveyayinevi.com.tr\/index.php\/urun\/secilmis-metinler-2\/"},"modified":"2026-04-16T02:19:47","modified_gmt":"2026-04-15T23:19:47","slug":"secilmis-metinler-2","status":"publish","type":"product","link":"https:\/\/roveyayinevi.com.tr\/index.php\/urun\/secilmis-metinler-2\/","title":{"rendered":"Se\u00e7ilmi\u015f Metinler"},"content":{"rendered":"<p>Frederic le Play, tipik bir muhafazak\u00e2rd\u0131r, ancak bu kelimenin bat\u0131 tarihselli\u011finde ald\u0131\u011f\u0131 bi\u00e7imiyle. [\u00dclkemizde g\u00f6r\u00fclen amorf \u015fekilleriyle kar\u0131\u015ft\u0131r\u0131lmamal\u0131d\u0131r]. Gerek mesle\u011fi (maden m\u00fchendisi) gerek d\u00fcnya g\u00f6r\u00fc\u015f\u00fc (Hristiyan muhafazak\u00e2r) gerekse de sosyal ara\u015ft\u0131rmalara duydu\u011fu ilginin k\u00f6keni (d\u00fczen i\u00e7in tehlike arz etti\u011fi d\u00fc\u015f\u00fcn\u00fclen i\u015f\u00e7i s\u0131n\u0131f\u0131n\u0131n paternalist terbiyesi) onun \u015fahs\u0131nda 19. yy. muhafazak\u00e2rl\u0131\u011f\u0131n\u0131n yeni yeni geli\u015fen sosyal bilimlere duydu\u011fu ilgiyi de a\u00e7\u0131klar. Bu minvalde ilk kapsaml\u0131 monografi \u00e7al\u0131\u015fmalar\u0131n\u0131 da yine Le Play ger\u00e7ekle\u015ftirmi\u015ftir. Elinizdeki \u00e7al\u0131\u015fmada da aile, m\u00fclkiyet, din, \u00e7al\u0131\u015fma ko\u015fullar\u0131 gibi tematikler yine bu muhafazak\u00e2r perspektif \u00fczerinden incelenmekte ve \u201csosyal reform\u201d yolunda, geli\u015fen sosyal bilimlerde bir nevi m\u00fcttefik aranmaktad\u0131r. Sosyolojinin do\u011fu\u015funda \u201cmuhafazak\u00e2r\u201d bir n\u00fcve aranacaksa, bunun en rahat \u015fekilde bulunabilece\u011fi ki\u015fi ku\u015fkusuz Le Play\u2019dir. \u0130lerleyen y\u0131llarda Frans\u0131z sosyolojisinin taht\u0131na oturarak \u201cle playcili\u011fi\u201d sosyoloji \u00f6ncesi bir konuma itecek olan Durkheim\u2019ci ekolle yak\u0131nl\u0131\u011f\u0131 ve uzakl\u0131\u011f\u0131 ise, yine bu derlemede bir araya getirilmi\u015f metinler\u00fczerinden rahatl\u0131kla takip edilebilir.Frederic le Play (1806-1882): Frans\u0131z toplum m\u00fchendisi, siyaset\u00e7i. G\u00fcn\u00fcm\u00fcz i\u00e7in bile \u00f6nemli say\u0131labilecek bir \u00e7al\u0131\u015fma olan ve 36 Avrupal\u0131 i\u015f\u00e7i ailesinin \u00e7ok detayl\u0131 monografilerini i\u00e7eren 1855 tarihli \u201cAvrupal\u0131 i\u015f\u00e7iler\u201d [Les ouvriers europ\u00e9ens] adl\u0131 eseri kullan\u0131lan y\u00f6ntem ve detay zenginli\u011fiyle kendisinden sonra bir\u00e7ok benzer \u00e7al\u0131\u015fmaya \u00f6rnek te\u015fkil etmi\u015ftir. <\/p>\n","protected":false},"excerpt":{"rendered":"<p>Frederic le Play, tipik bir muhafazak\u00e2rd\u0131r, ancak bu kelimenin bat\u0131 tarihselli\u011finde ald\u0131\u011f\u0131 bi\u00e7imiyle. [\u00dclkemizde g\u00f6r\u00fclen amorf \u015fekilleriyle kar\u0131\u015ft\u0131r\u0131lmamal\u0131d\u0131r]. Gerek mesle\u011fi (maden m\u00fchendisi) gerek d\u00fcnya g\u00f6r\u00fc\u015f\u00fc (Hristiyan<span class=\"excerpt-hellip\"> [\u2026]<\/span><\/p>\n","protected":false},"featured_media":0,"template":"","meta":{"_monsterinsights_skip_tracking":false,"_monsterinsights_sitenote_active":false,"_monsterinsights_sitenote_note":"","_monsterinsights_sitenote_category":0},"product_brand":[],"product_cat":[12835,12324],"product_tag":[],"class_list":{"0":"post-711083","1":"product","2":"type-product","3":"status-publish","5":"product_cat-genel-sosyoloji","6":"product_cat-sosyoloji","7":"pa_cilt-ciltsiz","8":"pa_tur-kitap","9":"pa_yayinevi-heretik-yayincilik","10":"pa_yazar-frederic-le-play","12":"first","13":"instock","14":"sale","15":"shipping-taxable","16":"purchasable","17":"product-type-simple"},"_links":{"self":[{"href":"https:\/\/roveyayinevi.com.tr\/index.php\/wp-json\/wp\/v2\/product\/711083","targetHints":{"allow":["GET"]}}],"collection":[{"href":"https:\/\/roveyayinevi.com.tr\/index.php\/wp-json\/wp\/v2\/product"}],"about":[{"href":"https:\/\/roveyayinevi.com.tr\/index.php\/wp-json\/wp\/v2\/types\/product"}],"wp:attachment":[{"href":"https:\/\/roveyayinevi.com.tr\/index.php\/wp-json\/wp\/v2\/media?parent=711083"}],"wp:term":[{"taxonomy":"product_brand","embeddable":true,"href":"https:\/\/roveyayinevi.com.tr\/index.php\/wp-json\/wp\/v2\/product_brand?post=711083"},{"taxonomy":"product_cat","embeddable":true,"href":"https:\/\/roveyayinevi.com.tr\/index.php\/wp-json\/wp\/v2\/product_cat?post=711083"},{"taxonomy":"product_tag","embeddable":true,"href":"https:\/\/roveyayinevi.com.tr\/index.php\/wp-json\/wp\/v2\/product_tag?post=711083"}],"curies":[{"name":"wp","href":"https:\/\/api.w.org\/{rel}","templated":true}]}}