{"id":711082,"date":"2025-08-27T16:42:05","date_gmt":"2025-08-27T13:42:05","guid":{"rendered":"https:\/\/roveyayinevi.com.tr\/index.php\/urun\/hobo-evsiz-adamin-sosyolojisi\/"},"modified":"2026-04-16T02:19:47","modified_gmt":"2026-04-15T23:19:47","slug":"hobo-evsiz-adamin-sosyolojisi","status":"publish","type":"product","link":"https:\/\/roveyayinevi.com.tr\/index.php\/urun\/hobo-evsiz-adamin-sosyolojisi\/","title":{"rendered":"Hobo Evsiz Adam\u0131n Sosyolojisi"},"content":{"rendered":"<p>Hobo, her \u015feyden \u00f6nce bir i\u015f\u00e7i; ama hep yurtsuz, evsiz, ailesiz bir i\u015f\u00e7i. Hobo ayn\u0131 zamanda da bir gezgin; k\u00e2h tren vagonlar\u0131n\u0131, ormanlar\u0131, madenleri, tarlalar\u0131, k\u00e2h Chicago\u2019nun kenar mahallerini, Hobohemya\u2019y\u0131 mesken tutmu\u015f bir gezgin. K\u0131sacas\u0131 Hobo, XX. yy. Amerikan pop\u00fcler k\u00fclt\u00fcr\u00fcn\u00fcn, \u015fark\u0131lara, anlat\u0131lara konu olmu\u015f, maceraperestli\u011fi ve ba\u011f\u0131ms\u0131z olmay\u0131 s\u0131n\u0131rlara gitmekle, s\u0131n\u0131rlarda ya\u015famakla \u00f6zde\u015fle\u015ftirmi\u015f yollardaki adam\u0131. Ama Hobo, bir kez daha ve her \u015feyden \u00f6nce bir i\u015f\u00e7i, en ac\u0131mas\u0131z s\u00f6m\u00fcr\u00fc ili\u015fkilerinin, horlanman\u0131n, yoksullu\u011fun ezip ge\u00e7ti\u011fi bir i\u015f\u00e7i.Kendisi de eski bir Hobo olan Nels Anderson, elinizdeki \u00e7al\u0131\u015fmada bizi bir anlamda \u201cevine\u201d g\u00f6t\u00fcr\u00fcyor. Hobonun d\u00fcnyas\u0131n\u0131, ya\u015fam\u0131n\u0131, \u00e7al\u0131\u015fma ko\u015fullar\u0131n\u0131 bize \u201ci\u00e7eriden\u201d aktar\u0131yor. Anderson, i\u00e7erisinden geldi\u011fi d\u00fcnyan\u0131n \u201cg\u00fczellemesini\u201d yapmak istemiyor; g\u00f6rd\u00fc\u011f\u00fc \u201csefaleti\u201d vicdan pazar\u0131nda satmak da istemiyor. Anderson sadece betimliyor. Peki bir \u015fey, yer, olay, olgu \u201csadece\u201d betimlenebilir mi, \u201coldu\u011fu gibi\u201d aktar\u0131labilir mi? Baz\u0131 kitaplar, bu \u00e7etin soruyu bir kez daha sordurur okuyucuya. Anlatt\u0131\u011f\u0131 \u201chik\u00e2yenin\u201d detay zenginli\u011fi ve \u00e7arp\u0131c\u0131l\u0131\u011f\u0131 ile de\u011fil sadece, ka\u00e7\u0131n\u0131lmaz olarak tetikledi\u011fi y\u00f6ntemsel ve epistemolojik sorgulamalarla da \u00e7ok \u00f6zel bir Chicago Ekol\u00fc klasi\u011fidir Hobo.Nels Anderson (1889-1986): Amerikal\u0131 sosyolog. Chicago \u00dcniversitesinde e\u011fitim alm\u0131\u015f ve Robert E.Park et Ernest Burgess\u2019\u0131n \u00f6\u011frencisi olmu\u015ftur. Bir kent antropolojisi \u00e7al\u0131\u015fmas\u0131 olan \u201cHobo\u201d ile (1923), Chicago Ekol\u00fc olarak adland\u0131r\u0131lan sosyal bilim gelene\u011finin olu\u015fumuna en \u00f6nemli katk\u0131lardan birini yapm\u0131\u015ft\u0131r. <\/p>\n","protected":false},"excerpt":{"rendered":"<p>Hobo, her \u015feyden \u00f6nce bir i\u015f\u00e7i; ama hep yurtsuz, evsiz, ailesiz bir i\u015f\u00e7i. Hobo ayn\u0131 zamanda da bir gezgin; k\u00e2h tren vagonlar\u0131n\u0131, ormanlar\u0131, madenleri, tarlalar\u0131, k\u00e2h<span class=\"excerpt-hellip\"> [\u2026]<\/span><\/p>\n","protected":false},"featured_media":0,"template":"","meta":{"_monsterinsights_skip_tracking":false,"_monsterinsights_sitenote_active":false,"_monsterinsights_sitenote_note":"","_monsterinsights_sitenote_category":0},"product_brand":[],"product_cat":[12291,12711],"product_tag":[],"class_list":{"0":"post-711082","1":"product","2":"type-product","3":"status-publish","5":"product_cat-edebiyat","6":"product_cat-roman-oyku","7":"pa_cilt-ciltsiz","8":"pa_tur-kitap","9":"pa_yayinevi-heretik-yayincilik","10":"pa_yazar-nels-anderson","12":"first","13":"instock","14":"sale","15":"shipping-taxable","16":"purchasable","17":"product-type-simple"},"_links":{"self":[{"href":"https:\/\/roveyayinevi.com.tr\/index.php\/wp-json\/wp\/v2\/product\/711082","targetHints":{"allow":["GET"]}}],"collection":[{"href":"https:\/\/roveyayinevi.com.tr\/index.php\/wp-json\/wp\/v2\/product"}],"about":[{"href":"https:\/\/roveyayinevi.com.tr\/index.php\/wp-json\/wp\/v2\/types\/product"}],"wp:attachment":[{"href":"https:\/\/roveyayinevi.com.tr\/index.php\/wp-json\/wp\/v2\/media?parent=711082"}],"wp:term":[{"taxonomy":"product_brand","embeddable":true,"href":"https:\/\/roveyayinevi.com.tr\/index.php\/wp-json\/wp\/v2\/product_brand?post=711082"},{"taxonomy":"product_cat","embeddable":true,"href":"https:\/\/roveyayinevi.com.tr\/index.php\/wp-json\/wp\/v2\/product_cat?post=711082"},{"taxonomy":"product_tag","embeddable":true,"href":"https:\/\/roveyayinevi.com.tr\/index.php\/wp-json\/wp\/v2\/product_tag?post=711082"}],"curies":[{"name":"wp","href":"https:\/\/api.w.org\/{rel}","templated":true}]}}