{"id":711080,"date":"2025-08-27T16:42:04","date_gmt":"2025-08-27T13:42:04","guid":{"rendered":"https:\/\/roveyayinevi.com.tr\/index.php\/urun\/ofke-ve-tahammulsuzluk\/"},"modified":"2026-04-16T02:19:47","modified_gmt":"2026-04-15T23:19:47","slug":"ofke-ve-tahammulsuzluk","status":"publish","type":"product","link":"https:\/\/roveyayinevi.com.tr\/index.php\/urun\/ofke-ve-tahammulsuzluk\/","title":{"rendered":"\u00d6fke ve Tahamm\u00fcls\u00fczl\u00fck"},"content":{"rendered":"<p>Kendiniz veya bir yak\u0131n\u0131n\u0131z s\u00fcrekli bir huzursuzluk ve tahamm\u00fcls\u00fczl\u00fck halinde mi?S\u0131k s\u0131k meydana gelen \u00f6fke patlamalar\u0131 hayat\u0131n\u0131z\u0131n bir par\u00e7as\u0131 m\u0131?Kontrol edemedi\u011finiz \u00f6fkeniz, g\u00f6sterdi\u011finiz a\u015f\u0131r\u0131 tepkiler daha sonra size pi\u015fmanl\u0131k ve \u00fcz\u00fcnt\u00fc olarak geri d\u00f6n\u00fcyor mu?  Herkesi mutsuz k\u0131lan, arkada\u015fl\u0131klar\u0131 bitiren, aile i\u00e7indeki ili\u015fkileri \u00e7\u00f6kerten, i\u015f hayat\u0131n\u0131 da\u011f\u0131tan bu \u00f6fke ve tahamm\u00fcls\u00fczl\u00fck insan ili\u015fkilerini fena halde t\u00fcketir.S\u00fcreklilik g\u00f6sterdi\u011fi \u00f6l\u00e7\u00fcde tedavi edilmesi gereken bir rahats\u0131zl\u0131k haline gelen \u00f6fke patlamalar\u0131 ve tahamm\u00fcls\u00fczl\u00fck kabullenilmemeli, g\u00fcnl\u00fck hayat\u0131n ola\u011fan bir par\u00e7as\u0131 gibi d\u00fc\u015f\u00fcn\u00fclmemelidir.Klinik psikolog ve akademisyen Dr. William Davies asl\u0131nda a\u015f\u0131r\u0131 boyutlara gitmedikten sonra yararl\u0131 olan, fiziksel ve ruhsal olarak ki\u015fiyi daha g\u00fc\u00e7l\u00fc hale getiren \u00f6fkenin kontrol edilemez bir noktaya ula\u015ft\u0131\u011f\u0131nda yol a\u00e7t\u0131\u011f\u0131 sorunlar\u0131 ele al\u0131yor. \u00d6fke ve tahamm\u00fcls\u00fczl\u00fc\u011f\u00fcn nedenlerini, nas\u0131l ortaya \u00e7\u0131kt\u0131\u011f\u0131n\u0131 sergilerken Bili\u015fsel Davran\u0131\u015f Teknikleri ile nas\u0131l \u00fcstesinden gelinece\u011fini de anlat\u0131yor.Sadece s\u0131radan ve basit vakalarla ilgilenmeyen, ani \u00f6fke patlamalar\u0131 sonucunda i\u015fledikleri su\u00e7lardan dolay\u0131 hapse mahkum olmu\u015f ki\u015filerle de \u00e7al\u0131\u015fan ve tedavilerini \u00fcstlenen Dr. Davies&#8217;in bilgi ve deneyimi bu sorundan mustarip olanlara ger\u00e7ekten yard\u0131m edecek, yol g\u00f6sterecektir. Ayr\u0131ca bu alanda \u00e7al\u0131\u015fan sa\u011fl\u0131k g\u00f6revlileri i\u00e7in de g\u00fcvenilir bir ba\u015fvuru ve e\u011fitim kayna\u011f\u0131 olacakt\u0131r. <\/p>\n","protected":false},"excerpt":{"rendered":"<p>Kendiniz veya bir yak\u0131n\u0131n\u0131z s\u00fcrekli bir huzursuzluk ve tahamm\u00fcls\u00fczl\u00fck halinde mi?S\u0131k s\u0131k meydana gelen \u00f6fke patlamalar\u0131 hayat\u0131n\u0131z\u0131n bir par\u00e7as\u0131 m\u0131?Kontrol edemedi\u011finiz \u00f6fkeniz, g\u00f6sterdi\u011finiz a\u015f\u0131r\u0131 tepkiler daha<span class=\"excerpt-hellip\"> [\u2026]<\/span><\/p>\n","protected":false},"featured_media":0,"template":"","meta":{"_monsterinsights_skip_tracking":false,"_monsterinsights_sitenote_active":false,"_monsterinsights_sitenote_note":"","_monsterinsights_sitenote_category":0},"product_brand":[],"product_cat":[12357],"product_tag":[],"class_list":{"0":"post-711080","1":"product","2":"type-product","3":"status-publish","5":"product_cat-psikoloji","6":"pa_cilt-ciltsiz","7":"pa_tur-kitap","8":"pa_yayinevi-kuraldisi-yayinevi","9":"pa_yazar-william-davies","11":"first","12":"instock","13":"sale","14":"shipping-taxable","15":"purchasable","16":"product-type-simple"},"_links":{"self":[{"href":"https:\/\/roveyayinevi.com.tr\/index.php\/wp-json\/wp\/v2\/product\/711080","targetHints":{"allow":["GET"]}}],"collection":[{"href":"https:\/\/roveyayinevi.com.tr\/index.php\/wp-json\/wp\/v2\/product"}],"about":[{"href":"https:\/\/roveyayinevi.com.tr\/index.php\/wp-json\/wp\/v2\/types\/product"}],"wp:attachment":[{"href":"https:\/\/roveyayinevi.com.tr\/index.php\/wp-json\/wp\/v2\/media?parent=711080"}],"wp:term":[{"taxonomy":"product_brand","embeddable":true,"href":"https:\/\/roveyayinevi.com.tr\/index.php\/wp-json\/wp\/v2\/product_brand?post=711080"},{"taxonomy":"product_cat","embeddable":true,"href":"https:\/\/roveyayinevi.com.tr\/index.php\/wp-json\/wp\/v2\/product_cat?post=711080"},{"taxonomy":"product_tag","embeddable":true,"href":"https:\/\/roveyayinevi.com.tr\/index.php\/wp-json\/wp\/v2\/product_tag?post=711080"}],"curies":[{"name":"wp","href":"https:\/\/api.w.org\/{rel}","templated":true}]}}