{"id":711078,"date":"2025-08-27T16:42:03","date_gmt":"2025-08-27T13:42:03","guid":{"rendered":"https:\/\/roveyayinevi.com.tr\/index.php\/urun\/ben-bir-hayaletim\/"},"modified":"2026-04-16T02:19:47","modified_gmt":"2026-04-15T23:19:47","slug":"ben-bir-hayaletim","status":"publish","type":"product","link":"https:\/\/roveyayinevi.com.tr\/index.php\/urun\/ben-bir-hayaletim\/","title":{"rendered":"Ben Bir Hayaletim"},"content":{"rendered":"<p>\u201cBir hayalet olsam da g\u00f6r\u00fclebildi\u011fimi hayal ediyor, b\u00f6ylece ger\u00e7ek insan oluyordum.\u201d Ben bir hayaletim. Evet, bir hayalet\u2026 Yoksa niye etraf\u0131mdaki herkes sanki ben yokmu\u015fum gibi davrans\u0131n ki? Benim gibi farkl\u0131 \u00e7ocuklar\u0131 g\u00f6rmek biraz zormu\u015f. Sadece ruhuyla bakabilenler g\u00f6rebilirmi\u015f. Tabi bunu ba\u015farabilenler \u00e7ok az do\u011frusu. Peki ya sen? Sen g\u00f6n\u00fcl g\u00f6z\u00fcnle beni g\u00f6rebilir, \u00e7ekinsem hatta irkilsem bile g\u00f6zlerimin i\u00e7ine bak\u0131p ellerimi tutabilir misin?.. Mila yaln\u0131z de\u011fil. Onun gibiler her yerde. O ne bir hayalet ne de karanl\u0131\u011fa hapsedilmi\u015f yaln\u0131z bir deniz feneri. O sadece otizmli. \u00dcstelik \u00e7ok \u00f6zel biri. Kimselerin sahip olmad\u0131\u011f\u0131 yeteneklerle d\u00fcnyaya gelmi\u015f; ba\u015fkalar\u0131 taraf\u0131ndan sevilmeyi, say\u0131lmay\u0131, ya\u015fad\u0131\u011f\u0131 toplumda kabul g\u00f6rmeyi bekleyen, \u00f6tekile\u015ftirilmi\u015f bir k\u0131z. Otizm Mila\u2019n\u0131n kaderi de\u011fil. Kusuru da olmamal\u0131! Mila \u00f6l\u00fcnceye kadar okula gitmek istemiyor. O da g\u00f6nl\u00fcnce parka gitmek, top oynamak, \u00e7imenlerin \u00fczerinde ko\u015fmak istiyor. K\u0131sacas\u0131 Mila yery\u00fcz\u00fcndeki t\u00fcm \u00e7ocuklar gibi normal olmay\u0131 hayal ediyor. Her \u015fey hayal etmekle ba\u015flar. O halde zorlu hayat yolculu\u011funda Mila\u2019ya e\u015flik etmeye ne dersiniz? \u0130lk kitab\u0131 Ku\u015f Olsam Evime U\u00e7sam\u2019la b\u00fcy\u00fck bir \u00e7\u0131k\u0131\u015f yakalayan G\u00fczin \u00d6zt\u00fcrk, sorun odakl\u0131 yepyeni roman\u0131 Ben Bir Hayaletim\u2019de, \u00f6teki olarak g\u00f6rd\u00fcklerimizin hik\u00e2yesini anlat\u0131yor. Okurlar\u0131n\u0131, duygular\u0131 anlamakta ve sosyalle\u015fmekte g\u00fc\u00e7l\u00fck \u00e7eken Mila ad\u0131nda bir k\u0131z\u0131n kendine has \u201cfantastik\u201d d\u00fcnyas\u0131yla bulu\u015fturan \u00d6zt\u00fcrk, otizmli bir \u00e7ocu\u011fun insanlar taraf\u0131ndan g\u00f6r\u00fcn\u00fcr olma \u00e7abas\u0131n\u0131 umut dolu bir kendini ke\u015fif ser\u00fcvenine d\u00f6n\u00fc\u015ft\u00fcr\u00fcyor. Beynindeki \u00e7antada saklad\u0131\u011f\u0131 duygu kartlar\u0131yla hayat\u0131 anlamland\u0131rmaya \u00e7al\u0131\u015fan Mila, kalp at\u0131\u015flar\u0131n\u0131 h\u0131zland\u0131racak heyecan verici bir deneyim ya\u015fayarak b\u00fct\u00fcn \u00f6nyarg\u0131lar\u0131 y\u0131k\u0131yor. \ufffcTan\u0131t\u0131m Metni<\/p>\n","protected":false},"excerpt":{"rendered":"<p>\u201cBir hayalet olsam da g\u00f6r\u00fclebildi\u011fimi hayal ediyor, b\u00f6ylece ger\u00e7ek insan oluyordum.\u201d Ben bir hayaletim. Evet, bir hayalet\u2026 Yoksa niye etraf\u0131mdaki herkes sanki ben yokmu\u015fum gibi davrans\u0131n<span class=\"excerpt-hellip\"> [\u2026]<\/span><\/p>\n","protected":false},"featured_media":0,"template":"","meta":{"_monsterinsights_skip_tracking":false,"_monsterinsights_sitenote_active":false,"_monsterinsights_sitenote_note":"","_monsterinsights_sitenote_category":0},"product_brand":[],"product_cat":[12275,12274],"product_tag":[],"class_list":{"0":"post-711078","1":"product","2":"type-product","3":"status-publish","5":"product_cat-6-12-yas-kitaplari","6":"product_cat-cocuk-ve-genclik-kitaplari","7":"pa_cilt-ciltsiz","8":"pa_tur-kitap","9":"pa_yayinevi-tudem-yayinlari","10":"pa_yazar-guzin-ozturk","12":"first","13":"instock","14":"sale","15":"shipping-taxable","16":"purchasable","17":"product-type-simple"},"_links":{"self":[{"href":"https:\/\/roveyayinevi.com.tr\/index.php\/wp-json\/wp\/v2\/product\/711078","targetHints":{"allow":["GET"]}}],"collection":[{"href":"https:\/\/roveyayinevi.com.tr\/index.php\/wp-json\/wp\/v2\/product"}],"about":[{"href":"https:\/\/roveyayinevi.com.tr\/index.php\/wp-json\/wp\/v2\/types\/product"}],"wp:attachment":[{"href":"https:\/\/roveyayinevi.com.tr\/index.php\/wp-json\/wp\/v2\/media?parent=711078"}],"wp:term":[{"taxonomy":"product_brand","embeddable":true,"href":"https:\/\/roveyayinevi.com.tr\/index.php\/wp-json\/wp\/v2\/product_brand?post=711078"},{"taxonomy":"product_cat","embeddable":true,"href":"https:\/\/roveyayinevi.com.tr\/index.php\/wp-json\/wp\/v2\/product_cat?post=711078"},{"taxonomy":"product_tag","embeddable":true,"href":"https:\/\/roveyayinevi.com.tr\/index.php\/wp-json\/wp\/v2\/product_tag?post=711078"}],"curies":[{"name":"wp","href":"https:\/\/api.w.org\/{rel}","templated":true}]}}