{"id":711075,"date":"2025-08-27T16:42:01","date_gmt":"2025-08-27T13:42:01","guid":{"rendered":"https:\/\/roveyayinevi.com.tr\/index.php\/urun\/kus-kitabi-resim-sanatinda-kuslar\/"},"modified":"2026-04-16T02:19:47","modified_gmt":"2026-04-15T23:19:47","slug":"kus-kitabi-resim-sanatinda-kuslar","status":"publish","type":"product","link":"https:\/\/roveyayinevi.com.tr\/index.php\/urun\/kus-kitabi-resim-sanatinda-kuslar\/","title":{"rendered":"Ku\u015f Kitab\u0131: Resim Sanat\u0131nda Ku\u015flar"},"content":{"rendered":"<p>Kimi zaman en yak\u0131n dostlar\u0131m\u0131z, kimi zaman koruyucular\u0131m\u0131z, kimizaman sevdi\u011fimiz kitaplar\u0131n sevdi\u011fimiz kahramanlar\u0131\u2026 Kediler,k\u00f6pekler, ku\u015flar. Zek\u00e2lar\u0131yla bizi hayrete d\u00fc\u015f\u00fcren, tatl\u0131l\u0131klar\u0131ylaen k\u00f6t\u00fc g\u00fcnlerimizi bile g\u00fczelle\u015ftiren, varl\u0131klar\u0131yla umut verenhayvan dostlar\u0131m\u0131z bu defa da resim sanat\u0131ndaki yans\u0131malar\u0131ylakar\u015f\u0131m\u0131zda. hep kitap, hayvansever okurlara, \u00e7evirdikleri her sayfadab\u00fcy\u00fclenecekleri \u00fc\u00e7 kitap sunuyor: Kedi Kitab\u0131, K\u00f6pek Kitab\u0131,Ku\u015f Kitab\u0131.G\u00f6ky\u00fcz\u00fcn\u00fcn sahipleri, bar\u0131\u015f ve \u00f6zg\u00fcrl\u00fck sembolleri, u\u00e7ma yetenekleriylesadece sanat\u00e7\u0131lara de\u011fil biliminsanlar\u0131na da ilham vereng\u00fczel yarat\u0131klar\u2026 Ku\u015flarla ilgili \u00f6\u011frendi\u011fimiz her bilgi birazdaha \u015fa\u015f\u0131rt\u0131r bizi. Bu kitaptaysa ku\u015f cinsleriyle ilgili k\u0131sa bilgilerinyan\u0131 s\u0131ra d\u00fcnyan\u0131n her yerinden sanat\u00e7\u0131lar\u0131n \u00e7izimleri ve haklar\u0131ndaufak anekdotlar yer al\u0131yor. En k\u00fc\u00e7\u00fck ku\u015f t\u00fcrlerinden b\u00fcy\u00fck, egzotikt\u00fcrlere kadar birbirinden g\u00fczel onlarca ku\u015fun yer ald\u0131\u011f\u0131 Ku\u015fKitab\u0131, ku\u015fseverler i\u00e7in muazzam bir arma\u011fan! <\/p>\n","protected":false},"excerpt":{"rendered":"<p>Kimi zaman en yak\u0131n dostlar\u0131m\u0131z, kimi zaman koruyucular\u0131m\u0131z, kimizaman sevdi\u011fimiz kitaplar\u0131n sevdi\u011fimiz kahramanlar\u0131\u2026 Kediler,k\u00f6pekler, ku\u015flar. Zek\u00e2lar\u0131yla bizi hayrete d\u00fc\u015f\u00fcren, tatl\u0131l\u0131klar\u0131ylaen k\u00f6t\u00fc g\u00fcnlerimizi bile g\u00fczelle\u015ftiren, varl\u0131klar\u0131yla umut<span class=\"excerpt-hellip\"> [\u2026]<\/span><\/p>\n","protected":false},"featured_media":0,"template":"","meta":{"_monsterinsights_skip_tracking":false,"_monsterinsights_sitenote_active":false,"_monsterinsights_sitenote_note":"","_monsterinsights_sitenote_category":0},"product_brand":[],"product_cat":[16169,12408],"product_tag":[],"class_list":{"0":"post-711075","1":"product","2":"type-product","3":"status-publish","5":"product_cat-geleneksel-sanatlar","6":"product_cat-sanat","7":"pa_cilt-ciltsiz","8":"pa_tur-kitap","9":"pa_yayinevi-hep-kitap","10":"pa_yazar-angus-hyland-kendra-wilson","12":"first","13":"instock","14":"sale","15":"shipping-taxable","16":"purchasable","17":"product-type-simple"},"_links":{"self":[{"href":"https:\/\/roveyayinevi.com.tr\/index.php\/wp-json\/wp\/v2\/product\/711075","targetHints":{"allow":["GET"]}}],"collection":[{"href":"https:\/\/roveyayinevi.com.tr\/index.php\/wp-json\/wp\/v2\/product"}],"about":[{"href":"https:\/\/roveyayinevi.com.tr\/index.php\/wp-json\/wp\/v2\/types\/product"}],"wp:attachment":[{"href":"https:\/\/roveyayinevi.com.tr\/index.php\/wp-json\/wp\/v2\/media?parent=711075"}],"wp:term":[{"taxonomy":"product_brand","embeddable":true,"href":"https:\/\/roveyayinevi.com.tr\/index.php\/wp-json\/wp\/v2\/product_brand?post=711075"},{"taxonomy":"product_cat","embeddable":true,"href":"https:\/\/roveyayinevi.com.tr\/index.php\/wp-json\/wp\/v2\/product_cat?post=711075"},{"taxonomy":"product_tag","embeddable":true,"href":"https:\/\/roveyayinevi.com.tr\/index.php\/wp-json\/wp\/v2\/product_tag?post=711075"}],"curies":[{"name":"wp","href":"https:\/\/api.w.org\/{rel}","templated":true}]}}