{"id":711074,"date":"2025-08-27T16:42:01","date_gmt":"2025-08-27T13:42:01","guid":{"rendered":"https:\/\/roveyayinevi.com.tr\/index.php\/urun\/medya-soylem-demokrasi\/"},"modified":"2026-01-29T02:35:19","modified_gmt":"2026-01-28T23:35:19","slug":"medya-soylem-demokrasi","status":"publish","type":"product","link":"https:\/\/roveyayinevi.com.tr\/index.php\/urun\/medya-soylem-demokrasi\/","title":{"rendered":"Medya S\u00f6ylem Demokrasi"},"content":{"rendered":"<p>Fatma G\u00fcrses bu kitab\u0131nda, medyan\u0131n siyasal eksende \u00fcretti\u011fi s\u00f6ylem bi\u00e7imlerini analiz etmi\u015fve yerel bas\u0131n-demokrasi ili\u015fkisini, Amerika Birle\u015fik Devletleri yerel bas\u0131n\u0131ndan se\u00e7ilen\u00f6rneklerle incelemi\u015ftir. Kitab\u0131n\u0131n ilk b\u00f6l\u00fcm\u00fcnde haber, reklam ve seyahatnameler d\u00fczlemindemedyan\u0131n s\u00f6ylem bi\u00e7imlerini ara\u015ft\u0131rm\u0131\u015ft\u0131r. Haber s\u00f6ylemi \u00fczerine yapt\u0131\u011f\u0131 \u00e7al\u0131\u015fmas\u0131nda,haberlerin ideolojik bir s\u00f6ylem bi\u00e7iminde in\u015fa edilerek ya\u015fam\u0131n d\u0131\u015f\u0131na nas\u0131l \u00e7\u0131kar\u0131ld\u0131\u011f\u0131n\u0131 veT\u00fcrkiye\u2019de y\u00fcr\u00fct\u00fclen gazetecilik pratiklerinin ele\u015ftirmi\u015ftir. Reklamlardaki s\u00f6ylem \u00fczerineyapt\u0131\u011f\u0131 ara\u015ft\u0131rmada, reklam metinlerinde kapitalist ideolojinin tekrar nas\u0131l \u00fcretildi\u011fini;seyahatnamelerle ilgili \u00e7al\u0131\u015fmas\u0131nda ise, oryantalist bak\u0131\u015f\u0131n s\u00f6ylemde nas\u0131l yap\u0131land\u0131r\u0131ld\u0131\u011f\u0131n\u0131detayland\u0131rm\u0131\u015ft\u0131r. Kitab\u0131n\u0131n ikinci b\u00f6l\u00fcm\u00fcnde, \u00e7evreden merkeze kat\u0131l\u0131mc\u0131 yurtta\u015fl\u0131k vedemokrasinin geli\u015fmesi i\u00e7in \u00f6nemli bir unsur olan yerel bas\u0131n\u0131, gazetecilik uygulamalar\u0131n\u0131nba\u015flat\u0131ld\u0131\u011f\u0131 co\u011frafya olan Amerika Birle\u015fik Devletleri\u2019nden se\u00e7ti\u011fi Colorado eyaletindeki iki yerel gazete \u00f6rnekleminde, demokrasi, yurtta\u015fl\u0131k ve tarihsel \u00e7er\u00e7evede incelemi\u015ftir. <\/p>\n","protected":false},"excerpt":{"rendered":"<p>Fatma G\u00fcrses bu kitab\u0131nda, medyan\u0131n siyasal eksende \u00fcretti\u011fi s\u00f6ylem bi\u00e7imlerini analiz etmi\u015fve yerel bas\u0131n-demokrasi ili\u015fkisini, Amerika Birle\u015fik Devletleri yerel bas\u0131n\u0131ndan se\u00e7ilen\u00f6rneklerle incelemi\u015ftir. Kitab\u0131n\u0131n ilk b\u00f6l\u00fcm\u00fcnde haber,<span class=\"excerpt-hellip\"> [\u2026]<\/span><\/p>\n","protected":false},"featured_media":0,"template":"","meta":{"_monsterinsights_skip_tracking":false,"_monsterinsights_sitenote_active":false,"_monsterinsights_sitenote_note":"","_monsterinsights_sitenote_category":0},"product_brand":[],"product_cat":[15983,13488],"product_tag":[],"class_list":{"0":"post-711074","1":"product","2":"type-product","3":"status-publish","5":"product_cat-iletisim-ve-medya","6":"product_cat-toplum-ve-insan","7":"pa_cilt-ciltsiz","8":"pa_tur-kitap","9":"pa_yayinevi-utopya-yayinevi","10":"pa_yazar-fatma-gurses","12":"first","13":"instock","14":"sale","15":"shipping-taxable","16":"purchasable","17":"product-type-simple"},"_links":{"self":[{"href":"https:\/\/roveyayinevi.com.tr\/index.php\/wp-json\/wp\/v2\/product\/711074","targetHints":{"allow":["GET"]}}],"collection":[{"href":"https:\/\/roveyayinevi.com.tr\/index.php\/wp-json\/wp\/v2\/product"}],"about":[{"href":"https:\/\/roveyayinevi.com.tr\/index.php\/wp-json\/wp\/v2\/types\/product"}],"wp:attachment":[{"href":"https:\/\/roveyayinevi.com.tr\/index.php\/wp-json\/wp\/v2\/media?parent=711074"}],"wp:term":[{"taxonomy":"product_brand","embeddable":true,"href":"https:\/\/roveyayinevi.com.tr\/index.php\/wp-json\/wp\/v2\/product_brand?post=711074"},{"taxonomy":"product_cat","embeddable":true,"href":"https:\/\/roveyayinevi.com.tr\/index.php\/wp-json\/wp\/v2\/product_cat?post=711074"},{"taxonomy":"product_tag","embeddable":true,"href":"https:\/\/roveyayinevi.com.tr\/index.php\/wp-json\/wp\/v2\/product_tag?post=711074"}],"curies":[{"name":"wp","href":"https:\/\/api.w.org\/{rel}","templated":true}]}}