{"id":711072,"date":"2025-08-27T16:42:00","date_gmt":"2025-08-27T13:42:00","guid":{"rendered":"https:\/\/roveyayinevi.com.tr\/index.php\/urun\/gestalt-terapi-butunlesmek-ve-buyumek\/"},"modified":"2026-04-16T02:19:47","modified_gmt":"2026-04-15T23:19:47","slug":"gestalt-terapi-butunlesmek-ve-buyumek","status":"publish","type":"product","link":"https:\/\/roveyayinevi.com.tr\/index.php\/urun\/gestalt-terapi-butunlesmek-ve-buyumek\/","title":{"rendered":"Ge\u015ftalt Terapi B\u00fct\u00fcnle\u015fmek Ve B\u00fcy\u00fcmek"},"content":{"rendered":"<p>Ge\u015ftalt yakla\u015f\u0131m\u0131 hem bir ya\u015fam felsefesi hem de bir terapi yakla\u015f\u0131m\u0131d\u0131r. Ge\u015ftalt yakla\u015f\u0131m\u0131 ki\u015finin yarg\u0131lamadan, su\u00e7lamadan, utanmadan, korkmadan ve endi\u015felenmeden kendisiyle ve \u00e7evresiyle b\u00fct\u00fcnle\u015febilmesine, b\u00fct\u00fcnle\u015ferek b\u00fcy\u00fcmesine ve b\u00fcy\u00fcd\u00fck\u00e7e \u201cb\u00fcy\u00fck\u201d bir d\u00fcnyada \u201coldu\u011fu gibi\u201d varolmas\u0131na olanak tan\u0131yan h\u00fcmanist bir bak\u0131\u015f a\u00e7\u0131s\u0131na sahiptir. Dolay\u0131s\u0131yla Ge\u015ftalt yakla\u015f\u0131m\u0131n\u0131 anlatan bu kitap kendini anlaman\u0131n, insan insana temas\u0131n ve ki\u015fisel geli\u015fimin \u00f6nemine inanan herkes i\u00e7indir.Ge\u015ftalt yakla\u015f\u0131m\u0131 \u00fclkemizde hen\u00fcz \u00e7ok yayg\u0131n olarak tan\u0131nan bir bak\u0131\u015f a\u00e7\u0131s\u0131 de\u011fildir. Bu nedenle kitab\u0131n ama\u00e7lar\u0131ndan biri Ge\u015ftalt yakla\u015f\u0131m\u0131n\u0131 tan\u0131tmak ve tan\u0131t\u0131rken de okuyucular\u0131n ihtiya\u00e7lar\u0131n\u0131n, isteklerinin, \u00e7evreleriyle nas\u0131l temas kurduklar\u0131n\u0131n, tamamlanmam\u0131\u015f i\u015flerinin, diren\u00e7lerinin ve k\u00f6rd\u00fc\u011f\u00fcmlerinin fark\u0131na varmalar\u0131na yard\u0131mc\u0131 olmakt\u0131r. Kitab\u0131n ikinci amac\u0131 ise terapi e\u011fitimi alan terapistlere, Ge\u015ftalt yakla\u015f\u0131m\u0131n\u0131n kuram\u0131n\u0131 ve y\u00f6ntemlerini \u00f6rneklerle anlatarak terap\u00f6tik bilgi ve beceri d\u00fczeylerinin y\u00fckselmesine katk\u0131da bulunmakt\u0131r. <\/p>\n","protected":false},"excerpt":{"rendered":"<p>Ge\u015ftalt yakla\u015f\u0131m\u0131 hem bir ya\u015fam felsefesi hem de bir terapi yakla\u015f\u0131m\u0131d\u0131r. Ge\u015ftalt yakla\u015f\u0131m\u0131 ki\u015finin yarg\u0131lamadan, su\u00e7lamadan, utanmadan, korkmadan ve endi\u015felenmeden kendisiyle ve \u00e7evresiyle b\u00fct\u00fcnle\u015febilmesine, b\u00fct\u00fcnle\u015ferek b\u00fcy\u00fcmesine<span class=\"excerpt-hellip\"> [\u2026]<\/span><\/p>\n","protected":false},"featured_media":0,"template":"","meta":{"_monsterinsights_skip_tracking":false,"_monsterinsights_sitenote_active":false,"_monsterinsights_sitenote_note":"","_monsterinsights_sitenote_category":0},"product_brand":[],"product_cat":[12358,12357],"product_tag":[],"class_list":{"0":"post-711072","1":"product","2":"type-product","3":"status-publish","5":"product_cat-genel-psikoloji","6":"product_cat-psikoloji","7":"pa_cilt-ciltsiz","8":"pa_tur-kitap","9":"pa_yayinevi-altinordu-yayinlari","10":"pa_yazar-ceylan-das-tugrul","12":"first","13":"instock","14":"sale","15":"shipping-taxable","16":"purchasable","17":"product-type-simple"},"_links":{"self":[{"href":"https:\/\/roveyayinevi.com.tr\/index.php\/wp-json\/wp\/v2\/product\/711072","targetHints":{"allow":["GET"]}}],"collection":[{"href":"https:\/\/roveyayinevi.com.tr\/index.php\/wp-json\/wp\/v2\/product"}],"about":[{"href":"https:\/\/roveyayinevi.com.tr\/index.php\/wp-json\/wp\/v2\/types\/product"}],"wp:attachment":[{"href":"https:\/\/roveyayinevi.com.tr\/index.php\/wp-json\/wp\/v2\/media?parent=711072"}],"wp:term":[{"taxonomy":"product_brand","embeddable":true,"href":"https:\/\/roveyayinevi.com.tr\/index.php\/wp-json\/wp\/v2\/product_brand?post=711072"},{"taxonomy":"product_cat","embeddable":true,"href":"https:\/\/roveyayinevi.com.tr\/index.php\/wp-json\/wp\/v2\/product_cat?post=711072"},{"taxonomy":"product_tag","embeddable":true,"href":"https:\/\/roveyayinevi.com.tr\/index.php\/wp-json\/wp\/v2\/product_tag?post=711072"}],"curies":[{"name":"wp","href":"https:\/\/api.w.org\/{rel}","templated":true}]}}