{"id":711071,"date":"2025-08-27T16:42:00","date_gmt":"2025-08-27T13:42:00","guid":{"rendered":"https:\/\/roveyayinevi.com.tr\/index.php\/urun\/yaratici-drama-ile-cocuk-kitaplarina-yolculuk\/"},"modified":"2026-04-16T02:19:47","modified_gmt":"2026-04-15T23:19:47","slug":"yaratici-drama-ile-cocuk-kitaplarina-yolculuk","status":"publish","type":"product","link":"https:\/\/roveyayinevi.com.tr\/index.php\/urun\/yaratici-drama-ile-cocuk-kitaplarina-yolculuk\/","title":{"rendered":"Yarat\u0131c\u0131 Drama ile \u00c7ocuk Kitaplar\u0131na Yolculuk"},"content":{"rendered":"<p>\u015eimdi, balonumuz yava\u015f yava\u015f sizlerin s\u0131n\u0131flar\u0131na geliyor. Sizlerin de yolculu\u011fumuza, s\u0131n\u0131f\u0131n\u0131zdaki mink kalplerle birlikte kat\u0131laca\u011f\u0131n\u0131za y\u00fcrekten inan\u0131yoruz. Minik kalplerin balonumuzda yeri haz\u0131r. Yarat\u0131c\u0131 drama ile \u00e7ocuk kitaplar\u0131n\u0131 bulu\u015fturan bu yolculukta balonumuzda t\u00fcm \u00e7ocuklara yetecek kadar yer var. <\/p>\n","protected":false},"excerpt":{"rendered":"<p>\u015eimdi, balonumuz yava\u015f yava\u015f sizlerin s\u0131n\u0131flar\u0131na geliyor. Sizlerin de yolculu\u011fumuza, s\u0131n\u0131f\u0131n\u0131zdaki mink kalplerle birlikte kat\u0131laca\u011f\u0131n\u0131za y\u00fcrekten inan\u0131yoruz. Minik kalplerin balonumuzda yeri haz\u0131r. Yarat\u0131c\u0131 drama ile \u00e7ocuk<span class=\"excerpt-hellip\"> [\u2026]<\/span><\/p>\n","protected":false},"featured_media":0,"template":"","meta":{"_monsterinsights_skip_tracking":false,"_monsterinsights_sitenote_active":false,"_monsterinsights_sitenote_note":"","_monsterinsights_sitenote_category":0},"product_brand":[],"product_cat":[12755,12357],"product_tag":[],"class_list":{"0":"post-711071","1":"product","2":"type-product","3":"status-publish","5":"product_cat-gelisim-psikolojisi","6":"product_cat-psikoloji","7":"pa_cilt-ciltsiz","8":"pa_tur-kitap","9":"pa_yayinevi-egiten-kitap","10":"pa_yazar-tolga-erdogan","12":"first","13":"instock","14":"sale","15":"shipping-taxable","16":"purchasable","17":"product-type-simple"},"_links":{"self":[{"href":"https:\/\/roveyayinevi.com.tr\/index.php\/wp-json\/wp\/v2\/product\/711071","targetHints":{"allow":["GET"]}}],"collection":[{"href":"https:\/\/roveyayinevi.com.tr\/index.php\/wp-json\/wp\/v2\/product"}],"about":[{"href":"https:\/\/roveyayinevi.com.tr\/index.php\/wp-json\/wp\/v2\/types\/product"}],"wp:attachment":[{"href":"https:\/\/roveyayinevi.com.tr\/index.php\/wp-json\/wp\/v2\/media?parent=711071"}],"wp:term":[{"taxonomy":"product_brand","embeddable":true,"href":"https:\/\/roveyayinevi.com.tr\/index.php\/wp-json\/wp\/v2\/product_brand?post=711071"},{"taxonomy":"product_cat","embeddable":true,"href":"https:\/\/roveyayinevi.com.tr\/index.php\/wp-json\/wp\/v2\/product_cat?post=711071"},{"taxonomy":"product_tag","embeddable":true,"href":"https:\/\/roveyayinevi.com.tr\/index.php\/wp-json\/wp\/v2\/product_tag?post=711071"}],"curies":[{"name":"wp","href":"https:\/\/api.w.org\/{rel}","templated":true}]}}