{"id":711069,"date":"2025-08-27T16:41:59","date_gmt":"2025-08-27T13:41:59","guid":{"rendered":"https:\/\/roveyayinevi.com.tr\/index.php\/urun\/insan-haklari-ve-sosyal-hizmet\/"},"modified":"2026-04-16T02:19:46","modified_gmt":"2026-04-15T23:19:46","slug":"insan-haklari-ve-sosyal-hizmet","status":"publish","type":"product","link":"https:\/\/roveyayinevi.com.tr\/index.php\/urun\/insan-haklari-ve-sosyal-hizmet\/","title":{"rendered":"\u0130nsan Haklar\u0131 ve Sosyal Hizmet"},"content":{"rendered":"<p>\u0130nsan haklar\u0131 kavram\u0131 \u00e7a\u011fda\u015f s\u00f6ylemde en g\u00fc\u00e7l\u00fc fikirlerden birini temsil eder. Bireycili\u011fin ve zengin olman\u0131n ya\u015famdaki en \u00f6nemli \u015feyler olarak g\u00f6r\u00fcld\u00fc\u011f\u00fc ve ayn\u0131 zamanda eylemlerimizi yarg\u0131lamak i\u00e7in daha \u00f6nceden g\u00fcvenli olan ahlaki konumlar\u0131m\u0131z\u0131n post-modern bir g\u00f6recelilikle de\u011fi\u015fmi\u015f g\u00f6r\u00fcnd\u00fc\u011f\u00fc iktisadi bir k\u00fcreselle\u015fme \u00e7a\u011f\u0131nda, insan haklar\u0131 fikri, insanl\u0131k de\u011ferlerini yeniden ileri s\u00fcrmenin yollar\u0131n\u0131 arayanlar i\u00e7in, alternatif bir ahlaki referans noktas\u0131 sa\u011flar.Bu kitap insan haklar\u0131n\u0131n \u00f6nemli oldu\u011fu ve bunlar\u0131n genel olarak insani hizmetler alan\u0131ndaki meslekler ve \u00f6zelde de sosyal hizmet uzmanlar\u0131 i\u00e7in \u00f6zellikle \u00f6nemli oldu\u011fu inanc\u0131yla yaz\u0131ld\u0131. Sosyal hizmeti insan haklar\u0131 mesle\u011fi olarak \u00e7er\u00e7evelendirerek, onun kar\u015f\u0131la\u015ft\u0131\u011f\u0131 sorunlar\u0131n ve ikilemlerin bir\u00e7o\u011funa yeni bir \u0131\u015f\u0131k alt\u0131nda bakabiliriz. Dahas\u0131 insan haklar\u0131, sosyal hizmet uzmanlar\u0131na hem \u201cm\u00fcracaat\u00e7\u0131\u201dlar\u0131yla g\u00fcndelik d\u00fczeydeki hem de topluluk geli\u015fimi, politik savunusu ve aktivizm d\u00fczeyindeki uygulamalar\u0131 i\u00e7in ahlaki bir temel sa\u011flar.Kitap uluslararas\u0131 bir bak\u0131\u015f a\u00e7\u0131s\u0131ndan yaz\u0131ld\u0131. Her ne kadar sosyal hizmet uygulamas\u0131n\u0131n, i\u00e7inde konumland\u0131r\u0131ld\u0131\u011f\u0131 k\u00fclt\u00fcr ve toplumla daima ba\u011flamsalla\u015ft\u0131r\u0131lmas\u0131 zorunluysa da, insan haklar\u0131, payla\u015f\u0131lan bir insanl\u0131k ve k\u00fcresel yurtta\u015fl\u0131k fikirleri \u00fczerine temellenen evrenselci bir s\u00f6ylemdir. Bu nedenle kitab\u0131n farkl\u0131 ulusal ve k\u00fclt\u00fcrel ortamlarda kullan\u0131m bulmas\u0131 umut edildi. <\/p>\n","protected":false},"excerpt":{"rendered":"<p>\u0130nsan haklar\u0131 kavram\u0131 \u00e7a\u011fda\u015f s\u00f6ylemde en g\u00fc\u00e7l\u00fc fikirlerden birini temsil eder. Bireycili\u011fin ve zengin olman\u0131n ya\u015famdaki en \u00f6nemli \u015feyler olarak g\u00f6r\u00fcld\u00fc\u011f\u00fc ve ayn\u0131 zamanda eylemlerimizi yarg\u0131lamak<span class=\"excerpt-hellip\"> [\u2026]<\/span><\/p>\n","protected":false},"featured_media":0,"template":"","meta":{"_monsterinsights_skip_tracking":false,"_monsterinsights_sitenote_active":false,"_monsterinsights_sitenote_note":"","_monsterinsights_sitenote_category":0},"product_brand":[],"product_cat":[12324],"product_tag":[],"class_list":{"0":"post-711069","1":"product","2":"type-product","3":"status-publish","5":"product_cat-sosyoloji","6":"pa_cilt-ciltsiz","7":"pa_tur-kitap","8":"pa_yayinevi-nika-yayinevi","9":"pa_yazar-jim-ife","11":"first","12":"instock","13":"sale","14":"shipping-taxable","15":"purchasable","16":"product-type-simple"},"_links":{"self":[{"href":"https:\/\/roveyayinevi.com.tr\/index.php\/wp-json\/wp\/v2\/product\/711069","targetHints":{"allow":["GET"]}}],"collection":[{"href":"https:\/\/roveyayinevi.com.tr\/index.php\/wp-json\/wp\/v2\/product"}],"about":[{"href":"https:\/\/roveyayinevi.com.tr\/index.php\/wp-json\/wp\/v2\/types\/product"}],"wp:attachment":[{"href":"https:\/\/roveyayinevi.com.tr\/index.php\/wp-json\/wp\/v2\/media?parent=711069"}],"wp:term":[{"taxonomy":"product_brand","embeddable":true,"href":"https:\/\/roveyayinevi.com.tr\/index.php\/wp-json\/wp\/v2\/product_brand?post=711069"},{"taxonomy":"product_cat","embeddable":true,"href":"https:\/\/roveyayinevi.com.tr\/index.php\/wp-json\/wp\/v2\/product_cat?post=711069"},{"taxonomy":"product_tag","embeddable":true,"href":"https:\/\/roveyayinevi.com.tr\/index.php\/wp-json\/wp\/v2\/product_tag?post=711069"}],"curies":[{"name":"wp","href":"https:\/\/api.w.org\/{rel}","templated":true}]}}