{"id":711068,"date":"2025-08-27T16:41:58","date_gmt":"2025-08-27T13:41:58","guid":{"rendered":"https:\/\/roveyayinevi.com.tr\/index.php\/urun\/acemi-korsan-2\/"},"modified":"2026-04-16T02:19:46","modified_gmt":"2026-04-15T23:19:46","slug":"acemi-korsan-2","status":"publish","type":"product","link":"https:\/\/roveyayinevi.com.tr\/index.php\/urun\/acemi-korsan-2\/","title":{"rendered":"Acemi Korsan"},"content":{"rendered":"<p>Dikkatle y\u00fcr\u00fcd\u00fcler. \u0130lerledik\u00e7e, so\u011fuk bir r\u00fczg\u00e2r\u0131n esti\u011fini anlad\u0131lar. Uca geldiklerinde, r\u00fczg\u00e2r, u\u00e7uracakm\u0131\u015f gibi \u015fiddetlendi. \u00dcstelik tepelerinden damlayan su, ak\u0131yor denecek kadar \u00e7o\u011falm\u0131\u015ft\u0131. D\u00fczl\u00fc\u011f\u00fcn \u00f6n\u00fc k\u00fc\u00e7\u00fck kayalarla \u00f6r\u00fclm\u00fc\u015f, al\u00e7ak bir duvarla kapat\u0131lm\u0131\u015f gibiydi. Duvardan sonras\u0131 u\u00e7urum olmal\u0131yd\u0131.Birbirlerine sokularak etraf\u0131 g\u00f6zlediler. Ak\u0131l y\u00fcr\u00fctmeye \u00e7al\u0131\u015ft\u0131lar.\u015eato neredeydi?\u201cBiz bir ma\u011farada m\u0131y\u0131z? Yoksa denizin alt\u0131nda m\u0131y\u0131z?\u201d <\/p>\n","protected":false},"excerpt":{"rendered":"<p>Dikkatle y\u00fcr\u00fcd\u00fcler. \u0130lerledik\u00e7e, so\u011fuk bir r\u00fczg\u00e2r\u0131n esti\u011fini anlad\u0131lar. Uca geldiklerinde, r\u00fczg\u00e2r, u\u00e7uracakm\u0131\u015f gibi \u015fiddetlendi. \u00dcstelik tepelerinden damlayan su, ak\u0131yor denecek kadar \u00e7o\u011falm\u0131\u015ft\u0131. D\u00fczl\u00fc\u011f\u00fcn \u00f6n\u00fc k\u00fc\u00e7\u00fck kayalarla<span class=\"excerpt-hellip\"> [\u2026]<\/span><\/p>\n","protected":false},"featured_media":0,"template":"","meta":{"_monsterinsights_skip_tracking":false,"_monsterinsights_sitenote_active":false,"_monsterinsights_sitenote_note":"","_monsterinsights_sitenote_category":0},"product_brand":[],"product_cat":[12275,12274],"product_tag":[],"class_list":{"0":"post-711068","1":"product","2":"type-product","3":"status-publish","5":"product_cat-6-12-yas-kitaplari","6":"product_cat-cocuk-ve-genclik-kitaplari","7":"pa_cilt-ciltsiz","8":"pa_tur-kitap","9":"pa_yayinevi-bilgi-yayinevi-cocuk","10":"pa_yazar-zehra-unuvar","12":"first","13":"instock","14":"sale","15":"shipping-taxable","16":"purchasable","17":"product-type-simple"},"_links":{"self":[{"href":"https:\/\/roveyayinevi.com.tr\/index.php\/wp-json\/wp\/v2\/product\/711068","targetHints":{"allow":["GET"]}}],"collection":[{"href":"https:\/\/roveyayinevi.com.tr\/index.php\/wp-json\/wp\/v2\/product"}],"about":[{"href":"https:\/\/roveyayinevi.com.tr\/index.php\/wp-json\/wp\/v2\/types\/product"}],"wp:attachment":[{"href":"https:\/\/roveyayinevi.com.tr\/index.php\/wp-json\/wp\/v2\/media?parent=711068"}],"wp:term":[{"taxonomy":"product_brand","embeddable":true,"href":"https:\/\/roveyayinevi.com.tr\/index.php\/wp-json\/wp\/v2\/product_brand?post=711068"},{"taxonomy":"product_cat","embeddable":true,"href":"https:\/\/roveyayinevi.com.tr\/index.php\/wp-json\/wp\/v2\/product_cat?post=711068"},{"taxonomy":"product_tag","embeddable":true,"href":"https:\/\/roveyayinevi.com.tr\/index.php\/wp-json\/wp\/v2\/product_tag?post=711068"}],"curies":[{"name":"wp","href":"https:\/\/api.w.org\/{rel}","templated":true}]}}