{"id":711067,"date":"2025-08-27T16:41:57","date_gmt":"2025-08-27T13:41:57","guid":{"rendered":"https:\/\/roveyayinevi.com.tr\/index.php\/urun\/yagmur-2\/"},"modified":"2026-04-16T02:19:46","modified_gmt":"2026-04-15T23:19:46","slug":"yagmur-2","status":"publish","type":"product","link":"https:\/\/roveyayinevi.com.tr\/index.php\/urun\/yagmur-2\/","title":{"rendered":"Ya\u011fmur"},"content":{"rendered":"<p>\u201cSabah uyand\u0131m, pencereden bakt\u0131m, ya\u011fmur ya\u011f\u0131yordu!\u201d Bardaktan bo\u015fan\u0131rcas\u0131na ya\u011fmur ya\u011f\u0131yor, k\u00fc\u00e7\u00fck \u00e7ocu\u011fun i\u00e7i i\u00e7ine s\u0131\u011fm\u0131yor, hemen d\u0131\u015far\u0131 \u00e7\u0131kmak istiyor. Ama b\u00fcy\u00fckbabas\u0131 onunla ayn\u0131 fikirde de\u011fil\u2026 yine de en sonunda evden \u00e7\u0131k\u0131yorlar ve inan\u0131lmaz bir macera ya\u015f\u0131yorlar. \u201cUsher \u00e7ocuklar\u0131n o yerinde duramayan sab\u0131rs\u0131zl\u0131\u011f\u0131n\u0131 ve d\u0131\u015far\u0131 \u00e7\u0131kt\u0131klar\u0131nda duyduklar\u0131 kat\u0131ks\u0131z sevinci, ne\u015feyi \u00e7ok iyi yakalam\u0131\u015f.\u201d The Daily Mail <\/p>\n","protected":false},"excerpt":{"rendered":"<p>\u201cSabah uyand\u0131m, pencereden bakt\u0131m, ya\u011fmur ya\u011f\u0131yordu!\u201d Bardaktan bo\u015fan\u0131rcas\u0131na ya\u011fmur ya\u011f\u0131yor, k\u00fc\u00e7\u00fck \u00e7ocu\u011fun i\u00e7i i\u00e7ine s\u0131\u011fm\u0131yor, hemen d\u0131\u015far\u0131 \u00e7\u0131kmak istiyor. Ama b\u00fcy\u00fckbabas\u0131 onunla ayn\u0131 fikirde de\u011fil\u2026 yine<span class=\"excerpt-hellip\"> [\u2026]<\/span><\/p>\n","protected":false},"featured_media":0,"template":"","meta":{"_monsterinsights_skip_tracking":false,"_monsterinsights_sitenote_active":false,"_monsterinsights_sitenote_note":"","_monsterinsights_sitenote_category":0},"product_brand":[],"product_cat":[12913,12274],"product_tag":[],"class_list":{"0":"post-711067","1":"product","2":"type-product","3":"status-publish","5":"product_cat-3-6-yas-kitaplari","6":"product_cat-cocuk-ve-genclik-kitaplari","7":"pa_cilt-ciltsiz","8":"pa_tur-kitap","9":"pa_yayinevi-is-bankasi-kultur-yayinlari","10":"pa_yazar-sam-usher","12":"first","13":"instock","14":"sale","15":"shipping-taxable","16":"purchasable","17":"product-type-simple"},"_links":{"self":[{"href":"https:\/\/roveyayinevi.com.tr\/index.php\/wp-json\/wp\/v2\/product\/711067","targetHints":{"allow":["GET"]}}],"collection":[{"href":"https:\/\/roveyayinevi.com.tr\/index.php\/wp-json\/wp\/v2\/product"}],"about":[{"href":"https:\/\/roveyayinevi.com.tr\/index.php\/wp-json\/wp\/v2\/types\/product"}],"wp:attachment":[{"href":"https:\/\/roveyayinevi.com.tr\/index.php\/wp-json\/wp\/v2\/media?parent=711067"}],"wp:term":[{"taxonomy":"product_brand","embeddable":true,"href":"https:\/\/roveyayinevi.com.tr\/index.php\/wp-json\/wp\/v2\/product_brand?post=711067"},{"taxonomy":"product_cat","embeddable":true,"href":"https:\/\/roveyayinevi.com.tr\/index.php\/wp-json\/wp\/v2\/product_cat?post=711067"},{"taxonomy":"product_tag","embeddable":true,"href":"https:\/\/roveyayinevi.com.tr\/index.php\/wp-json\/wp\/v2\/product_tag?post=711067"}],"curies":[{"name":"wp","href":"https:\/\/api.w.org\/{rel}","templated":true}]}}