{"id":711066,"date":"2025-08-27T16:41:57","date_gmt":"2025-08-27T13:41:57","guid":{"rendered":"https:\/\/roveyayinevi.com.tr\/index.php\/urun\/denemeler-guvenilir-ogutler-ya-da-meselelerin-ozu\/"},"modified":"2026-04-16T02:19:46","modified_gmt":"2026-04-15T23:19:46","slug":"denemeler-guvenilir-ogutler-ya-da-meselelerin-ozu","status":"publish","type":"product","link":"https:\/\/roveyayinevi.com.tr\/index.php\/urun\/denemeler-guvenilir-ogutler-ya-da-meselelerin-ozu\/","title":{"rendered":"Denemeler &#8211; G\u00fcvenilir \u00d6\u011f\u00fctler ya da Meselelerin \u00d6z\u00fc"},"content":{"rendered":"<p>Francis Bacon (1561-1626) : \u00dcnl\u00fc \u0130ngiliz filozof David Hume\u2019un deyi\u015fiyle, Bacon dehas\u0131n\u0131n azametinden ve tutumundaki incelikli, insanc\u0131l nitelikten \u00f6t\u00fcr\u00fc her \u00e7a\u011fda be\u011feniyle kar\u015f\u0131lanm\u0131\u015ft\u0131r. Bilginin g\u00fcc\u00fcn\u00fc vurgulad\u0131\u011f\u0131 Denemeler, bilim ve felsefeyi kal\u0131plar\u0131n bask\u0131s\u0131ndan kurtarmak i\u00e7in yazd\u0131\u011f\u0131 Novum Organum, ideal toplum d\u00fczeniniele ald\u0131\u011f\u0131 Yeni Atlantis ba\u015fl\u0131ca eserlerindendir. \ufffc<\/p>\n","protected":false},"excerpt":{"rendered":"<p>Francis Bacon (1561-1626) : \u00dcnl\u00fc \u0130ngiliz filozof David Hume\u2019un deyi\u015fiyle, Bacon dehas\u0131n\u0131n azametinden ve tutumundaki incelikli, insanc\u0131l nitelikten \u00f6t\u00fcr\u00fc her \u00e7a\u011fda be\u011feniyle kar\u015f\u0131lanm\u0131\u015ft\u0131r. Bilginin g\u00fcc\u00fcn\u00fc vurgulad\u0131\u011f\u0131<span class=\"excerpt-hellip\"> [\u2026]<\/span><\/p>\n","protected":false},"featured_media":0,"template":"","meta":{"_monsterinsights_skip_tracking":false,"_monsterinsights_sitenote_active":false,"_monsterinsights_sitenote_note":"","_monsterinsights_sitenote_category":0},"product_brand":[],"product_cat":[12388],"product_tag":[],"class_list":{"0":"post-711066","1":"product","2":"type-product","3":"status-publish","5":"product_cat-felsefe","6":"pa_cilt-ciltsiz","7":"pa_tur-kitap","8":"pa_yayinevi-is-bankasi-kultur-yayinlari","9":"pa_yazar-francis-bacon","11":"first","12":"instock","13":"sale","14":"shipping-taxable","15":"purchasable","16":"product-type-simple"},"_links":{"self":[{"href":"https:\/\/roveyayinevi.com.tr\/index.php\/wp-json\/wp\/v2\/product\/711066","targetHints":{"allow":["GET"]}}],"collection":[{"href":"https:\/\/roveyayinevi.com.tr\/index.php\/wp-json\/wp\/v2\/product"}],"about":[{"href":"https:\/\/roveyayinevi.com.tr\/index.php\/wp-json\/wp\/v2\/types\/product"}],"wp:attachment":[{"href":"https:\/\/roveyayinevi.com.tr\/index.php\/wp-json\/wp\/v2\/media?parent=711066"}],"wp:term":[{"taxonomy":"product_brand","embeddable":true,"href":"https:\/\/roveyayinevi.com.tr\/index.php\/wp-json\/wp\/v2\/product_brand?post=711066"},{"taxonomy":"product_cat","embeddable":true,"href":"https:\/\/roveyayinevi.com.tr\/index.php\/wp-json\/wp\/v2\/product_cat?post=711066"},{"taxonomy":"product_tag","embeddable":true,"href":"https:\/\/roveyayinevi.com.tr\/index.php\/wp-json\/wp\/v2\/product_tag?post=711066"}],"curies":[{"name":"wp","href":"https:\/\/api.w.org\/{rel}","templated":true}]}}