{"id":711064,"date":"2025-08-27T16:41:56","date_gmt":"2025-08-27T13:41:56","guid":{"rendered":"https:\/\/roveyayinevi.com.tr\/index.php\/urun\/erkekler-kadinlar-ve-tekneler\/"},"modified":"2026-04-16T02:19:46","modified_gmt":"2026-04-15T23:19:46","slug":"erkekler-kadinlar-ve-tekneler","status":"publish","type":"product","link":"https:\/\/roveyayinevi.com.tr\/index.php\/urun\/erkekler-kadinlar-ve-tekneler\/","title":{"rendered":"Erkekler, Kad\u0131nlar ve Tekneler"},"content":{"rendered":"<p>1897&#8217;de, K\u00fcba&#8217;daki ayaklanmaya ili\u015fkin haberini ge\u00e7mek i\u00e7in giri\u015fti\u011fi ilk deneme nerdeyse birfelaketle sonu\u00e7land\u0131; seyahat etti\u011fi Commodore adl\u0131 gemi, 5.000 dolar de\u011ferindeki m\u00fchimmat\u0131ylabatm\u0131\u015f ve tehlike dolu dalgalar aras\u0131na dalmadan hemen \u00f6nce alt\u0131n dolu para kemerini d\u00fc\u015f\u00fcrenCrane&#8212;ki bo\u011fuldu\u011fu bildirilmi\u015fti&#8212;en sonunda, i\u00e7inde kaptan\u0131, a\u015f\u00e7\u0131s\u0131 ve ya\u011fc\u0131s\u0131 olan birpatalyada k\u00fcrek \u00e7ekerek k\u0131y\u0131ya ula\u015fm\u0131\u015ft\u0131. Bu maceran\u0131n sonuncunda d\u00fcnyan\u0131n en m\u00fckemmel k\u0131sahik\u00e2yelerinden biri olan &#8220;A\u00e7\u0131ktaki Tekne&#8221; ortaya \u00e7\u0131km\u0131\u015ft\u0131r.K\u00fcba&#8217;ya ula\u015famayan Crane, New York Journal gazetesi i\u00e7in Yunan-T\u00fcrk sava\u015f\u0131ndan haberge\u00e7mek i\u00e7in Yunanistan&#8217;a gitti. Bu gezisinde kendisine eski bir genelev sahibi olan Cora Taylor e\u015flik ediyordu. Sava\u015f sona erdikten sonra birlikte \u0130ngiltere&#8217;ye; Surrey kentinin Oxted kasabas\u0131na yerle\u015ftiler ve Nisan 1898&#8217;de Crane, K\u00fcba&#8217;daki \u0130spanya-Amerika sava\u015f\u0131ndan, \u00f6ncelikle New York&#8217;taki World gazetesine sonra da Journal&#8217;a haber ge\u00e7mek i\u00e7in bu kasabadan ayr\u0131ld\u0131. Sava\u015f bitince Crane, Yunan sava\u015f\u0131n\u0131 anlatan bir roman olan Active Service&#8217;in (Aktif G\u00f6rev) ilk tasla\u011f\u0131n\u0131 yazd\u0131. Ayr\u0131lmas\u0131n\u0131n \u00fczerinden dokuz ay ge\u00e7mi\u015fti ki nihayet \u0130ngiltere&#8217;de bulunan Cora&#8217;ya d\u00f6nd\u00fc ve Sussex kentinin Brede Y\u00f6resinde 14. y\u00fczy\u0131ldan kalma \u00e7ok de\u011ferli bir malik\u00e2neye yerle\u015fti. Burada, sosyal ve edebi \u00f6zentileriyle budala bir kad\u0131n olan Cora, Crane&#8217;i sosyal tutkular\u0131 konusunda \u015fevke getirerek onun mahv\u0131na yol a\u00e7t\u0131. Aralar\u0131nda Joseph Conrad, Ford Madox Ford, H. G. Wells, Henry James ve Crane&#8217;in bir \u0130rlanda romans\u0131 olan The O&#8217; Ruddy&#8217;i tamamlayan Robert Barr&#8217;\u0131n da oldu\u011fu, edebiyat \u00e7evresinden yak\u0131n arkada\u015flar\u0131ndan olu\u015fan asalaklar s\u00fcr\u00fcs\u00fcyle kendisini e\u011flenceye kapt\u0131rarak parasal y\u00f6nden de peri\u015fan oldu. \u2026 Stephen Crane, \u00f6yk\u00fcleriyle, ilk kez okurla bulu\u015fuyor\u2026 Arka kapaktan\u2026 <\/p>\n","protected":false},"excerpt":{"rendered":"<p>1897&#8217;de, K\u00fcba&#8217;daki ayaklanmaya ili\u015fkin haberini ge\u00e7mek i\u00e7in giri\u015fti\u011fi ilk deneme nerdeyse birfelaketle sonu\u00e7land\u0131; seyahat etti\u011fi Commodore adl\u0131 gemi, 5.000 dolar de\u011ferindeki m\u00fchimmat\u0131ylabatm\u0131\u015f ve tehlike dolu dalgalar<span class=\"excerpt-hellip\"> [\u2026]<\/span><\/p>\n","protected":false},"featured_media":0,"template":"","meta":{"_monsterinsights_skip_tracking":false,"_monsterinsights_sitenote_active":false,"_monsterinsights_sitenote_note":"","_monsterinsights_sitenote_category":0},"product_brand":[],"product_cat":[12291,12711],"product_tag":[],"class_list":{"0":"post-711064","1":"product","2":"type-product","3":"status-publish","5":"product_cat-edebiyat","6":"product_cat-roman-oyku","7":"pa_cilt-ciltsiz","8":"pa_tur-kitap","9":"pa_yayinevi-medakitap-yayinlari","10":"pa_yazar-stephen-crane","12":"first","13":"instock","14":"sale","15":"shipping-taxable","16":"purchasable","17":"product-type-simple"},"_links":{"self":[{"href":"https:\/\/roveyayinevi.com.tr\/index.php\/wp-json\/wp\/v2\/product\/711064","targetHints":{"allow":["GET"]}}],"collection":[{"href":"https:\/\/roveyayinevi.com.tr\/index.php\/wp-json\/wp\/v2\/product"}],"about":[{"href":"https:\/\/roveyayinevi.com.tr\/index.php\/wp-json\/wp\/v2\/types\/product"}],"wp:attachment":[{"href":"https:\/\/roveyayinevi.com.tr\/index.php\/wp-json\/wp\/v2\/media?parent=711064"}],"wp:term":[{"taxonomy":"product_brand","embeddable":true,"href":"https:\/\/roveyayinevi.com.tr\/index.php\/wp-json\/wp\/v2\/product_brand?post=711064"},{"taxonomy":"product_cat","embeddable":true,"href":"https:\/\/roveyayinevi.com.tr\/index.php\/wp-json\/wp\/v2\/product_cat?post=711064"},{"taxonomy":"product_tag","embeddable":true,"href":"https:\/\/roveyayinevi.com.tr\/index.php\/wp-json\/wp\/v2\/product_tag?post=711064"}],"curies":[{"name":"wp","href":"https:\/\/api.w.org\/{rel}","templated":true}]}}