{"id":711063,"date":"2025-08-27T16:41:55","date_gmt":"2025-08-27T13:41:55","guid":{"rendered":"https:\/\/roveyayinevi.com.tr\/index.php\/urun\/sarilalim-mi\/"},"modified":"2025-11-22T04:23:29","modified_gmt":"2025-11-22T01:23:29","slug":"sarilalim-mi","status":"publish","type":"product","link":"https:\/\/roveyayinevi.com.tr\/index.php\/urun\/sarilalim-mi\/","title":{"rendered":"Sar\u0131lal\u0131m m\u0131?"},"content":{"rendered":"<p>Bazen sadece her \u015feyin yolunda oldu\u011funu hissettirecek s\u0131cac\u0131k bir kucak arars\u0131n\u2026\u0130\u015fte k\u00fc\u00e7\u00fck kakt\u00fcs Pon\u00e7ik\u2019in ihtiyac\u0131 olan da buydu. Kocaman, s\u0131cac\u0131k bir kucak. Fakat ailesi dokunmay\u0131 pek sevmiyordu. Kakt\u00fcsler \u00f6yledir zaten, dokunmak istesen bile biraz dikenli davranabilirler\u2026 Pon\u00e7ik de biraz dikenliydi asl\u0131nda. Ama s\u0131rf bu y\u00fczden sar\u0131lmaktan vazge\u00e7ecek de\u011fildi. D\u0131\u015f\u0131 dikenli olabilirdi ama i\u00e7i yumu\u015fac\u0131kt\u0131! Dikenler onu durduramazd\u0131! Ve bir g\u00fcn, i\u00e7inden geldi\u011fi gibi kocaman sar\u0131labilece\u011fi bir arkada\u015f bulmak i\u00e7in yola \u00e7\u0131kt\u0131. <\/p>\n","protected":false},"excerpt":{"rendered":"<p>Bazen sadece her \u015feyin yolunda oldu\u011funu hissettirecek s\u0131cac\u0131k bir kucak arars\u0131n\u2026\u0130\u015fte k\u00fc\u00e7\u00fck kakt\u00fcs Pon\u00e7ik\u2019in ihtiyac\u0131 olan da buydu. Kocaman, s\u0131cac\u0131k bir kucak. Fakat ailesi dokunmay\u0131 pek<span class=\"excerpt-hellip\"> [\u2026]<\/span><\/p>\n","protected":false},"featured_media":0,"template":"","meta":{"_monsterinsights_skip_tracking":false,"_monsterinsights_sitenote_active":false,"_monsterinsights_sitenote_note":"","_monsterinsights_sitenote_category":0},"product_brand":[],"product_cat":[12913,12274],"product_tag":[],"class_list":{"0":"post-711063","1":"product","2":"type-product","3":"status-publish","5":"product_cat-3-6-yas-kitaplari","6":"product_cat-cocuk-ve-genclik-kitaplari","7":"pa_cilt-ciltsiz","8":"pa_tur-kitap","9":"pa_yayinevi-taze-kitap","10":"pa_yazar-simona-ciraolo","12":"first","13":"instock","14":"sale","15":"shipping-taxable","16":"purchasable","17":"product-type-simple"},"_links":{"self":[{"href":"https:\/\/roveyayinevi.com.tr\/index.php\/wp-json\/wp\/v2\/product\/711063","targetHints":{"allow":["GET"]}}],"collection":[{"href":"https:\/\/roveyayinevi.com.tr\/index.php\/wp-json\/wp\/v2\/product"}],"about":[{"href":"https:\/\/roveyayinevi.com.tr\/index.php\/wp-json\/wp\/v2\/types\/product"}],"wp:attachment":[{"href":"https:\/\/roveyayinevi.com.tr\/index.php\/wp-json\/wp\/v2\/media?parent=711063"}],"wp:term":[{"taxonomy":"product_brand","embeddable":true,"href":"https:\/\/roveyayinevi.com.tr\/index.php\/wp-json\/wp\/v2\/product_brand?post=711063"},{"taxonomy":"product_cat","embeddable":true,"href":"https:\/\/roveyayinevi.com.tr\/index.php\/wp-json\/wp\/v2\/product_cat?post=711063"},{"taxonomy":"product_tag","embeddable":true,"href":"https:\/\/roveyayinevi.com.tr\/index.php\/wp-json\/wp\/v2\/product_tag?post=711063"}],"curies":[{"name":"wp","href":"https:\/\/api.w.org\/{rel}","templated":true}]}}