{"id":711062,"date":"2025-08-27T16:41:55","date_gmt":"2025-08-27T13:41:55","guid":{"rendered":"https:\/\/roveyayinevi.com.tr\/index.php\/urun\/genc-bir-saire-ogutler\/"},"modified":"2026-04-16T02:19:46","modified_gmt":"2026-04-15T23:19:46","slug":"genc-bir-saire-ogutler","status":"publish","type":"product","link":"https:\/\/roveyayinevi.com.tr\/index.php\/urun\/genc-bir-saire-ogutler\/","title":{"rendered":"Gen\u00e7 Bir \u015eaire \u00d6\u011f\u00fctler"},"content":{"rendered":"<p>\u201cS\u0131ras\u0131nda bir Roma imparatoru s\u0131ras\u0131nda bir Yahudi peygamberi, s\u0131ras\u0131nda dazingirdek bir \u00e7ocuk\u2026\u201dFrans\u0131z edebiyat\u0131n\u0131n s\u0131rad\u0131\u015f\u0131 kalemi Max Jacob\u2019un \u201cGen\u00e7 Bir \u015eaire \u00d6\u011f\u00fctler\u201dinden,Apollinaire ile Tzara\u2019ya yazd\u0131\u011f\u0131 mektuplardan ve d\u00fcz\u015fiirlerinin yer ald\u0131\u011f\u0131 \u201cZarBoynuzu\u201dndan m\u00fcte\u015fekkil bu derleme, Sal\u00e2h Birsel\u2019in \u00f6zg\u00fcn T\u00fcrk\u00e7ele\u015ftirmesiyleyeniden okur kar\u015f\u0131s\u0131nda. <\/p>\n","protected":false},"excerpt":{"rendered":"<p>\u201cS\u0131ras\u0131nda bir Roma imparatoru s\u0131ras\u0131nda bir Yahudi peygamberi, s\u0131ras\u0131nda dazingirdek bir \u00e7ocuk\u2026\u201dFrans\u0131z edebiyat\u0131n\u0131n s\u0131rad\u0131\u015f\u0131 kalemi Max Jacob\u2019un \u201cGen\u00e7 Bir \u015eaire \u00d6\u011f\u00fctler\u201dinden,Apollinaire ile Tzara\u2019ya yazd\u0131\u011f\u0131 mektuplardan ve<span class=\"excerpt-hellip\"> [\u2026]<\/span><\/p>\n","protected":false},"featured_media":0,"template":"","meta":{"_monsterinsights_skip_tracking":false,"_monsterinsights_sitenote_active":false,"_monsterinsights_sitenote_note":"","_monsterinsights_sitenote_category":0},"product_brand":[],"product_cat":[12777,12291],"product_tag":[],"class_list":{"0":"post-711062","1":"product","2":"type-product","3":"status-publish","5":"product_cat-deneme","6":"product_cat-edebiyat","7":"pa_cilt-ciltsiz","8":"pa_tur-kitap","9":"pa_yayinevi-sel-yayincilik","10":"pa_yazar-max-jacob","12":"first","13":"instock","14":"sale","15":"shipping-taxable","16":"purchasable","17":"product-type-simple"},"_links":{"self":[{"href":"https:\/\/roveyayinevi.com.tr\/index.php\/wp-json\/wp\/v2\/product\/711062","targetHints":{"allow":["GET"]}}],"collection":[{"href":"https:\/\/roveyayinevi.com.tr\/index.php\/wp-json\/wp\/v2\/product"}],"about":[{"href":"https:\/\/roveyayinevi.com.tr\/index.php\/wp-json\/wp\/v2\/types\/product"}],"wp:attachment":[{"href":"https:\/\/roveyayinevi.com.tr\/index.php\/wp-json\/wp\/v2\/media?parent=711062"}],"wp:term":[{"taxonomy":"product_brand","embeddable":true,"href":"https:\/\/roveyayinevi.com.tr\/index.php\/wp-json\/wp\/v2\/product_brand?post=711062"},{"taxonomy":"product_cat","embeddable":true,"href":"https:\/\/roveyayinevi.com.tr\/index.php\/wp-json\/wp\/v2\/product_cat?post=711062"},{"taxonomy":"product_tag","embeddable":true,"href":"https:\/\/roveyayinevi.com.tr\/index.php\/wp-json\/wp\/v2\/product_tag?post=711062"}],"curies":[{"name":"wp","href":"https:\/\/api.w.org\/{rel}","templated":true}]}}