{"id":711061,"date":"2025-08-27T16:41:54","date_gmt":"2025-08-27T13:41:54","guid":{"rendered":"https:\/\/roveyayinevi.com.tr\/index.php\/urun\/edebiyat-heveslisi-gencler-tavsiyeler\/"},"modified":"2026-04-16T02:19:46","modified_gmt":"2026-04-15T23:19:46","slug":"edebiyat-heveslisi-gencler-tavsiyeler","status":"publish","type":"product","link":"https:\/\/roveyayinevi.com.tr\/index.php\/urun\/edebiyat-heveslisi-gencler-tavsiyeler\/","title":{"rendered":"Edebiyat Heveslisi Gen\u00e7ler Tavsiyeler"},"content":{"rendered":"<p>Frans\u0131z edebiyat\u0131n\u0131n devrimci kalemi Baudelaire, edebiyat bah\u00e7esindeki tecr\u00fcbe meyvelerini hevesk\u00e2r gen\u00e7lerle payla\u015f\u0131yor.Esin kaynaklar\u0131n\u0131, \u00e7al\u0131\u015fma y\u00f6ntemlerini, \u015f\u00f6hretin getirdi\u011fi handikaplar\u0131, ele\u015ftirilerle g\u00f6\u011f\u00fcs g\u00f6\u011f\u00fcse \u00e7arp\u0131\u015fmak ve ba\u015far\u0131l\u0131 bir kalem\u015f\u00f6r olmak i\u00e7in uygulanmas\u0131 gereken y\u00f6ntemleri ad\u0131m ad\u0131m, samimiyetle aktar\u0131yor.\u201c <\/p>\n","protected":false},"excerpt":{"rendered":"<p>Frans\u0131z edebiyat\u0131n\u0131n devrimci kalemi Baudelaire, edebiyat bah\u00e7esindeki tecr\u00fcbe meyvelerini hevesk\u00e2r gen\u00e7lerle payla\u015f\u0131yor.Esin kaynaklar\u0131n\u0131, \u00e7al\u0131\u015fma y\u00f6ntemlerini, \u015f\u00f6hretin getirdi\u011fi handikaplar\u0131, ele\u015ftirilerle g\u00f6\u011f\u00fcs g\u00f6\u011f\u00fcse \u00e7arp\u0131\u015fmak ve ba\u015far\u0131l\u0131 bir kalem\u015f\u00f6r<span class=\"excerpt-hellip\"> [\u2026]<\/span><\/p>\n","protected":false},"featured_media":0,"template":"","meta":{"_monsterinsights_skip_tracking":false,"_monsterinsights_sitenote_active":false,"_monsterinsights_sitenote_note":"","_monsterinsights_sitenote_category":0},"product_brand":[],"product_cat":[13072,12291],"product_tag":[],"class_list":{"0":"post-711061","1":"product","2":"type-product","3":"status-publish","5":"product_cat-arastirma-inceleme-referans","6":"product_cat-edebiyat","7":"pa_cilt-ciltsiz","8":"pa_tur-kitap","9":"pa_yayinevi-sel-yayincilik","10":"pa_yazar-charles-baudelaire","12":"first","13":"instock","14":"sale","15":"shipping-taxable","16":"purchasable","17":"product-type-simple"},"_links":{"self":[{"href":"https:\/\/roveyayinevi.com.tr\/index.php\/wp-json\/wp\/v2\/product\/711061","targetHints":{"allow":["GET"]}}],"collection":[{"href":"https:\/\/roveyayinevi.com.tr\/index.php\/wp-json\/wp\/v2\/product"}],"about":[{"href":"https:\/\/roveyayinevi.com.tr\/index.php\/wp-json\/wp\/v2\/types\/product"}],"wp:attachment":[{"href":"https:\/\/roveyayinevi.com.tr\/index.php\/wp-json\/wp\/v2\/media?parent=711061"}],"wp:term":[{"taxonomy":"product_brand","embeddable":true,"href":"https:\/\/roveyayinevi.com.tr\/index.php\/wp-json\/wp\/v2\/product_brand?post=711061"},{"taxonomy":"product_cat","embeddable":true,"href":"https:\/\/roveyayinevi.com.tr\/index.php\/wp-json\/wp\/v2\/product_cat?post=711061"},{"taxonomy":"product_tag","embeddable":true,"href":"https:\/\/roveyayinevi.com.tr\/index.php\/wp-json\/wp\/v2\/product_tag?post=711061"}],"curies":[{"name":"wp","href":"https:\/\/api.w.org\/{rel}","templated":true}]}}