{"id":711058,"date":"2025-08-27T16:41:52","date_gmt":"2025-08-27T13:41:52","guid":{"rendered":"https:\/\/roveyayinevi.com.tr\/index.php\/urun\/cukur-2\/"},"modified":"2026-04-03T02:25:21","modified_gmt":"2026-04-02T23:25:21","slug":"cukur-2","status":"publish","type":"product","link":"https:\/\/roveyayinevi.com.tr\/index.php\/urun\/cukur-2\/","title":{"rendered":"\u00c7ukur"},"content":{"rendered":"<p>Alt\u0131parmak Da\u011flar\u0131\u2019n\u0131n avcuna g\u00f6m\u00fclm\u00fc\u015f, bekliyor \u00f6ks\u00fcz, k\u00f6ks\u00fcz \u00c7ukur. \u00d6lm\u00fc\u015f\u00fc\u00e7ok, gidenlerden d\u00f6nm\u00fc\u015f\u00fc yok: En kalabal\u0131k meydan kabristan. \u00d6l\u00fclerhat\u0131rlanmak, diriler deprem bekliyor.Berrin Karaka\u015f ihanetin, bekleyi\u015fin, k\u00f6t\u00fcl\u00fc\u011f\u00fcn, \u00fcmitsiz a\u015fklar\u0131nsarst\u0131\u011f\u0131 \u00c7ukur\u2019da, bizi bir sarmal\u0131n i\u00e7ine; cevaps\u0131z sorular\u0131n, sonu\u00e7suzhesapla\u015fmalar\u0131n, beyhude beklentilerin ve \u015fifas\u0131z ac\u0131lar\u0131n tam ortas\u0131nas\u00fcr\u00fckl\u00fcyor.Bir mucize gerek. Ve bir bela, bir kurban. Belalar ve mucizeler yan yana y\u00fcr\u00fcyor\u00c7ukur\u2019da.Sat\u0131\u015f <\/p>\n","protected":false},"excerpt":{"rendered":"<p>Alt\u0131parmak Da\u011flar\u0131\u2019n\u0131n avcuna g\u00f6m\u00fclm\u00fc\u015f, bekliyor \u00f6ks\u00fcz, k\u00f6ks\u00fcz \u00c7ukur. \u00d6lm\u00fc\u015f\u00fc\u00e7ok, gidenlerden d\u00f6nm\u00fc\u015f\u00fc yok: En kalabal\u0131k meydan kabristan. \u00d6l\u00fclerhat\u0131rlanmak, diriler deprem bekliyor.Berrin Karaka\u015f ihanetin, bekleyi\u015fin, k\u00f6t\u00fcl\u00fc\u011f\u00fcn, \u00fcmitsiz a\u015fklar\u0131nsarst\u0131\u011f\u0131<span class=\"excerpt-hellip\"> [\u2026]<\/span><\/p>\n","protected":false},"featured_media":0,"template":"","meta":{"_monsterinsights_skip_tracking":false,"_monsterinsights_sitenote_active":false,"_monsterinsights_sitenote_note":"","_monsterinsights_sitenote_category":0},"product_brand":[],"product_cat":[12291,12711],"product_tag":[],"class_list":{"0":"post-711058","1":"product","2":"type-product","3":"status-publish","5":"product_cat-edebiyat","6":"product_cat-roman-oyku","7":"pa_cilt-ciltsiz","8":"pa_tur-kitap","9":"pa_yayinevi-sel-yayincilik","10":"pa_yazar-berrin-karakas","12":"first","13":"instock","14":"sale","15":"shipping-taxable","16":"purchasable","17":"product-type-simple"},"_links":{"self":[{"href":"https:\/\/roveyayinevi.com.tr\/index.php\/wp-json\/wp\/v2\/product\/711058","targetHints":{"allow":["GET"]}}],"collection":[{"href":"https:\/\/roveyayinevi.com.tr\/index.php\/wp-json\/wp\/v2\/product"}],"about":[{"href":"https:\/\/roveyayinevi.com.tr\/index.php\/wp-json\/wp\/v2\/types\/product"}],"wp:attachment":[{"href":"https:\/\/roveyayinevi.com.tr\/index.php\/wp-json\/wp\/v2\/media?parent=711058"}],"wp:term":[{"taxonomy":"product_brand","embeddable":true,"href":"https:\/\/roveyayinevi.com.tr\/index.php\/wp-json\/wp\/v2\/product_brand?post=711058"},{"taxonomy":"product_cat","embeddable":true,"href":"https:\/\/roveyayinevi.com.tr\/index.php\/wp-json\/wp\/v2\/product_cat?post=711058"},{"taxonomy":"product_tag","embeddable":true,"href":"https:\/\/roveyayinevi.com.tr\/index.php\/wp-json\/wp\/v2\/product_tag?post=711058"}],"curies":[{"name":"wp","href":"https:\/\/api.w.org\/{rel}","templated":true}]}}